{"id":7777,"date":"2024-05-20T12:21:38","date_gmt":"2024-05-20T11:21:38","guid":{"rendered":"https:\/\/agenciaseonetbulb.com\/noticias\/?page_id=7777"},"modified":"2024-10-08T19:33:12","modified_gmt":"2024-10-08T18:33:12","slug":"como-funcionan-los-motores-de-busqueda","status":"publish","type":"page","link":"https:\/\/agenciaseonetbulb.com\/noticias\/guia-de-seo\/como-funcionan-los-motores-de-busqueda\/","title":{"rendered":"C\u00f3mo Funcionan los Motores de B\u00fasqueda: Rastreo, Indexaci\u00f3n y Clasificaci\u00f3n"},"content":{"rendered":"\n<p>Para poder optimizar efectivamente tu sitio web y mejorar su visibilidad en los motores de b\u00fasqueda, es crucial comprender c\u00f3mo funcionan estos motores. Este cap\u00edtulo te guiar\u00e1 a trav\u00e9s de los tres procesos fundamentales de los motores de b\u00fasqueda: rastreo, indexaci\u00f3n y clasificaci\u00f3n. Al entender estos procesos, podr\u00e1s aplicar estrategias SEO m\u00e1s eficaces y dirigidas.<\/p>\n\n\n\n<figure class=\"wp-block-image size-large\"><img fetchpriority=\"high\" decoding=\"async\" width=\"1024\" height=\"435\" src=\"https:\/\/agenciaseonetbulb.com\/noticias\/wp-content\/imagenes\/2024\/05\/como-uncionan-los-motores-de-bsqueda-1024x435.png\" alt=\"guia de seo C\u00f3mo Funcionan los Motores de B\u00fasqueda: Rastreo, Indexaci\u00f3n y Clasificaci\u00f3n\" class=\"wp-image-7858\" title=\"\" srcset=\"https:\/\/agenciaseonetbulb.com\/noticias\/wp-content\/imagenes\/2024\/05\/como-uncionan-los-motores-de-bsqueda-1024x435.png 1024w, https:\/\/agenciaseonetbulb.com\/noticias\/wp-content\/imagenes\/2024\/05\/como-uncionan-los-motores-de-bsqueda-300x128.png 300w, https:\/\/agenciaseonetbulb.com\/noticias\/wp-content\/imagenes\/2024\/05\/como-uncionan-los-motores-de-bsqueda-768x326.png 768w, https:\/\/agenciaseonetbulb.com\/noticias\/wp-content\/imagenes\/2024\/05\/como-uncionan-los-motores-de-bsqueda-450x191.png 450w, https:\/\/agenciaseonetbulb.com\/noticias\/wp-content\/imagenes\/2024\/05\/como-uncionan-los-motores-de-bsqueda-780x332.png 780w, https:\/\/agenciaseonetbulb.com\/noticias\/wp-content\/imagenes\/2024\/05\/como-uncionan-los-motores-de-bsqueda-150x64.png 150w, https:\/\/agenciaseonetbulb.com\/noticias\/wp-content\/imagenes\/2024\/05\/como-uncionan-los-motores-de-bsqueda.png 1200w\" sizes=\"(max-width: 1024px) 100vw, 1024px\" \/><\/figure>\n\n\n\n<h2 class=\"wp-block-heading\">Rastreo<\/h2>\n\n\n\n<h3 class=\"wp-block-heading\"><strong>\u00bfQu\u00e9 es el rastreo?<\/strong><\/h3>\n\n\n\n<p>El rastreo es el primer paso en el proceso de b\u00fasqueda. Es el m\u00e9todo mediante el cual los motores de b\u00fasqueda env\u00edan programas automatizados, conocidos como bots, ara\u00f1as o <a href=\"https:\/\/agenciaseonetbulb.com\/noticias\/diccionario-seo\/que-son-crawlers\/\">crawlers<\/a>, a trav\u00e9s de la web para descubrir nuevo contenido o actualizar contenido existente. Estos bots siguen enlaces de una p\u00e1gina a otra, recopilando informaci\u00f3n sobre cada sitio que visitan.<\/p>\n\n\n\n<h3 class=\"wp-block-heading\"><strong>C\u00f3mo funcionan los bots de rastreo:<\/strong><\/h3>\n\n\n\n<ol class=\"wp-block-list\">\n<li><strong>Descubrimiento de URL:<\/strong>\n<ul class=\"wp-block-list\">\n<li>Los bots comienzan con una lista de URLs conocidas, que puede incluir sitios web populares y URLs descubiertas en rastreos anteriores.<\/li>\n\n\n\n<li>Tambi\u00e9n pueden descubrir nuevas URLs a trav\u00e9s de enlaces en las p\u00e1ginas que visitan. Esto incluye enlaces internos (dentro del mismo sitio) y enlaces externos (hacia otros sitios).<\/li>\n<\/ul>\n<\/li>\n\n\n\n<li><strong>Visita a las p\u00e1ginas:<\/strong>\n<ul class=\"wp-block-list\">\n<li>Una vez que los bots encuentran una URL, visitan la p\u00e1gina y leen su contenido.<\/li>\n\n\n\n<li>Capturan el contenido de la p\u00e1gina, incluidas las palabras clave, las etiquetas de t\u00edtulo, las meta descripciones, las im\u00e1genes, los videos y otros elementos multimedia.<\/li>\n<\/ul>\n<\/li>\n\n\n\n<li><strong>Siguimiento de enlaces:<\/strong>\n<ul class=\"wp-block-list\">\n<li>Los bots siguen los enlaces en la p\u00e1gina a otras URLs. Este proceso les permite descubrir y rastrear una red interconectada de p\u00e1ginas web.<\/li>\n<\/ul>\n<\/li>\n<\/ol>\n\n\n\n<h3 class=\"wp-block-heading\"><strong>Ejemplo de rastreo:<\/strong><\/h3>\n\n\n\n<p>Imagina que tienes un blog sobre recetas de cocina. Publicas una nueva receta para \u00abpastel de chocolate\u00bb. Los bots de los motores de b\u00fasqueda rastrean tu sitio web y encuentran la nueva receta siguiendo enlaces internos desde tu p\u00e1gina principal o desde otros art\u00edculos relacionados con postres. Visitan la p\u00e1gina de la receta, leen su contenido y capturan toda la informaci\u00f3n relevante.<\/p>\n\n\n\n<h3 class=\"wp-block-heading\"><strong>Factores que afectan el rastreo:<\/strong><\/h3>\n\n\n\n<ul class=\"wp-block-list\">\n<li><strong>Estructura del sitio:<\/strong>\n<ul class=\"wp-block-list\">\n<li>Una estructura clara y bien organizada facilita el trabajo de los bots. Utilizar una estructura de enlaces l\u00f3gicos y bien distribuidos ayuda a los bots a encontrar y rastrear todas las p\u00e1ginas de tu sitio.<\/li>\n<\/ul>\n<\/li>\n\n\n\n<li><strong>Enlaces internos:<\/strong>\n<ul class=\"wp-block-list\">\n<li>Los enlaces entre tus propias p\u00e1ginas son cruciales. Cuantos m\u00e1s enlaces internos utilices de manera l\u00f3gica y coherente, m\u00e1s f\u00e1cil ser\u00e1 para los bots descubrir y rastrear tu contenido.<\/li>\n<\/ul>\n<\/li>\n\n\n\n<li><strong>Archivos robots.txt:<\/strong>\n<ul class=\"wp-block-list\">\n<li>Puedes usar este archivo para guiar a los bots sobre qu\u00e9 partes de tu sitio deben y no deben rastrear. Por ejemplo, puedes bloquear ciertas secciones que no deseas que sean indexadas, como p\u00e1ginas de administraci\u00f3n o p\u00e1ginas de prueba.<\/li>\n<\/ul>\n<\/li>\n<\/ul>\n\n\n\n<h2 class=\"wp-block-heading\">Indexaci\u00f3n <\/h2>\n\n\n\n<h3 class=\"wp-block-heading\"><strong>\u00bfQu\u00e9 es la indexaci\u00f3n?<\/strong><\/h3>\n\n\n\n<figure class=\"wp-block-image size-large\"><img decoding=\"async\" width=\"1024\" height=\"442\" src=\"https:\/\/agenciaseonetbulb.com\/noticias\/wp-content\/imagenes\/2024\/05\/image-18-1024x442.png\" alt=\"indexar p\u00e1ginas en search console\" class=\"wp-image-7975\" title=\"\" srcset=\"https:\/\/agenciaseonetbulb.com\/noticias\/wp-content\/imagenes\/2024\/05\/image-18-1024x442.png 1024w, https:\/\/agenciaseonetbulb.com\/noticias\/wp-content\/imagenes\/2024\/05\/image-18-300x129.png 300w, https:\/\/agenciaseonetbulb.com\/noticias\/wp-content\/imagenes\/2024\/05\/image-18-768x331.png 768w, https:\/\/agenciaseonetbulb.com\/noticias\/wp-content\/imagenes\/2024\/05\/image-18-1536x662.png 1536w, https:\/\/agenciaseonetbulb.com\/noticias\/wp-content\/imagenes\/2024\/05\/image-18-450x194.png 450w, https:\/\/agenciaseonetbulb.com\/noticias\/wp-content\/imagenes\/2024\/05\/image-18-780x336.png 780w, https:\/\/agenciaseonetbulb.com\/noticias\/wp-content\/imagenes\/2024\/05\/image-18-150x65.png 150w, https:\/\/agenciaseonetbulb.com\/noticias\/wp-content\/imagenes\/2024\/05\/image-18.png 1565w\" sizes=\"(max-width: 1024px) 100vw, 1024px\" \/><\/figure>\n\n\n\n<p>Una vez que una p\u00e1gina ha sido rastreada, los motores de b\u00fasqueda deben almacenar y organizar la informaci\u00f3n recopilada para poder mostrarla en los resultados de b\u00fasqueda. Este proceso se conoce como indexaci\u00f3n. <\/p>\n\n\n\n<p>La indexaci\u00f3n implica analizar y categorizar el contenido de la p\u00e1gina para agregarlo a un \u00edndice, que es una gigantesca base de datos de todo el contenido descubierto por los bots.<\/p>\n\n\n\n<h3 class=\"wp-block-heading\"><strong>C\u00f3mo se indexa el contenido:<\/strong><\/h3>\n\n\n\n<ol class=\"wp-block-list\">\n<li><strong>An\u00e1lisis de la p\u00e1gina:<\/strong>\n<ul class=\"wp-block-list\">\n<li>Los motores de b\u00fasqueda examinan el contenido de la p\u00e1gina, incluyendo el texto, las im\u00e1genes, los videos y otros elementos multimedia.<\/li>\n\n\n\n<li>Tambi\u00e9n analizan las etiquetas HTML y los metadatos, como las etiquetas de t\u00edtulo, las meta descripciones y las etiquetas <a href=\"https:\/\/agenciaseonetbulb.com\/noticias\/diccionario-seo\/que-es-la-etiqueta-alt\/\">alt<\/a> de las im\u00e1genes.<\/li>\n<\/ul>\n<\/li>\n\n\n\n<li><strong>Metadatos y etiquetas:<\/strong>\n<ul class=\"wp-block-list\">\n<li>Los motores de b\u00fasqueda tambi\u00e9n tienen en cuenta los metadatos y las etiquetas para entender mejor de qu\u00e9 trata la p\u00e1gina y c\u00f3mo deber\u00eda ser categorizada.<\/li>\n<\/ul>\n<\/li>\n\n\n\n<li><strong>Contexto y relevancia:<\/strong>\n<ul class=\"wp-block-list\">\n<li>Se eval\u00faa el contexto y la relevancia del contenido para diferentes consultas de b\u00fasqueda. Los motores de b\u00fasqueda intentan entender el tema de la p\u00e1gina y c\u00f3mo se relaciona con otros contenidos en su \u00edndice.<\/li>\n<\/ul>\n<\/li>\n<\/ol>\n\n\n\n<h3 class=\"wp-block-heading\"><strong>Ejemplo de indexaci\u00f3n:<\/strong><\/h3>\n\n\n\n<p>Supongamos que tienes una p\u00e1gina en tu web de jardiner\u00eda sobre \u00abc\u00f3mo plantar tomates\u00bb. Los motores de b\u00fasqueda analizar\u00e1n el texto de la p\u00e1gina, las im\u00e1genes de los tomates y las etiquetas asociadas (como \u00abplantaci\u00f3n de tomates\u00bb, \u00abconsejos para jardineros\u00bb, etc.) para comprender de qu\u00e9 se trata la p\u00e1gina. Una vez comprendido, esta informaci\u00f3n se almacena en el \u00edndice del motor de b\u00fasqueda.<\/p>\n\n\n\n<p><strong>Factores que afectan la indexaci\u00f3n:<\/strong><\/p>\n\n\n\n<ul class=\"wp-block-list\">\n<li><strong>Contenido duplicado:<\/strong>\n<ul class=\"wp-block-list\">\n<li>Las p\u00e1ginas con contenido duplicado pueden no ser indexadas o pueden ser penalizadas. Es importante asegurarse de que cada p\u00e1gina tenga contenido \u00fanico y valioso.<\/li>\n<\/ul>\n<\/li>\n\n\n\n<li><strong>Metaetiquetas:<\/strong>\n<ul class=\"wp-block-list\">\n<li>Metaetiquetas mal configuradas pueden dificultar la indexaci\u00f3n correcta. Aseg\u00farate de que las etiquetas de t\u00edtulo y las meta descripciones sean precisas y descriptivas.<\/li>\n<\/ul>\n<\/li>\n\n\n\n<li><strong>Directivas de robots:<\/strong>\n<ul class=\"wp-block-list\">\n<li>Las directivas como \u00abnoindex\u00bb pueden evitar que una p\u00e1gina sea indexada. Estas directivas pueden ser \u00fatiles para controlar qu\u00e9 contenido deseas que sea visible en los motores de b\u00fasqueda.<\/li>\n<\/ul>\n<\/li>\n<\/ul>\n\n\n\n<p class=\"has-black-color has-cyan-bluish-gray-background-color has-text-color has-background has-link-color wp-elements-24f80e6c30c652b0b17657cb9c7f8006\">\u25b6 <strong>Te puede interesar:<\/strong> <a href=\"https:\/\/agenciaseonetbulb.com\/noticias\/que-es-google-search-console\/\" data-type=\"link\" data-id=\"https:\/\/agenciaseonetbulb.com\/noticias\/que-es-google-search-console\/\">Google Search Console, un tutorial completo sobre la herramienta para webmasters<\/a><\/p>\n\n\n\n<h2 class=\"wp-block-heading\">Clasificaci\u00f3n<\/h2>\n\n\n\n<h3 class=\"wp-block-heading\"><strong>\u00bfQu\u00e9 es la clasificaci\u00f3n?<\/strong><\/h3>\n\n\n\n<p>La clasificaci\u00f3n es el proceso mediante el cual los motores de b\u00fasqueda ordenan y priorizan los resultados de b\u00fasqueda en funci\u00f3n de su relevancia para una consulta espec\u00edfica. Cuando un usuario realiza una b\u00fasqueda, los motores de b\u00fasqueda revisan su \u00edndice para encontrar las p\u00e1ginas m\u00e1s relevantes y las presentan en un orden determinado.<\/p>\n\n\n\n<h3 class=\"wp-block-heading\"><strong>C\u00f3mo se clasifica el contenido:<\/strong><\/h3>\n\n\n\n<ol class=\"wp-block-list\">\n<li><strong>Relevancia de la consulta:<\/strong>\n<ul class=\"wp-block-list\">\n<li>Los motores de b\u00fasqueda comparan las palabras clave en la consulta del usuario con el contenido indexado para encontrar las p\u00e1ginas m\u00e1s relevantes.<\/li>\n<\/ul>\n<\/li>\n\n\n\n<li><strong>Autoridad del sitio:<\/strong>\n<ul class=\"wp-block-list\">\n<li>La autoridad de un sitio web, medida en parte por la cantidad y calidad de los enlaces entrantes, influye significativamente en la clasificaci\u00f3n. Un sitio con muchos enlaces de alta calidad se considerar\u00e1 m\u00e1s autoritario y confiable.<\/li>\n<\/ul>\n<\/li>\n\n\n\n<li><strong>Experiencia del usuario:<\/strong>\n<ul class=\"wp-block-list\">\n<li>Factores como la velocidad de carga, la compatibilidad m\u00f3vil y la facilidad de uso tambi\u00e9n afectan la clasificaci\u00f3n. Los motores de b\u00fasqueda prefieren mostrar p\u00e1ginas que ofrezcan una buena experiencia al usuario.<\/li>\n<\/ul>\n<\/li>\n<\/ol>\n\n\n\n<h3 class=\"wp-block-heading\"><strong>Ejemplo de clasificaci\u00f3n:<\/strong><\/h3>\n\n\n\n<p>Si un usuario busca \u00ab<em>mejores ejercicios para perder peso<\/em>\u00ab, los motores de b\u00fasqueda presentar\u00e1n p\u00e1ginas que contienen informaci\u00f3n relevante y de alta calidad sobre ejercicios para perder peso. Los resultados mostrar\u00e1n primero las p\u00e1ginas de sitios confiables y autoritarios que ofrezcan una buena experiencia de usuario, como tiempos de carga r\u00e1pidos y dise\u00f1o compatible con dispositivos m\u00f3viles.<\/p>\n\n\n\n<h3 class=\"wp-block-heading\"><strong>Factores que afectan la clasificaci\u00f3n:<\/strong><\/h3>\n\n\n\n<ul class=\"wp-block-list\">\n<li><strong>Palabras clave:<\/strong>\n<ul class=\"wp-block-list\">\n<li>La presencia y la densidad de palabras clave relevantes en el contenido son importantes. Utiliza palabras clave estrat\u00e9gicamente en t\u00edtulos, encabezados y a lo largo del contenido, pero evita el relleno excesivo de palabras clave.<\/li>\n<\/ul>\n<\/li>\n\n\n\n<li><strong>Backlinks:<\/strong>\n<ul class=\"wp-block-list\">\n<li>La cantidad y calidad de los enlaces entrantes desde otros sitios web influyen en la autoridad de tu sitio. Trabaja para obtener enlaces de sitios respetados y relevantes en tu industria.<\/li>\n<\/ul>\n<\/li>\n\n\n\n<li><strong>SEO t\u00e9cnico:<\/strong>\n<ul class=\"wp-block-list\">\n<li>Elementos t\u00e9cnicos como la velocidad del sitio, el uso de HTTPS y la compatibilidad m\u00f3vil son cruciales. Realiza auditor\u00edas t\u00e9cnicas regulares para asegurarte de que tu sitio est\u00e9 optimizado en estos aspectos.<\/li>\n<\/ul>\n<\/li>\n<\/ul>\n\n\n\n<h3 class=\"wp-block-heading\">Ejemplo Completo del Proceso<\/h3>\n\n\n\n<p>Para ilustrar el proceso completo, veamos un ejemplo desde el rastreo hasta la clasificaci\u00f3n:<\/p>\n\n\n\n<ol class=\"wp-block-list\">\n<li><strong>Publicaci\u00f3n y Rastreo:<\/strong>\n<ul class=\"wp-block-list\">\n<li>Publicas un art\u00edculo nuevo en tu blog de viajes titulado \u00abGu\u00eda de Viaje a Espa\u00f1a\u00bb.<\/li>\n\n\n\n<li>Los bots de los motores de b\u00fasqueda rastrean tu sitio y encuentran el nuevo art\u00edculo a trav\u00e9s de enlaces internos desde tu p\u00e1gina principal y otros art\u00edculos relacionados.<\/li>\n<\/ul>\n<\/li>\n\n\n\n<li><strong>Indexaci\u00f3n:<\/strong>\n<ul class=\"wp-block-list\">\n<li>El motor de b\u00fasqueda analiza el contenido del art\u00edculo, incluyendo el texto, las im\u00e1genes y los metadatos.<\/li>\n\n\n\n<li>El art\u00edculo es almacenado en el \u00edndice del motor de b\u00fasqueda con informaci\u00f3n sobre su contenido y relevancia.<\/li>\n<\/ul>\n<\/li>\n\n\n\n<li><strong>Clasificaci\u00f3n:<\/strong>\n<ul class=\"wp-block-list\">\n<li>Un usuario busca \u00abmejores lugares para visitar en Espa\u00f1a\u00bb.<\/li>\n\n\n\n<li>El motor de b\u00fasqueda compara la consulta del usuario con el contenido indexado y determina que tu art\u00edculo es relevante.<\/li>\n\n\n\n<li>Debido a la alta calidad del contenido, la autoridad de tu sitio y una excelente experiencia del usuario, tu art\u00edculo se clasifica en una de las primeras posiciones de los resultados de b\u00fasqueda.<\/li>\n<\/ul>\n<\/li>\n<\/ol>\n\n\n\n<h2 class=\"wp-block-heading\">Herramientas y T\u00e9cnicas para Mejorar el Rastreo, Indexaci\u00f3n y Clasificaci\u00f3n<\/h2>\n\n\n\n<p><strong>1. <a href=\"https:\/\/agenciaseonetbulb.com\/noticias\/que-es-google-search-console\/\">Google Search Console<\/a>:<\/strong><\/p>\n\n\n\n<ul class=\"wp-block-list\">\n<li><strong>Prop\u00f3sito:<\/strong> Monitorear y mantener la presencia de tu sitio en los resultados de b\u00fasqueda de Google.<\/li>\n\n\n\n<li><strong>Funcionalidades:<\/strong> Ver datos de rendimiento de b\u00fasqueda, solucionar problemas de rastreo, enviar sitemaps y recibir alertas sobre problemas de seguridad.<\/li>\n\n\n\n<li><strong>C\u00f3mo usarlo:<\/strong> Configura <a href=\"https:\/\/search.google.com\/search-console\/about\" data-type=\"link\" data-id=\"https:\/\/search.google.com\/search-console\/about\" target=\"_blank\" rel=\"noopener\">Google Search Console<\/a> para tu sitio web. Revisa regularmente los informes de rendimiento y de cobertura para identificar y corregir problemas de rastreo e indexaci\u00f3n.<\/li>\n<\/ul>\n\n\n\n<p><strong>2. Sitemaps:<\/strong><\/p>\n\n\n\n<ul class=\"wp-block-list\">\n<li><strong>Prop\u00f3sito:<\/strong> Ayudar a los motores de b\u00fasqueda a descubrir todas las p\u00e1ginas de tu sitio.<\/li>\n\n\n\n<li><strong>C\u00f3mo usarlo:<\/strong> Crea y env\u00eda un archivo sitemap.xml a los motores de b\u00fasqueda para asegurarte de que todas las p\u00e1ginas importantes sean rastreadas e indexadas. Usa herramientas como XML Sitemaps Generator para crear tu sitemap.<\/li>\n<\/ul>\n\n\n\n<p><strong>3. Robots.txt:<\/strong><\/p>\n\n\n\n<ul class=\"wp-block-list\">\n<li><strong>Prop\u00f3sito:<\/strong> Controlar y guiar a los bots de los motores de b\u00fasqueda sobre qu\u00e9 p\u00e1ginas deben y no deben rastrear.<\/li>\n\n\n\n<li><strong>C\u00f3mo usarlo:<\/strong> Configura directivas en el archivo robots.txt para permitir o bloquear el acceso a ciertas partes de tu sitio web. Aseg\u00farate de no bloquear p\u00e1ginas importantes que deber\u00edan ser indexadas.<\/li>\n<\/ul>\n\n\n\n<p><strong>4. Optimizaciones t\u00e9cnicas:<\/strong><\/p>\n\n\n\n<ul class=\"wp-block-list\">\n<li><strong>Mejoras de velocidad:<\/strong> Utiliza herramientas como <a href=\"https:\/\/pagespeed.web.dev\/\" data-type=\"link\" data-id=\"https:\/\/pagespeed.web.dev\/\" target=\"_blank\" rel=\"noopener\">Google PageSpeed Insights<\/a> para identificar y solucionar problemas de rendimiento. Aseg\u00farate de que tu sitio cargue r\u00e1pidamente.<\/li>\n\n\n\n<li><strong>Compatibilidad m\u00f3vil:<\/strong> Aseg\u00farate de que tu sitio sea responsivo y funcione bien en dispositivos m\u00f3viles utilizando la herramienta de prueba de compatibilidad m\u00f3vil de Google. Un dise\u00f1o m\u00f3vil amigable es crucial para una buena experiencia de usuario.<\/li>\n<\/ul>\n\n\n\n<p>En definitiva, comprender c\u00f3mo funcionan los motores de b\u00fasqueda en t\u00e9rminos de rastreo, indexaci\u00f3n y clasificaci\u00f3n es fundamental para cualquier estrategia de SEO. Al optimizar tu sitio web para facilitar estos procesos, puedes mejorar significativamente tu visibilidad en los resultados de b\u00fasqueda. <\/p>\n\n\n\n<p>En los pr\u00f3ximos cap\u00edtulos, exploraremos en detalle c\u00f3mo realizar una investigaci\u00f3n de palabras clave efectiva y c\u00f3mo optimizar tu contenido en el sitio para maximizar su rendimiento en los motores de b\u00fasqueda. <\/p>\n\n\n\n<p>\u00a1Contin\u00faa leyendo para profundizar en el mundo del SEO!<\/p>\n\n\n\n<div class=\"wp-block-buttons is-content-justification-center is-layout-flex wp-container-core-buttons-is-layout-16018d1d wp-block-buttons-is-layout-flex\">\n<div class=\"wp-block-button\"><a class=\"wp-block-button__link has-vivid-cyan-blue-background-color has-background wp-element-button\" href=\"https:\/\/agenciaseonetbulb.com\/noticias\/guia-de-seo\/seo-101-inroduccion-basica-al-seo\/\">\u25c0 Cap\u00edtulo 1: SEO 101. Introducci\u00f3n b\u00e1sica al SEO<\/a><\/div>\n\n\n\n<div class=\"wp-block-button\"><a class=\"wp-block-button__link has-vivid-cyan-blue-background-color has-background wp-element-button\" href=\"https:\/\/agenciaseonetbulb.com\/noticias\/guia-de-seo\/investigacion-de-palabras-clave\/\">Cap\u00edtulo 3: Investigaci\u00f3n de las Palabras Clave \u25b6<\/a><\/div>\n<\/div>\n","protected":false},"excerpt":{"rendered":"<p>Para poder optimizar efectivamente tu sitio web y mejorar su visibilidad en los motores de b\u00fasqueda, es crucial comprender c\u00f3mo funcionan estos motores. Este cap\u00edtulo te guiar\u00e1 a trav\u00e9s de los tres procesos fundamentales de los motores de b\u00fasqueda: rastreo, indexaci\u00f3n y clasificaci\u00f3n. Al entender estos procesos, podr\u00e1s aplicar estrategias SEO m\u00e1s eficaces y dirigidas. [&hellip;]<\/p>\n","protected":false},"author":6,"featured_media":7856,"parent":7753,"menu_order":0,"comment_status":"closed","ping_status":"closed","template":"","meta":{"_acf_changed":false,"footnotes":"","_links_to":"","_links_to_target":""},"class_list":["post-7777","page","type-page","status-publish","has-post-thumbnail"],"acf":[],"_links":{"self":[{"href":"https:\/\/agenciaseonetbulb.com\/noticias\/wp-json\/wp\/v2\/pages\/7777","targetHints":{"allow":["GET"]}}],"collection":[{"href":"https:\/\/agenciaseonetbulb.com\/noticias\/wp-json\/wp\/v2\/pages"}],"about":[{"href":"https:\/\/agenciaseonetbulb.com\/noticias\/wp-json\/wp\/v2\/types\/page"}],"author":[{"embeddable":true,"href":"https:\/\/agenciaseonetbulb.com\/noticias\/wp-json\/wp\/v2\/users\/6"}],"replies":[{"embeddable":true,"href":"https:\/\/agenciaseonetbulb.com\/noticias\/wp-json\/wp\/v2\/comments?post=7777"}],"version-history":[{"count":14,"href":"https:\/\/agenciaseonetbulb.com\/noticias\/wp-json\/wp\/v2\/pages\/7777\/revisions"}],"predecessor-version":[{"id":10412,"href":"https:\/\/agenciaseonetbulb.com\/noticias\/wp-json\/wp\/v2\/pages\/7777\/revisions\/10412"}],"up":[{"embeddable":true,"href":"https:\/\/agenciaseonetbulb.com\/noticias\/wp-json\/wp\/v2\/pages\/7753"}],"wp:featuredmedia":[{"embeddable":true,"href":"https:\/\/agenciaseonetbulb.com\/noticias\/wp-json\/wp\/v2\/media\/7856"}],"wp:attachment":[{"href":"https:\/\/agenciaseonetbulb.com\/noticias\/wp-json\/wp\/v2\/media?parent=7777"}],"curies":[{"name":"wp","href":"https:\/\/api.w.org\/{rel}","templated":true}]}}