{"id":6162,"date":"2024-03-19T20:29:02","date_gmt":"2024-03-19T19:29:02","guid":{"rendered":"https:\/\/agenciaseonetbulb.com\/noticias\/?page_id=6162"},"modified":"2024-03-20T12:32:04","modified_gmt":"2024-03-20T11:32:04","slug":"software","status":"publish","type":"page","link":"https:\/\/agenciaseonetbulb.com\/noticias\/diccionario-marketing-digital\/software\/","title":{"rendered":"Software"},"content":{"rendered":"\n<h2 class=\"wp-block-heading has-text-align-left has-medium-font-size\" style=\"font-style:normal;font-weight:300\">Concepto y definici\u00f3n<\/h2>\n\n\n\n<h2 class=\"wp-block-heading\" id=\"h-que-es-el-software\">\u00bfQu\u00e9 es el software?<\/h2>\n\n\n\n<p>Probablemente hayas escuchado esta palabra, pero \u00bfconoces su definici\u00f3n? En el siguiente art\u00edculo, no s\u00f3lo responderemos la pregunta \u00ab\u00bfQu\u00e9 es el software?\u00bb, sino que tambi\u00e9n presentaremos los tipos y m\u00e9todos de distribuci\u00f3n m\u00e1s populares.<\/p>\n\n\n\n<p>Antes de responder a la pregunta de c\u00f3mo vender software, intentemos explicar su definici\u00f3n. Algunas personas utilizan el t\u00e9rmino \u00abprograma inform\u00e1tico\u00bb como sin\u00f3nimo, pero el significado de \u00absoftware\u00bb es algo m\u00e1s amplio. La forma m\u00e1s sencilla de decirlo es que se trata de instrucciones y procedimientos escritos en c\u00f3digo inform\u00e1tico, lo que les permite realizar funciones espec\u00edficas y concretas.<\/p>\n\n\n\n<p>El software puede incluir sistemas operativos, programas comerciales (por ejemplo, Microsoft Word), aplicaciones, programas que controlan el funcionamiento de otros dispositivos o incluso software malicioso como virus inform\u00e1ticos.<\/p>\n\n\n\n<h2 class=\"wp-block-heading\" id=\"h-tipos-de-software\">Tipos de software<\/h2>\n\n\n\n<h3 class=\"wp-block-heading\" id=\"h-software-del-sistema\">Software del sistema<\/h3>\n\n\n\n<p>El dise\u00f1o del software del sistema tiene como objetivo proporcionar una plataforma y permitir el funcionamiento de otro software. Ejemplos son:Sistemas operativos : en el caso de ordenadores, port\u00e1tiles y tabletas distinguimos los sistemas operativos Microsoft Windows, Linux y MacOS. <\/p>\n\n\n\n<p>En smartphones tenemos Apple IOS, Google Android y Windows Phone. Sin un sistema operativo, su ordenador (y otros dispositivos) son solo hardware que no admite ni realiza ninguna funci\u00f3n.<\/p>\n\n\n\n<ul class=\"wp-block-list\">\n<li><strong>Firmware : <\/strong>es un software que controla el funcionamiento de los dispositivos electr\u00f3nicos. Normalmente lo proporciona el fabricante de un determinado equipo, gracias al cual el software se adapta t\u00e9cnicamente con precisi\u00f3n al dispositivo.<\/li>\n\n\n\n<li><strong>Software de programaci\u00f3n : <\/strong>el software de programaci\u00f3n, o herramienta de desarrollo de software, es una herramienta que ayuda al programador a crear otro software. Estos incluyen: ensambladores, depuradores, compiladores, entornos de programaci\u00f3n integrados.<\/li>\n\n\n\n<li><strong>Software de controlador :<\/strong> los controladores son responsables de la comunicaci\u00f3n entre los componentes del dispositivo y el sistema operativo, gracias a lo cual este sabe c\u00f3mo utilizar un dispositivo determinado. Los siguientes dispositivos tienen sus propios controladores: tarjeta gr\u00e1fica, mouse, teclado, tarjeta de red.<\/li>\n<\/ul>\n\n\n\n<p><strong>Software de Aplicaci\u00f3n<\/strong>:<\/p>\n\n\n\n<p>El software de aplicaci\u00f3n es una categor\u00eda de programas inform\u00e1ticos dise\u00f1ados espec\u00edficamente para realizar tareas o funciones espec\u00edficas para el usuario final. A diferencia del software de sistema, que proporciona las funciones b\u00e1sicas para que el hardware funcione y el software de desarrollo, que ayuda a crear otros programas, el software de aplicaci\u00f3n se centra en satisfacer las necesidades directas del usuario.<\/p>\n\n\n\n<p>Estos programas est\u00e1n dise\u00f1ados para una amplia variedad de prop\u00f3sitos y pueden abarcar desde herramientas de productividad hasta entretenimiento y utilidades especializadas. Aqu\u00ed hay algunos ejemplos adicionales de software de aplicaci\u00f3n:<\/p>\n\n\n\n<ul class=\"wp-block-list\">\n<li><strong>Edici\u00f3n de Video:<\/strong> Ejemplos incluyen Adobe Premiere Pro, Final Cut Pro y Sony Vegas. Estas aplicaciones permiten a los usuarios editar y producir videos con una amplia gama de herramientas y efectos.<\/li>\n\n\n\n<li><strong>Dise\u00f1o Gr\u00e1fico:<\/strong> Programas como Adobe Photoshop, Illustrator y CorelDRAW son utilizados por dise\u00f1adores gr\u00e1ficos y artistas para crear y editar im\u00e1genes, ilustraciones y gr\u00e1ficos.<\/li>\n\n\n\n<li><strong>Gesti\u00f3n de Proyectos:<\/strong> Herramientas como Asana, Trello y Microsoft Project ayudan a los equipos a planificar, organizar y colaborar en proyectos, asignar tareas, establecer plazos y realizar un seguimiento del progreso.<\/li>\n\n\n\n<li><strong>Contabilidad:<\/strong> Ejemplos incluyen QuickBooks, FreshBooks y Xero, que son utilizados por empresas y contadores para gestionar las finanzas, registrar transacciones, generar informes y realizar tareas de contabilidad.<\/li>\n\n\n\n<li><strong>Mensajer\u00eda Instant\u00e1nea: <\/strong>Aplicaciones como WhatsApp, Slack y Microsoft Teams permiten a los usuarios comunicarse de manera instant\u00e1nea a trav\u00e9s de mensajes de texto, voz y video, facilitando la colaboraci\u00f3n y la comunicaci\u00f3n en equipo.<\/li>\n\n\n\n<li><strong>Redes Sociales<\/strong>: Plataformas como Facebook, Instagram y Twitter son ejemplos de software de aplicaci\u00f3n que permiten a los usuarios conectarse, compartir contenido, interactuar y comunicarse en l\u00ednea con amigos, familiares y seguidores.<\/li>\n<\/ul>\n\n\n\n<p><strong>Software de Desarrollo<\/strong>:<\/p>\n\n\n\n<p>Tambi\u00e9n conocido como software de programaci\u00f3n, este tipo de software proporciona herramientas a los desarrolladores para escribir, probar y depurar programas inform\u00e1ticos. Ejemplos incluyen entornos de desarrollo integrados (IDE) como Visual Studio, Eclipse y Xcode.<\/p>\n\n\n\n<p><strong>Software de la aplicacion<\/strong><\/p>\n\n\n\n<p>El software de aplicaci\u00f3n es posiblemente el tipo de software m\u00e1s popular porque est\u00e1 destinado a usuarios finales. Est\u00e1n dise\u00f1ados para ayudar a realizar tareas espec\u00edficas, raz\u00f3n por la cual muchas personas los utilizan tanto en la vida cotidiana. Ejemplos son:<\/p>\n\n\n\n<ul class=\"wp-block-list\">\n<li>Navegadores web: (Chrome, Opera, Firefox);<\/li>\n\n\n\n<li>Software de comunicaci\u00f3n: (Skype, Zoom, Slack);<\/li>\n\n\n\n<li>Software de procesamiento de textos: (Microsoft Word, Notebook, Google Docs);<\/li>\n\n\n\n<li>Software de correo electr\u00f3nico: (Outlook, Gmail, Apple Mail);<\/li>\n\n\n\n<li>Juegos y aplicaciones.<\/li>\n<\/ul>\n\n\n\n<h2 class=\"wp-block-heading\" id=\"h-metodos-de-distribucion\">M\u00e9todos de distribuci\u00f3n<\/h2>\n\n\n\n<p>Hay varias formas de difundir y distribuir software. A continuaci\u00f3n analizaremos los tipos populares de licencias que regulan legalmente los t\u00e9rminos de uso y las reglas de pago.<\/p>\n\n\n\n<p><br \/><strong>Software gratuito<\/strong><\/p>\n\n\n\n<p>Esta licencia le permite utilizar y distribuir el software de forma gratuita. El creador permite el uso gratuito del c\u00f3digo fuente, pero no lo divulga ni lo comparte. Los usuarios no pueden obtener beneficios econ\u00f3micos de dicho software. <\/p>\n\n\n\n<p>Algunas versiones de licencia especaifican que el software gratuito est\u00e1 destinado \u00fanicamente para uso dom\u00e9stico (privado). Por lo tanto, es posible que las empresas necesiten una licencia paga. <\/p>\n\n\n\n<p>Ejemplos de software gratuito son:<\/p>\n\n\n\n<ul class=\"wp-block-list\">\n<li>Equipos de Microsoft<\/li>\n\n\n\n<li>Zoom<\/li>\n\n\n\n<li>Adobe Reader<\/li>\n\n\n\n<li>PDF de Adobe<\/li>\n<\/ul>\n\n\n\n<h3 class=\"wp-block-heading\" id=\"h-shareware\"><br \/>Shareware<\/h3>\n\n\n\n<p>Al igual que el software gratuito, <strong>el shareware le permite utilizar software de forma gratuita. Sin embargo, el per\u00edodo gratuito s\u00f3lo es posible durante un per\u00edodo de tiempo determinado<\/strong>, tras el cual su uso posterior requiere una tarifa espec\u00edfica o la compra de una licencia. A los usuarios les gusta este tipo de soluci\u00f3n porque pueden probar el software de forma gratuita y conocerlo mejor antes de decidir comprarlo.<\/p>\n\n\n\n<p>Hay varios tipos de modelos de licencia de Shareware disponibles:Freemium : el usuario puede utilizar una determinada parte de las funciones gratuitas durante un per\u00edodo de tiempo indefinido.<\/p>\n\n\n\n<p> Las funciones avanzadas solo est\u00e1n disponibles despu\u00e9s de comprar una licencia completa.<\/p>\n\n\n\n<ul class=\"wp-block-list\">\n<li><strong>Adware :<\/strong> el usuario tiene dos opciones: aceptar transmitir anuncios o comprar una licencia completa (sin anuncios).<\/li>\n\n\n\n<li><strong>Donationware <\/strong>: se pide al usuario que pague al autor una cantidad simb\u00f3lica, cuyo valor depende del licenciatario.<\/li>\n\n\n\n<li><strong>Demoware <\/strong>: el usuario tiene acceso a una versi\u00f3n parcial gratuita del software o al paquete completo, pero por un per\u00edodo de tiempo limitado.<\/li>\n\n\n\n<li><strong>Nagware <\/strong>: en esta versi\u00f3n, el usuario recibe notificaciones y recordatorios constantes para pagar el software. Los archivos con marcas de agua tambi\u00e9n son una pr\u00e1ctica popular.<\/li>\n<\/ul>\n\n\n\n<p>Ejemplos de Shareware: <\/p>\n\n\n\n<ul class=\"wp-block-list\">\n<li>WinZip<\/li>\n\n\n\n<li>Nero<\/li>\n\n\n\n<li>Skype<\/li>\n\n\n\n<li>Spotify<\/li>\n<\/ul>\n\n\n\n<h3 class=\"wp-block-heading\" id=\"h-fuente-abierta\"><br \/>Fuente abierta<\/h3>\n\n\n\n<p>En esta versi\u00f3n de la licencia, <strong>el software se proporciona al usuario junto con el c\u00f3digo fuente<\/strong>, que podr\u00e1 modificar, mejorar y comprobar seg\u00fan sus preferencias. El c\u00f3digo abierto puede venir en versiones gratuitas y de pago. <\/p>\n\n\n\n<p>La popularidad de esta soluci\u00f3n est\u00e1 relacionada con la posibilidad de obtener un mayor control sobre el software y para los programadores principiantes es una forma ideal de aprender bas\u00e1ndose en el c\u00f3digo disponible. El ejemplo m\u00e1s popular de software de c\u00f3digo abierto es el sistema operativo Linux.<\/p>\n\n\n\n<h3 class=\"wp-block-heading\" id=\"h-fuente-cerrada\">Fuente cerrada<\/h3>\n\n\n\n<p>En esta versi\u00f3n de la licencia, <strong>el software se proporciona al usuario sin acceso al c\u00f3digo fuente<\/strong>. Ejemplo popular: el sistema operativo Windows.<\/p>\n\n\n\n<h2 class=\"wp-block-heading\" id=\"h-ejemplos-de-software\">Ejemplos de Software<\/h2>\n\n\n\n<ul class=\"wp-block-list\">\n<li><strong>Microsoft Windows<\/strong>: Un sistema operativo utilizado en la mayor\u00eda de las computadoras personales.<\/li>\n\n\n\n<li><strong>Adobe Photoshop<\/strong>: Una aplicaci\u00f3n de software utilizada para la edici\u00f3n de im\u00e1genes y fotograf\u00edas.<\/li>\n\n\n\n<li><strong>Mozilla Firefox<\/strong>: Un navegador web que permite a los usuarios acceder a Internet y navegar por la web.<\/li>\n\n\n\n<li><strong>Oracle Database<\/strong>: Un sistema de gesti\u00f3n de bases de datos utilizado para almacenar y recuperar datos.<\/li>\n\n\n\n<li><strong>Android<\/strong>: Un sistema operativo m\u00f3vil desarrollado por Google, utilizado en una amplia variedad de dispositivos inteligentes.<\/li>\n<\/ul>\n\n\n\n<p>Otros ejemplos de Software pero centrado en SEO:<\/p>\n\n\n\n<ul class=\"wp-block-list\">\n<li><strong><a href=\"https:\/\/agenciaseonetbulb.com\/noticias\/alternativas-ahrefs\/\">Ahrefs<\/a><\/strong>: Ahrefs es una suite completa de herramientas de SEO que incluye funciones como an\u00e1lisis de backlinks, investigaci\u00f3n de palabras clave, seguimiento de posiciones en los motores de b\u00fasqueda y an\u00e1lisis de competidores.<\/li>\n\n\n\n<li><strong>SEMrush<\/strong>: SEMrush es otra herramienta todo en uno que proporciona funciones de investigaci\u00f3n de palabras clave, an\u00e1lisis de competidores, seguimiento de posiciones, auditor\u00edas de sitios web y mucho m\u00e1s.<\/li>\n\n\n\n<li><strong>Moz Pro<\/strong>: Moz Pro ofrece una variedad de herramientas de SEO, incluyendo an\u00e1lisis de enlaces, investigaci\u00f3n de palabras clave, seguimiento de posiciones y auditor\u00edas de sitios web.<\/li>\n\n\n\n<li><strong><a href=\"https:\/\/agenciaseonetbulb.com\/noticias\/que-es-google-search-console\/\">Google Search Console<\/a><\/strong>: Google Search Console es una herramienta gratuita proporcionada por Google que ayuda a los webmasters a monitorear y mejorar el rendimiento de sus sitios web en los resultados de b\u00fasqueda de Google. Proporciona informaci\u00f3n sobre el tr\u00e1fico de b\u00fasqueda, errores de rastreo, consultas de b\u00fasqueda y mucho m\u00e1s.<\/li>\n\n\n\n<li><strong>SEOptimer<\/strong>: SEOptimer es una herramienta de auditor\u00eda de sitios web que ayuda a identificar problemas t\u00e9cnicos, de contenido y de SEO en un sitio web, proporcionando recomendaciones para mejorar el rendimiento en los motores de b\u00fasqueda.<\/li>\n\n\n\n<li><strong>Screaming Frog SEO Spider<\/strong>: Screaming Frog SEO Spider es una herramienta de escritorio que permite a los usuarios rastrear sitios web para identificar problemas de SEO como enlaces rotos, etiquetas de t\u00edtulo duplicadas, metadescripciones faltantes y m\u00e1s.<\/li>\n<\/ul>\n\n\n\n<p class=\"has-white-color has-vivid-cyan-blue-background-color has-text-color has-background has-link-color wp-elements-b53f0875909d267200094d7d6918f4cb\"><strong>\u25b6Te puede intersar:<a href=\"https:\/\/agenciaseonetbulb.com\/noticias\/las-25-mejores-herramientas-gratuitas-de-seo\/\"> Herramientas gratuitas de SEO<\/a><\/strong><\/p>\n","protected":false},"excerpt":{"rendered":"<p>Concepto y definici\u00f3n \u00bfQu\u00e9 es el software? Probablemente hayas escuchado esta palabra, pero \u00bfconoces su definici\u00f3n? En el siguiente art\u00edculo, no s\u00f3lo responderemos la pregunta \u00ab\u00bfQu\u00e9 es el software?\u00bb, sino que tambi\u00e9n presentaremos los tipos y m\u00e9todos de distribuci\u00f3n m\u00e1s populares. Antes de responder a la pregunta de c\u00f3mo vender software, intentemos explicar su definici\u00f3n. [&hellip;]<\/p>\n","protected":false},"author":6,"featured_media":0,"parent":6157,"menu_order":0,"comment_status":"closed","ping_status":"closed","template":"","meta":{"_acf_changed":false,"footnotes":"","_links_to":"","_links_to_target":""},"class_list":["post-6162","page","type-page","status-publish"],"acf":[],"_links":{"self":[{"href":"https:\/\/agenciaseonetbulb.com\/noticias\/wp-json\/wp\/v2\/pages\/6162","targetHints":{"allow":["GET"]}}],"collection":[{"href":"https:\/\/agenciaseonetbulb.com\/noticias\/wp-json\/wp\/v2\/pages"}],"about":[{"href":"https:\/\/agenciaseonetbulb.com\/noticias\/wp-json\/wp\/v2\/types\/page"}],"author":[{"embeddable":true,"href":"https:\/\/agenciaseonetbulb.com\/noticias\/wp-json\/wp\/v2\/users\/6"}],"replies":[{"embeddable":true,"href":"https:\/\/agenciaseonetbulb.com\/noticias\/wp-json\/wp\/v2\/comments?post=6162"}],"version-history":[{"count":9,"href":"https:\/\/agenciaseonetbulb.com\/noticias\/wp-json\/wp\/v2\/pages\/6162\/revisions"}],"predecessor-version":[{"id":6356,"href":"https:\/\/agenciaseonetbulb.com\/noticias\/wp-json\/wp\/v2\/pages\/6162\/revisions\/6356"}],"up":[{"embeddable":true,"href":"https:\/\/agenciaseonetbulb.com\/noticias\/wp-json\/wp\/v2\/pages\/6157"}],"wp:attachment":[{"href":"https:\/\/agenciaseonetbulb.com\/noticias\/wp-json\/wp\/v2\/media?parent=6162"}],"curies":[{"name":"wp","href":"https:\/\/api.w.org\/{rel}","templated":true}]}}