{"id":6157,"date":"2024-03-19T20:04:39","date_gmt":"2024-03-19T19:04:39","guid":{"rendered":"https:\/\/agenciaseonetbulb.com\/noticias\/?page_id=6157"},"modified":"2024-11-04T22:16:59","modified_gmt":"2024-11-04T21:16:59","slug":"diccionario-marketing-digital","status":"publish","type":"page","link":"https:\/\/agenciaseonetbulb.com\/noticias\/diccionario-marketing-digital\/","title":{"rendered":"Diccionario de Marketing Digital"},"content":{"rendered":"\n<h2 class=\"wp-block-heading has-text-align-center has-medium-font-size\" id=\"headline-19-1048\" style=\"font-style:normal;font-weight:300\">Listado alfab\u00e9tico<\/h2>\n\n\n\n<figure class=\"wp-block-table aligncenter has-small-font-size\"><table class=\"has-background\" style=\"background-color:#abb7c26b\"><tbody><tr><td><strong>A<\/strong><\/td><td><strong>B<\/strong><\/td><td><strong><a href=\"#C\">C<\/a><\/strong><\/td><td><strong>D<\/strong><\/td><td><strong>E<\/strong><\/td><td><strong>F<\/strong><\/td><td><strong><a href=\"#G\">G<\/a><\/strong><\/td><td><strong><a href=\"#H\">H<\/a><\/strong><\/td><td><strong><a href=\"#I\">I<\/a><\/strong><\/td><td><strong>J<\/strong><\/td><td><strong>K<\/strong><\/td><td><strong>L<\/strong><\/td><td><strong>M<\/strong><\/td><td><strong>N<\/strong><\/td><td><strong>O<\/strong><\/td><td><strong>P<\/strong><\/td><td><strong>Q<\/strong><\/td><td><strong>R<\/strong><\/td><td><strong><a href=\"#S\">S<\/a><\/strong><\/td><td><strong>T<\/strong><\/td><td><strong>U<\/strong><\/td><td><strong>W<\/strong><\/td><td><strong>X<\/strong><\/td><td><strong>Y<\/strong><\/td><td><strong>Z<\/strong><\/td><\/tr><\/tbody><\/table><\/figure>\n\n\n\n<h2 class=\"wp-block-heading\"><strong>Diccionario<\/strong><\/h2>\n\n\n\n<p>A continuaci\u00f3n os mostramos un&nbsp;<strong>diccionario de Marketing DIgital <\/strong> con t\u00e9rminos generales . Adem\u00e1s, a\u00f1adimos t\u00e9rminos espec\u00edficos de los diferentes \u00e1reas para todas aquellas personas que deseen obtener m\u00e1s informaci\u00f3n sobre estos temas sin un lenguaje t\u00e9cnico para entender el mundo online.<\/p>\n\n\n\n<h3 class=\"wp-block-heading has-medium-font-size\" style=\"font-style:normal;font-weight:300\">Marketing Digital<\/h3>\n\n\n\n<h3 class=\"wp-block-heading\">Conceptos y definiciones<\/h3>\n\n\n<div class=\"wp-block-image\">\n<figure class=\"alignleft size-full is-resized\"><img fetchpriority=\"high\" decoding=\"async\" width=\"512\" height=\"512\" src=\"https:\/\/agenciaseonetbulb.com\/noticias\/wp-content\/imagenes\/2024\/03\/diccionario-icono.png\" alt=\"icono de diccionario\" class=\"wp-image-6301\" style=\"object-fit:cover;width:40px;height:40px\" title=\"\" srcset=\"https:\/\/agenciaseonetbulb.com\/noticias\/wp-content\/imagenes\/2024\/03\/diccionario-icono.png 512w, https:\/\/agenciaseonetbulb.com\/noticias\/wp-content\/imagenes\/2024\/03\/diccionario-icono-300x300.png 300w, https:\/\/agenciaseonetbulb.com\/noticias\/wp-content\/imagenes\/2024\/03\/diccionario-icono-150x150.png 150w, https:\/\/agenciaseonetbulb.com\/noticias\/wp-content\/imagenes\/2024\/03\/diccionario-icono-450x450.png 450w, https:\/\/agenciaseonetbulb.com\/noticias\/wp-content\/imagenes\/2024\/03\/diccionario-icono-96x96.png 96w\" sizes=\"(max-width: 512px) 100vw, 512px\" \/><\/figure>\n<\/div>\n\n\n<h2 class=\"wp-block-heading\" id=\"C\"><strong>C<\/strong><\/h2>\n\n\n\n<h3 class=\"wp-block-heading has-background\" style=\"background-color:#eff2f4\"><a href=\"https:\/\/agenciaseonetbulb.com\/noticias\/google-consent-mode-v2\/\">Consent Mode V2 de Google<\/a><\/h3>\n\n\n\n<h3 class=\"wp-block-heading has-background\" style=\"background-color:#eff2f4\"><a href=\"https:\/\/agenciaseonetbulb.com\/noticias\/que-es-una-campana-teaser\/\"><\/a><a href=\"https:\/\/agenciaseonetbulb.com\/noticias\/que-es-una-campana-teaser\/\">Campa\u00f1a Teaser<\/a><\/h3>\n\n\n\n<h2 class=\"wp-block-heading\" id=\"G\"><strong>E<\/strong><\/h2>\n\n\n\n<h3 class=\"wp-block-heading has-background\" style=\"background-color:#eff2f4\"><a href=\"https:\/\/about.me\/eastereggs\/\" data-type=\"link\" data-id=\"https:\/\/about.me\/eastereggs\/\" target=\"_blank\" rel=\"noopener\">Easter Eggs Google<\/a><\/h3>\n\n\n<div class=\"wp-block-image\">\n<figure class=\"alignleft size-full is-resized\"><img fetchpriority=\"high\" decoding=\"async\" width=\"512\" height=\"512\" src=\"https:\/\/agenciaseonetbulb.com\/noticias\/wp-content\/imagenes\/2024\/03\/diccionario-icono.png\" alt=\"icono de diccionario\" class=\"wp-image-6301\" style=\"object-fit:cover;width:40px;height:40px\" title=\"\" srcset=\"https:\/\/agenciaseonetbulb.com\/noticias\/wp-content\/imagenes\/2024\/03\/diccionario-icono.png 512w, https:\/\/agenciaseonetbulb.com\/noticias\/wp-content\/imagenes\/2024\/03\/diccionario-icono-300x300.png 300w, https:\/\/agenciaseonetbulb.com\/noticias\/wp-content\/imagenes\/2024\/03\/diccionario-icono-150x150.png 150w, https:\/\/agenciaseonetbulb.com\/noticias\/wp-content\/imagenes\/2024\/03\/diccionario-icono-450x450.png 450w, https:\/\/agenciaseonetbulb.com\/noticias\/wp-content\/imagenes\/2024\/03\/diccionario-icono-96x96.png 96w\" sizes=\"(max-width: 512px) 100vw, 512px\" \/><\/figure>\n<\/div>\n\n\n<h2 class=\"wp-block-heading\" id=\"G\"><strong>G<\/strong><\/h2>\n\n\n\n<h3 class=\"wp-block-heading has-background\" style=\"background-color:#eff2f4\"><a href=\"https:\/\/agenciaseonetbulb.com\/noticias\/diccionario-digital\/google-academico\/\">Glosario acad\u00e9mico<\/a><\/h3>\n\n\n<div class=\"wp-block-image\">\n<figure class=\"alignleft size-full is-resized\"><img fetchpriority=\"high\" decoding=\"async\" width=\"512\" height=\"512\" src=\"https:\/\/agenciaseonetbulb.com\/noticias\/wp-content\/imagenes\/2024\/03\/diccionario-icono.png\" alt=\"icono de diccionario\" class=\"wp-image-6301\" style=\"object-fit:cover;width:40px;height:40px\" title=\"\" srcset=\"https:\/\/agenciaseonetbulb.com\/noticias\/wp-content\/imagenes\/2024\/03\/diccionario-icono.png 512w, https:\/\/agenciaseonetbulb.com\/noticias\/wp-content\/imagenes\/2024\/03\/diccionario-icono-300x300.png 300w, https:\/\/agenciaseonetbulb.com\/noticias\/wp-content\/imagenes\/2024\/03\/diccionario-icono-150x150.png 150w, https:\/\/agenciaseonetbulb.com\/noticias\/wp-content\/imagenes\/2024\/03\/diccionario-icono-450x450.png 450w, https:\/\/agenciaseonetbulb.com\/noticias\/wp-content\/imagenes\/2024\/03\/diccionario-icono-96x96.png 96w\" sizes=\"(max-width: 512px) 100vw, 512px\" \/><\/figure>\n<\/div>\n\n\n<h2 class=\"wp-block-heading\" id=\"H\"><strong>H<\/strong><\/h2>\n\n\n\n<h3 class=\"wp-block-heading has-background\" style=\"background-color:#eff2f4\"><a href=\"https:\/\/agenciaseonetbulb.com\/noticias\/diccionario-digital\/hotmail\/\">Hotmail<\/a><\/h3>\n\n\n<div class=\"wp-block-image\">\n<figure class=\"alignleft size-full is-resized\"><img fetchpriority=\"high\" decoding=\"async\" width=\"512\" height=\"512\" src=\"https:\/\/agenciaseonetbulb.com\/noticias\/wp-content\/imagenes\/2024\/03\/diccionario-icono.png\" alt=\"icono de diccionario\" class=\"wp-image-6301\" style=\"object-fit:cover;width:40px;height:40px\" title=\"\" srcset=\"https:\/\/agenciaseonetbulb.com\/noticias\/wp-content\/imagenes\/2024\/03\/diccionario-icono.png 512w, https:\/\/agenciaseonetbulb.com\/noticias\/wp-content\/imagenes\/2024\/03\/diccionario-icono-300x300.png 300w, https:\/\/agenciaseonetbulb.com\/noticias\/wp-content\/imagenes\/2024\/03\/diccionario-icono-150x150.png 150w, https:\/\/agenciaseonetbulb.com\/noticias\/wp-content\/imagenes\/2024\/03\/diccionario-icono-450x450.png 450w, https:\/\/agenciaseonetbulb.com\/noticias\/wp-content\/imagenes\/2024\/03\/diccionario-icono-96x96.png 96w\" sizes=\"(max-width: 512px) 100vw, 512px\" \/><\/figure>\n<\/div>\n\n\n<h2 class=\"wp-block-heading\" id=\"I\"><strong>I<\/strong><\/h2>\n\n\n\n<h3 class=\"wp-block-heading has-background\" style=\"background-color:#eff2f4\"><a href=\"https:\/\/agenciaseonetbulb.com\/noticias\/diccionario-digital\/ilovepdf\/\">IlovePDF<\/a><\/h3>\n\n\n<div class=\"wp-block-image\">\n<figure class=\"alignleft size-full is-resized\"><img fetchpriority=\"high\" decoding=\"async\" width=\"512\" height=\"512\" src=\"https:\/\/agenciaseonetbulb.com\/noticias\/wp-content\/imagenes\/2024\/03\/diccionario-icono.png\" alt=\"icono de diccionario\" class=\"wp-image-6301\" style=\"object-fit:cover;width:40px;height:40px\" title=\"\" srcset=\"https:\/\/agenciaseonetbulb.com\/noticias\/wp-content\/imagenes\/2024\/03\/diccionario-icono.png 512w, https:\/\/agenciaseonetbulb.com\/noticias\/wp-content\/imagenes\/2024\/03\/diccionario-icono-300x300.png 300w, https:\/\/agenciaseonetbulb.com\/noticias\/wp-content\/imagenes\/2024\/03\/diccionario-icono-150x150.png 150w, https:\/\/agenciaseonetbulb.com\/noticias\/wp-content\/imagenes\/2024\/03\/diccionario-icono-450x450.png 450w, https:\/\/agenciaseonetbulb.com\/noticias\/wp-content\/imagenes\/2024\/03\/diccionario-icono-96x96.png 96w\" sizes=\"(max-width: 512px) 100vw, 512px\" \/><\/figure>\n<\/div>\n\n\n<h2 class=\"wp-block-heading\" id=\"S\"><strong>S<\/strong><\/h2>\n\n\n\n<h3 class=\"wp-block-heading has-background\" style=\"background-color:#eff2f4\"><a href=\"https:\/\/agenciaseonetbulb.com\/noticias\/diccionario-digital\/software\/\">Software<\/a><\/h3>\n\n\n\n<p><strong>Branding<\/strong><\/p>\n\n\n\n<p>El branding es el proceso de crear y mantener una marca reconocida y valorada por los consumidores. Incluye la identidad visual de la marca, como su logo y colores distintivos, as\u00ed como la forma en que se presenta y se comunica la marca a trav\u00e9s de diversos canales, incluyendo publicidad, redes sociales, sitios web y relaciones p\u00fablicas.<\/p>\n\n\n\n<iframe width=\"100%\" height=\"166\" scrolling=\"no\" frameborder=\"no\" allow=\"autoplay\" src=\"https:\/\/w.soundcloud.com\/player\/?url=https%3A\/\/api.soundcloud.com\/tracks\/270635564&amp;color=%230176c6&amp;auto_play=false&amp;hide_related=false&amp;show_comments=true&amp;show_user=true&amp;show_reposts=false&amp;show_teaser=true\"><\/iframe><div style=\"font-size: 10px; color: #cccccc;line-break: anywhere;word-break: normal;overflow: hidden;white-space: nowrap;text-overflow: ellipsis; font-family: Interstate,Lucida Grande,Lucida Sans Unicode,Lucida Sans,Garuda,Verdana,Tahoma,sans-serif;font-weight: 100;\"><a href=\"https:\/\/soundcloud.com\/netbulbsocialmedia\" title=\"netbulb social media\" target=\"_blank\" style=\"color: #cccccc; text-decoration: none;\" rel=\"noopener\">netbulb social media<\/a> \u00b7 <a href=\"https:\/\/soundcloud.com\/netbulbsocialmedia\/wom-de-boca-en-boca-episodio-1-branding\" title=\"Wom | De boca en boca. Episodio 1: Branding\" target=\"_blank\" style=\"color: #cccccc; text-decoration: none;\" rel=\"noopener\">Wom | De boca en boca. Episodio 1: Branding<\/a><\/div>\n\n\n\n<p>El objetivo del branding es diferenciar a una marca de la competencia y crear una conexi\u00f3n emocional con los consumidores. Esto puede crear fidelidad de los clientes, aumentar la percepci\u00f3n de valor y aumentar la demanda por los productos o servicios que se ofrecen. Adem\u00e1s, una estrategia s\u00f3lida de branding puede ayudar a construir una reputaci\u00f3n s\u00f3lida y duradera para una empresa o marca.<\/p>\n\n\n\n<p><strong>Chatbots<\/strong><\/p>\n\n\n<div class=\"wp-block-image\">\n<figure class=\"aligncenter\"><a href=\"https:\/\/agenciaseonetbulb.com\/noticias\/que-son-los-chatbots-mejores-chatbots\/\"><img decoding=\"async\" src=\"https:\/\/agenciaseonetbulb.com\/noticias\/wp-content\/uploads\/2017\/11\/chatbos-que-son.jpg\" alt=\"qu\u00e9 son los chatbots\" title=\"glosario chatbots seo\"\/><\/a><\/figure>\n<\/div>\n\n\n<p>Un chatbot es un <a href=\"https:\/\/agenciaseonetbulb.com\/noticias\/diccionario-marketing-digital\/software\/\">software<\/a> que imita una conversaci\u00f3n similar a la de un humano con los usuarios a trav\u00e9s de sitios web y aplicaciones de mensajer\u00eda m\u00f3vil.<\/p>\n\n\n\n<p>Los chatbots responden a las preguntas de los usuarios y les ayudan a realizar tareas sencillas sin la ayuda de un ser humano.<\/p>\n\n\n\n<p>Accede a nuestro post donde os explicamos en profundidad <a href=\"https:\/\/agenciaseonetbulb.com\/noticias\/que-son-los-chatbots-mejores-chatbots\/\" target=\"_blank\" rel=\"noopener\">que son los chatbots<\/a> y cuales son los mejores<\/p>\n\n\n\n<h3 class=\"wp-block-heading\"><b>Conversi\u00f3n<\/b><\/h3>\n\n\n\n<p>Una conversi\u00f3n en marketing se refiere a una acci\u00f3n deseada realizada por un visitante de un sitio web. Esta acci\u00f3n puede ser cualquier cosa, desde comprar un producto, suscribirse a un bolet\u00edn electr\u00f3nico, rellenar un formulario de contacto, descargar un recurso gratuito, hasta simplemente leer un blog post.<\/p>\n\n\n\n<p>En t\u00e9rminos de optimizaci\u00f3n de conversi\u00f3n, el objetivo es aumentar el porcentaje de visitantes que realizan la acci\u00f3n deseada en un sitio web. Esto se puede lograr mediante una combinaci\u00f3n de factores, como la optimizaci\u00f3n del dise\u00f1o y la usabilidad del sitio, la personalizaci\u00f3n del contenido y la oferta, y la optimizaci\u00f3n del flujo de conversi\u00f3n.<\/p>\n\n\n\n<p>En resumen, una conversi\u00f3n es un indicador clave del \u00e9xito de una estrategia de marketing y se mide para entender el rendimiento de un sitio web y mejorar la eficacia de las campa\u00f1as<a name=\"conversionanalytics\"><\/a><\/p>\n\n\n\n<h3 class=\"wp-block-heading\"><strong>CPA<\/strong>&nbsp;(Costo Por Acci\u00f3n)<\/h3>\n\n\n\n<p>CPA o Costo Por Acci\u00f3n es un modelo de pago en el que un anunciante solo paga por una acci\u00f3n espec\u00edfica realizada por un usuario en su sitio web. Esta acci\u00f3n puede ser cualquier cosa, desde una compra, una suscripci\u00f3n, un formulario de contacto completado, hasta una descarga de un recurso gratuito.<\/p>\n\n\n\n<p>El objetivo de una estrategia de marketing basada en CPA es maximizar la eficiencia y rentabilidad de las campa\u00f1as publicitarias, ya que el anunciante solo paga por resultados concretos. Adem\u00e1s, el CPA tambi\u00e9n es una forma efectiva de medir el \u00e9xito de una campa\u00f1a, ya que permite verificar cu\u00e1nto cuesta obtener una acci\u00f3n deseada.<\/p>\n\n\n\n<p>En la publicidad online el CPA se utiliza com\u00fanmente en formato de programas de afiliaci\u00f3n, donde un afiliado recibe un pago por cada acci\u00f3n realizada por un usuario que hace clic en un enlace de afiliado y realiza una acci\u00f3n en el sitio web del anunciante.<\/p>\n\n\n\n<h3 class=\"wp-block-heading\"><strong>CPC <\/strong>(Coste por clic)<\/h3>\n\n\n\n<p>Convenio de compra en el que el anunciante paga una cantidad s\u00f3lo cuando los usuarios hacen clic en su publicidad. Relacionado con este concepto encontramos el PPC (Pay per Click o Pago por clic).<\/p>\n\n\n\n<h3 class=\"wp-block-heading\"><strong>CPI <\/strong>(Coste por impresi\u00f3n)<\/h3>\n\n\n\n<p>Convenio de compra en el que el anunciante paga una cantidad por cada impresi\u00f3n que se realice de su publicidad, independientemente de que se haga clic o no sobre ella.<\/p>\n\n\n\n<h3 class=\"wp-block-heading\"><strong>CRM <\/strong>(Customer Relationship Management)<\/h3>\n\n\n\n<p>Gesti\u00f3n de la Relaci\u00f3n con los clientes que trata de reunir la mayor cantidad de informaci\u00f3n posible acerca del consumidor para aumentar su grado de satisfacci\u00f3n y establecer una relaci\u00f3n m\u00e1s duradera.<\/p>\n\n\n\n<h3 class=\"wp-block-heading\"><strong>Crowdfunding<\/strong><\/h3>\n\n\n\n<p>M\u00e9todo de financiaci\u00f3n colectiva para llevar a cabo un proyecto a partir de donaciones de usuarios.<\/p>\n\n\n\n<h3 class=\"wp-block-heading\"><strong>CSS<\/strong><\/h3>\n\n\n\n<p>Hojas de estilo para configurar el dise\u00f1o de una web en funci\u00f3n de tipograf\u00edas, formas o colores.<\/p>\n\n\n\n<h3 class=\"wp-block-heading\"><strong>CTR <\/strong>(Clic Through Rate)<\/h3>\n\n\n\n<p>Nos permite conocer el porcentaje de clics en un anuncio y saber la eficacia de una promoci\u00f3n. Es el resultado de dividir el n\u00famero de impresiones entre el n\u00famero de clics.<\/p>\n\n\n\n<h3 class=\"wp-block-heading\"><strong>eCommerce<\/strong><\/h3>\n\n\n\n<p>Proceso de compra, venta o intercambio de bienes, servicios e informaci\u00f3n a trav\u00e9s de las redes de comunicaci\u00f3n.<\/p>\n\n\n\n<h3 class=\"wp-block-heading\"><strong>Email marketing<\/strong><\/h3>\n\n\n\n<p>Estrategia de marketing basada en el contacto con sus usuarios a partir de emails.<\/p>\n\n\n\n<h3 class=\"wp-block-heading\"><strong>Engagement<\/strong><\/h3>\n\n\n\n<p>El Engagement es un t\u00e9rmino que se refiere a la interacci\u00f3n y participaci\u00f3n de un usuario con una marca, producto o servicio. En el contexto del marketing, el engagement se refiere a medir y aumentar la implicaci\u00f3n y la participaci\u00f3n de un p\u00fablico objetivo con una marca o empresa.<\/p>\n\n\n\n<p>El engagement puede incluir una amplia gama de acciones, desde \u00abme gusta\u00bb y comentarios en las redes sociales, hasta la suscripci\u00f3n a un bolet\u00edn informativo o la compra de un producto. Cualquier acci\u00f3n que muestre una conexi\u00f3n emocional y un inter\u00e9s activo por parte del usuario se considera engagement.<\/p>\n\n\n\n<h3 class=\"wp-block-heading\"><strong>EPC <\/strong>(Earnings per click)<\/h3>\n\n\n\n<p>Ganancias o conversi\u00f3n que se consigue con cada clic.<\/p>\n\n\n\n<h3 class=\"wp-block-heading\"><strong>Estudio de mercado<\/strong><\/h3>\n\n\n\n<p>Es la recopilaci\u00f3n y an\u00e1lisis de una empresa y el sector al que pertenece para ayudar a tomar decisiones y guiar las acciones de marketing.<\/p>\n\n\n\n<h3 class=\"wp-block-heading\"><strong>Favicon<\/strong><\/h3>\n\n\n\n<p>Icono que aparece al lado de una direcci\u00f3n URL en el navegador.<\/p>\n\n\n\n<h3 class=\"wp-block-heading\"><strong>Feed<\/strong><\/h3>\n\n\n\n<p>Archivo XML que contiene informaci\u00f3n de un sitio web y que se reescribe autom\u00e1ticamente cada vez que los contenidos de la web se actualizan. Se trata de una forma en la que el usuario recibe la informaci\u00f3n que quiere sin necesidad de buscarla.<\/p>\n\n\n\n<h3 class=\"wp-block-heading\"><strong>Frames<\/strong><\/h3>\n\n\n\n<p>Cuadros en los que se puede dividir una p\u00e1gina web para ordenarla. El uso de estos frames dificulta la navegaci\u00f3n de los robots y el posicionamiento de la p\u00e1gina.<\/p>\n","protected":false},"excerpt":{"rendered":"<p>Listado alfab\u00e9tico A B C D E F G H I J K L M N O P Q R S T U W X Y Z Diccionario A continuaci\u00f3n os mostramos un&nbsp;diccionario de Marketing DIgital con t\u00e9rminos generales . Adem\u00e1s, a\u00f1adimos t\u00e9rminos espec\u00edficos de los diferentes \u00e1reas para todas aquellas personas que deseen obtener [&hellip;]<\/p>\n","protected":false},"author":6,"featured_media":0,"parent":0,"menu_order":0,"comment_status":"closed","ping_status":"closed","template":"","meta":{"_acf_changed":false,"footnotes":"","_links_to":"","_links_to_target":""},"class_list":["post-6157","page","type-page","status-publish"],"acf":[],"_links":{"self":[{"href":"https:\/\/agenciaseonetbulb.com\/noticias\/wp-json\/wp\/v2\/pages\/6157","targetHints":{"allow":["GET"]}}],"collection":[{"href":"https:\/\/agenciaseonetbulb.com\/noticias\/wp-json\/wp\/v2\/pages"}],"about":[{"href":"https:\/\/agenciaseonetbulb.com\/noticias\/wp-json\/wp\/v2\/types\/page"}],"author":[{"embeddable":true,"href":"https:\/\/agenciaseonetbulb.com\/noticias\/wp-json\/wp\/v2\/users\/6"}],"replies":[{"embeddable":true,"href":"https:\/\/agenciaseonetbulb.com\/noticias\/wp-json\/wp\/v2\/comments?post=6157"}],"version-history":[{"count":45,"href":"https:\/\/agenciaseonetbulb.com\/noticias\/wp-json\/wp\/v2\/pages\/6157\/revisions"}],"predecessor-version":[{"id":10882,"href":"https:\/\/agenciaseonetbulb.com\/noticias\/wp-json\/wp\/v2\/pages\/6157\/revisions\/10882"}],"wp:attachment":[{"href":"https:\/\/agenciaseonetbulb.com\/noticias\/wp-json\/wp\/v2\/media?parent=6157"}],"curies":[{"name":"wp","href":"https:\/\/api.w.org\/{rel}","templated":true}]}}