{"id":6151,"date":"2024-03-19T20:00:12","date_gmt":"2024-03-19T19:00:12","guid":{"rendered":"https:\/\/agenciaseonetbulb.com\/noticias\/?page_id=6151"},"modified":"2024-03-20T12:30:29","modified_gmt":"2024-03-20T11:30:29","slug":"hotmail","status":"publish","type":"page","link":"https:\/\/agenciaseonetbulb.com\/noticias\/diccionario-marketing-digital\/hotmail\/","title":{"rendered":"Hotmail"},"content":{"rendered":"\n<h2 class=\"wp-block-heading has-text-align-left has-medium-font-size\" id=\"h-concepto-y-definicion\" style=\"font-style:normal;font-weight:300\">Concepto y definici\u00f3n<\/h2>\n\n\n\n<h2 class=\"wp-block-heading\" id=\"h-que-es-hotmail\"><strong>\u00bfQu\u00e9 es Hotmail?<\/strong><\/h2>\n\n\n\n<p><strong>Hotmail fue uno de los primeros servicios de correo electr\u00f3nico gratuitos<\/strong> y se cre\u00f3 hace casi 15 a\u00f1os , en julio de 1996 en Silicon Valley. <\/p>\n\n\n\n<h2 class=\"wp-block-heading\"><strong>Historia<\/strong><\/h2>\n\n\n\n<figure class=\"wp-block-image size-full\"><img fetchpriority=\"high\" decoding=\"async\" width=\"400\" height=\"225\" src=\"https:\/\/agenciaseonetbulb.com\/noticias\/wp-content\/imagenes\/2024\/03\/origen-hotmail.png\" alt=\"origen de hotmail\" class=\"wp-image-6155\" title=\"\" srcset=\"https:\/\/agenciaseonetbulb.com\/noticias\/wp-content\/imagenes\/2024\/03\/origen-hotmail.png 400w, https:\/\/agenciaseonetbulb.com\/noticias\/wp-content\/imagenes\/2024\/03\/origen-hotmail-300x169.png 300w, https:\/\/agenciaseonetbulb.com\/noticias\/wp-content\/imagenes\/2024\/03\/origen-hotmail-150x84.png 150w\" sizes=\"(max-width: 400px) 100vw, 400px\" \/><\/figure>\n\n\n\n<p>Inicialmente el nombre se escrib\u00eda como HoTMaiL (para enfatizar la conexi\u00f3n con HTML) y a finales de 1997 el servicio contaba con un mill\u00f3n de usuarios. Tambi\u00e9n ese a\u00f1o Hotmail fue adquirido por Microsoft y incorporado a la familia de servicios MSN.<\/p>\n\n\n\n<p>A finales de 1999, <strong>Hotmail ten\u00eda 30 millones de cuentas de correo electr\u00f3nico activas<\/strong>. Seis a\u00f1os despu\u00e9s, el correo electr\u00f3nico se integr\u00f3 profundamente con los servicios de Windows Live , lo que result\u00f3 en el estreno de una versi\u00f3n actualizada en 2007. <\/p>\n\n\n\n<p>Desde entonces, Hotmail ha sufrido numerosas \u00abmodernizaciones\u00bb, la m\u00e1s reciente en la segunda mitad del a\u00f1o pasado. <strong>Hotmail es utilizado por casi 370 millones de usuarios y actualmente es el sistema de correo electr\u00f3nico m\u00e1s grande del mundo<\/strong> <\/p>\n\n\n\n<h2 class=\"wp-block-heading\">C<strong>aracter\u00edsticas de Hotmail<\/strong><\/h2>\n\n\n\n<p>Hotmail se distingue por su interfaz completa y sencilla, lo que facilita el env\u00edo y recepci\u00f3n de correos electr\u00f3nicos. Tras su fusi\u00f3n con Outlook, se a\u00f1adi\u00f3 la funcionalidad de Office Web Apps, permitiendo visualizar y editar archivos de Word, Excel y PowerPoint en l\u00ednea. Adem\u00e1s, la interfaz se volvi\u00f3 m\u00e1s organizada y f\u00e1cil de manejar.<\/p>\n\n\n\n<p>Una de las ventajas m\u00e1s destacadas de Hotmail es su almacenamiento ilimitado, adapt\u00e1ndose a las necesidades de cada usuario. Tambi\u00e9n permite el env\u00edo directo de archivos de gran tama\u00f1o, superiores a los 25 MB, lo que lo convierte en una opci\u00f3n ideal para compartir documentos pesados.<\/p>\n\n\n\n<p>La accesibilidad es otra caracter\u00edstica clave de Hotmail, ya que se puede acceder a la cuenta desde cualquier dispositivo con conexi\u00f3n a Internet.<\/p>\n\n\n\n<p>Para aquellos usuarios que necesitan una gesti\u00f3n m\u00e1s detallada de sus correos y documentos, Hotmail ofrece diversas opciones de organizaci\u00f3n, como clasificar por fecha, asunto, tama\u00f1o de archivo o conversaci\u00f3n.<\/p>\n\n\n\n<p>Adem\u00e1s, cuenta con un eficiente sistema de filtrado de correos no deseados, lo que ayuda a mantener la bandeja de entrada limpia de spam.<\/p>\n\n\n\n<p>En un mundo donde el networking es fundamental, Hotmail facilita la creaci\u00f3n de una red de contactos profesionales, con una amplia base de usuarios registrados en la plataforma.<\/p>\n\n\n\n<p>La integraci\u00f3n con Skype es otra funcionalidad destacada del nuevo Hotmail, permitiendo a los usuarios comunicarse f\u00e1cilmente a trav\u00e9s de videollamadas y mensajes instant\u00e1neos.<\/p>\n\n\n\n<h2 class=\"wp-block-heading\"><strong>C\u00f3mo acceder a Hotmail<\/strong><\/h2>\n\n\n\n<figure class=\"wp-block-image size-large\"><img decoding=\"async\" width=\"1024\" height=\"446\" src=\"https:\/\/agenciaseonetbulb.com\/noticias\/wp-content\/imagenes\/2024\/03\/image-3-1024x446.png\" alt=\"actual hotmail\" class=\"wp-image-6154\" title=\"\" srcset=\"https:\/\/agenciaseonetbulb.com\/noticias\/wp-content\/imagenes\/2024\/03\/image-3-1024x446.png 1024w, https:\/\/agenciaseonetbulb.com\/noticias\/wp-content\/imagenes\/2024\/03\/image-3-300x131.png 300w, https:\/\/agenciaseonetbulb.com\/noticias\/wp-content\/imagenes\/2024\/03\/image-3-768x335.png 768w, https:\/\/agenciaseonetbulb.com\/noticias\/wp-content\/imagenes\/2024\/03\/image-3-1536x669.png 1536w, https:\/\/agenciaseonetbulb.com\/noticias\/wp-content\/imagenes\/2024\/03\/image-3-450x196.png 450w, https:\/\/agenciaseonetbulb.com\/noticias\/wp-content\/imagenes\/2024\/03\/image-3-780x340.png 780w, https:\/\/agenciaseonetbulb.com\/noticias\/wp-content\/imagenes\/2024\/03\/image-3-1600x697.png 1600w, https:\/\/agenciaseonetbulb.com\/noticias\/wp-content\/imagenes\/2024\/03\/image-3-150x65.png 150w, https:\/\/agenciaseonetbulb.com\/noticias\/wp-content\/imagenes\/2024\/03\/image-3.png 1607w\" sizes=\"(max-width: 1024px) 100vw, 1024px\" \/><\/figure>\n\n\n\n<p>Para acceder a Hotmail, simplemente abre tu navegador web y visita el sitio web oficial de <a href=\"https:\/\/login.live.com\/login.srf?wa=wsignin1.0&amp;rpsnv=22&amp;ct=1710919087&amp;rver=7.0.6738.0&amp;wp=MBI_SSL&amp;wreply=https%3a%2f%2foutlook.live.com%2fowa%2f%3fnlp%3d1%26RpsCsrfState%3d6093c37f-17f5-f91d-25a7-d100ec2cd12f&amp;id=292841&amp;aadredir=1&amp;CBCXT=out&amp;lw=1&amp;fl=dob%2cflname%2cwld&amp;cobrandid=90015\" target=\"_blank\" rel=\"noopener\">Outlook<\/a>, que es el servicio de correo electr\u00f3nico que ahora sustituye a Hotmail. Luego, ingresa tu direcci\u00f3n de correo electr\u00f3nico y contrase\u00f1a en los campos proporcionados y haz clic en &#8216;Iniciar sesi\u00f3n&#8217; para acceder a tu cuenta de Hotmail.<\/p>\n","protected":false},"excerpt":{"rendered":"<p>Concepto y definici\u00f3n \u00bfQu\u00e9 es Hotmail? Hotmail fue uno de los primeros servicios de correo electr\u00f3nico gratuitos y se cre\u00f3 hace casi 15 a\u00f1os , en julio de 1996 en Silicon Valley. Historia Inicialmente el nombre se escrib\u00eda como HoTMaiL (para enfatizar la conexi\u00f3n con HTML) y a finales de 1997 el servicio contaba con [&hellip;]<\/p>\n","protected":false},"author":6,"featured_media":0,"parent":6157,"menu_order":0,"comment_status":"closed","ping_status":"closed","template":"","meta":{"_acf_changed":false,"footnotes":"","_links_to":"","_links_to_target":""},"class_list":["post-6151","page","type-page","status-publish"],"acf":[],"_links":{"self":[{"href":"https:\/\/agenciaseonetbulb.com\/noticias\/wp-json\/wp\/v2\/pages\/6151","targetHints":{"allow":["GET"]}}],"collection":[{"href":"https:\/\/agenciaseonetbulb.com\/noticias\/wp-json\/wp\/v2\/pages"}],"about":[{"href":"https:\/\/agenciaseonetbulb.com\/noticias\/wp-json\/wp\/v2\/types\/page"}],"author":[{"embeddable":true,"href":"https:\/\/agenciaseonetbulb.com\/noticias\/wp-json\/wp\/v2\/users\/6"}],"replies":[{"embeddable":true,"href":"https:\/\/agenciaseonetbulb.com\/noticias\/wp-json\/wp\/v2\/comments?post=6151"}],"version-history":[{"count":10,"href":"https:\/\/agenciaseonetbulb.com\/noticias\/wp-json\/wp\/v2\/pages\/6151\/revisions"}],"predecessor-version":[{"id":6353,"href":"https:\/\/agenciaseonetbulb.com\/noticias\/wp-json\/wp\/v2\/pages\/6151\/revisions\/6353"}],"up":[{"embeddable":true,"href":"https:\/\/agenciaseonetbulb.com\/noticias\/wp-json\/wp\/v2\/pages\/6157"}],"wp:attachment":[{"href":"https:\/\/agenciaseonetbulb.com\/noticias\/wp-json\/wp\/v2\/media?parent=6151"}],"curies":[{"name":"wp","href":"https:\/\/api.w.org\/{rel}","templated":true}]}}