{"id":4807,"date":"2023-02-21T08:38:21","date_gmt":"2023-02-21T07:38:21","guid":{"rendered":"https:\/\/agenciaseonetbulb.com\/noticias\/?page_id=4807"},"modified":"2024-03-17T22:06:48","modified_gmt":"2024-03-17T21:06:48","slug":"que-es-black-hat-seo","status":"publish","type":"page","link":"https:\/\/agenciaseonetbulb.com\/noticias\/diccionario-seo\/que-es-black-hat-seo\/","title":{"rendered":"Black hat SEO"},"content":{"rendered":"\n<p>Hoy en el&nbsp;<a href=\"https:\/\/agenciaseonetbulb.com\/noticias\/diccionario-seo\/\">diccionario SEO<\/a>&nbsp;os traemos un nuevo t\u00e9rmino y os vamos a explicar \u00ab<strong>qu\u00e9 es black hat SEO<\/strong>\u00bb de manera clara y tangible donde te permitir\u00e1 ver con mayor claridad esta descripci\u00f3n:<\/p>\n\n\n\n<h2 class=\"wp-block-heading\" id=\"h-que-es-el-black-hat-seo\">Qu\u00e9 es el BLACK HAT SEO \ud83c\udfa9<\/h2>\n\n\n\n<h3 class=\"wp-block-heading\" id=\"h-definicion-de-black-hat-seo\">Definici\u00f3n de&nbsp;Black Hat SEO<\/h3>\n\n\n\n<p>El SEO (Search Engine Optimization) es un conjunto de t\u00e9cnicas que tienen como objetivo mejorar la visibilidad de un sitio web en los resultados de b\u00fasqueda de los motores de b\u00fasqueda, como Google, <a href=\"https:\/\/agenciaseonetbulb.com\/noticias\/diccionario-seo\/que-es-bing\/\">Bing<\/a> o Yahoo. Estas t\u00e9cnicas se dividen en dos categor\u00edas principales: White Hat SEO y Black Hat SEO.<\/p>\n\n\n<div class=\"wp-block-image\">\n<figure class=\"aligncenter size-full is-resized\"><a href=\"https:\/\/agenciaseonetbulb.com\/noticias\/wp-content\/uploads\/2023\/02\/black-hat-que-es.gif\"><img decoding=\"async\" src=\"https:\/\/agenciaseonetbulb.com\/noticias\/wp-content\/uploads\/2023\/02\/black-hat-que-es.gif\" alt=\"Black hat SEO\" class=\"wp-image-4803\" style=\"width:659px;height:371px\" title=\"\"><\/a><\/figure>\n<\/div>\n\n\n<p>Mientras que el White Hat SEO se enfoca en mejorar la calidad del contenido del sitio web, la experiencia del usuario y el cumplimiento de las directrices de los motores de b\u00fasqueda, el Black Hat SEO se centra en la manipulaci\u00f3n de los motores de b\u00fasqueda para obtener un mejor posicionamiento en los resultados de b\u00fasqueda.<\/p>\n\n\n\n<p>Algunas de las t\u00e9cnicas de Black Hat SEO m\u00e1s comunes incluyen la creaci\u00f3n de contenido duplicado, el relleno de palabras clave, la ocultaci\u00f3n de texto y enlaces, la compra de enlaces y la creaci\u00f3n de granjas de enlaces. Estas t\u00e9cnicas pueden proporcionar resultados inmediatos, pero a largo plazo pueden resultar perjudiciales para la reputaci\u00f3n y visibilidad de un sitio web en los motores de b\u00fasqueda.<\/p>\n\n\n\n<p>Adem\u00e1s, los motores de b\u00fasqueda, como Google, han implementado algoritmos cada vez m\u00e1s avanzados para detectar y penalizar las pr\u00e1cticas de Black Hat SEO. Las penalizaciones pueden incluir la eliminaci\u00f3n del sitio web de los resultados de b\u00fasqueda o la reducci\u00f3n significativa de su posicionamiento en los resultados de b\u00fasqueda, lo que puede tener un impacto negativo en la visibilidad y el tr\u00e1fico del sitio web.<\/p>\n\n\n\n<p class=\"has-black-color has-pale-cyan-blue-background-color has-text-color has-background\">\u25b6 <strong>Te puede interesar: Diferencias entre black hat VS white hat<\/strong><\/p>\n\n\n\n<h2 class=\"wp-block-heading\" id=\"h-cuales-son-las-tecnicas-mas-populares-del-black-hat-seo\">Cuales son las t\u00e9cnicas m\u00e1s populares del black hat seo<\/h2>\n\n\n\n<p>El Black Hat SEO incluye una variedad de t\u00e9cnicas de manipulaci\u00f3n de motores de b\u00fasqueda, algunas de las m\u00e1s populares son:<\/p>\n\n\n\n<ol class=\"wp-block-list\">\n<li><strong>Contenido duplicado<\/strong>: esta t\u00e9cnica consiste en copiar y pegar contenido de otros sitios web para crear contenido similar en un sitio web. El objetivo es aumentar la cantidad de contenido y mejorar el posicionamiento en los motores de b\u00fasqueda, pero esto se considera una violaci\u00f3n de los derechos de autor y los motores de b\u00fasqueda penalizan esta pr\u00e1ctica.<\/li>\n\n\n\n<li><strong>Relleno de palabras clave: <\/strong>esta t\u00e9cnica implica repetir una palabra clave en el contenido del sitio web muchas veces para mejorar el posicionamiento en los motores de b\u00fasqueda. Sin embargo, esto puede dificultar la lectura del contenido y se considera una pr\u00e1ctica enga\u00f1osa por parte de los motores de b\u00fasqueda.<\/li>\n\n\n\n<li><strong>Ocultaci\u00f3n de texto y enlaces<\/strong>: esta t\u00e9cnica implica ocultar texto o enlaces en un sitio web al hacerlos del mismo color que el fondo o usando peque\u00f1as fuentes. El objetivo es agregar m\u00e1s contenido para mejorar el posicionamiento en los motores de b\u00fasqueda, pero esta t\u00e9cnica tambi\u00e9n es penalizada por los motores de b\u00fasqueda.<\/li>\n\n\n\n<li><strong>Compra de enlaces: <\/strong>esta t\u00e9cnica implica comprar enlaces de otros sitios web para aumentar la cantidad de enlaces entrantes en el sitio web. Los motores de b\u00fasqueda valoran la calidad de los enlaces y penalizan esta pr\u00e1ctica cuando los enlaces son de baja calidad o irrelevantes.<\/li>\n\n\n\n<li><strong>Granjas de enlaces: <\/strong>esta t\u00e9cnica implica crear m\u00faltiples sitios web para crear enlaces entrantes hacia un sitio web espec\u00edfico. Los motores de b\u00fasqueda consideran que esto es una forma de manipulaci\u00f3n de los enlaces y penalizan esta pr\u00e1ctica.<\/li>\n\n\n\n<li><strong><a href=\"https:\/\/agenciaseonetbulb.com\/noticias\/diccionario-seo\/cloaking\/\">Cloaking<\/a>:<\/strong> esta t\u00e9cnica implica mostrar diferentes contenidos a los usuarios y a los motores de b\u00fasqueda. Por ejemplo, el sitio web puede mostrar contenido espec\u00edfico para los motores de b\u00fasqueda y otro contenido diferente para los usuarios. El objetivo es clasificar para palabras clave no relacionadas y atraer tr\u00e1fico no relevante, pero esto es considerado una pr\u00e1ctica enga\u00f1osa por los motores de b\u00fasqueda.<\/li>\n\n\n\n<li><strong>Puerta de entrada (Doorway Pages): <\/strong>esta t\u00e9cnica consiste en crear p\u00e1ginas espec\u00edficas para palabras clave y luego redireccionar a los usuarios a otras p\u00e1ginas. Estas p\u00e1ginas son creadas espec\u00edficamente para los motores de b\u00fasqueda y no ofrecen ning\u00fan valor real para el usuario.<\/li>\n\n\n\n<li><strong>SPAM de comentarios: <\/strong>esta t\u00e9cnica implica dejar comentarios irrelevantes o promocionales en otros sitios web con enlaces de vuelta a su sitio web. Aunque esta pr\u00e1ctica puede generar enlaces, no es \u00e9tica y los motores de b\u00fasqueda la penalizan.<\/li>\n\n\n\n<li><strong>Compra de seguidores y likes:<\/strong> esta t\u00e9cnica implica comprar seguidores y likes en las redes sociales para mejorar la apariencia de popularidad. Aunque esto puede mejorar la apariencia de la cuenta, no es una estrategia efectiva para aumentar la participaci\u00f3n y las conversiones, y los motores de b\u00fasqueda no valoran esta pr\u00e1ctica.<\/li>\n<\/ol>\n\n\n\n<h2 class=\"wp-block-heading\" id=\"h-por-que-google-penaliza-el-black-hat-seo\">\u00bfPor qu\u00e9 Google penaliza el Black Hat SEO?<\/h2>\n\n\n\n<p><a href=\"https:\/\/developers.google.com\/search\/docs\/essentials?hl=es\" data-type=\"URL\" data-id=\"https:\/\/developers.google.com\/search\/docs\/essentials?hl=es\" target=\"_blank\" rel=\"noreferrer noopener\">Google<\/a> penaliza el Black Hat SEO porque estas pr\u00e1cticas violan las directrices de calidad y \u00e9tica que impone el motor de b\u00fasqueda. Google se esfuerza por proporcionar a sus usuarios resultados de b\u00fasqueda relevantes y \u00fatiles, y cualquier t\u00e9cnica que manipule los resultados de b\u00fasqueda no se ajusta a su visi\u00f3n.<\/p>\n\n\n\n<p>Adem\u00e1s, el Black Hat SEO puede da\u00f1ar la experiencia del usuario en l\u00ednea. Si un sitio web utiliza t\u00e9cnicas de Black Hat SEO para clasificar en los resultados de b\u00fasqueda, es probable que la calidad del contenido no sea buena y que no cumpla con las expectativas del usuario. Esto puede llevar a que el usuario tenga una mala experiencia en el sitio web, lo que puede da\u00f1ar la reputaci\u00f3n de Google.<\/p>\n\n\n\n<p>Otra raz\u00f3n por la cual Google penaliza el Black Hat SEO es porque estas pr\u00e1cticas enga\u00f1an a los anunciantes y empresas que utilizan la publicidad en l\u00ednea para generar tr\u00e1fico. Si un sitio web clasifica en los resultados de b\u00fasqueda con t\u00e9cnicas enga\u00f1osas, los anunciantes pueden terminar invirtiendo en publicidad que no les proporcionar\u00e1 el retorno de inversi\u00f3n esperado.<\/p>\n\n\n\n<h2 class=\"wp-block-heading\" id=\"h-conclusiones\">Conclusiones<\/h2>\n\n\n\n<p>El Black Hat SEO es una t\u00e9cnica de optimizaci\u00f3n de motores de b\u00fasqueda deshonesta que busca manipular los resultados de b\u00fasqueda para obtener un mejor posicionamiento en los motores de b\u00fasqueda. <\/p>\n\n\n\n<p>Aunque estas t\u00e9cnicas pueden proporcionar resultados a corto plazo, son perjudiciales para la reputaci\u00f3n del sitio web y pueden resultar en penalizaciones por parte de los motores de b\u00fasqueda, lo que puede tener un impacto negativo en la visibilidad y el tr\u00e1fico del sitio web. <\/p>\n\n\n\n<p>Es importante que los propietarios de sitios web se centren en t\u00e9cnicas de White Hat SEO para mejorar la calidad y relevancia de su contenido y garantizar el \u00e9xito a largo plazo de su sitio web.<\/p>\n","protected":false},"excerpt":{"rendered":"<p>Hoy en el&nbsp;diccionario SEO&nbsp;os traemos un nuevo t\u00e9rmino y os vamos a explicar \u00abqu\u00e9 es black hat SEO\u00bb de manera clara y tangible donde te permitir\u00e1 ver con mayor claridad esta descripci\u00f3n: Qu\u00e9 es el BLACK HAT SEO \ud83c\udfa9 Definici\u00f3n de&nbsp;Black Hat SEO El SEO (Search Engine Optimization) es un conjunto de t\u00e9cnicas que tienen [&hellip;]<\/p>\n","protected":false},"author":6,"featured_media":0,"parent":4684,"menu_order":0,"comment_status":"closed","ping_status":"closed","template":"","meta":{"_acf_changed":false,"footnotes":"","_links_to":"","_links_to_target":""},"class_list":["post-4807","page","type-page","status-publish"],"acf":[],"_links":{"self":[{"href":"https:\/\/agenciaseonetbulb.com\/noticias\/wp-json\/wp\/v2\/pages\/4807","targetHints":{"allow":["GET"]}}],"collection":[{"href":"https:\/\/agenciaseonetbulb.com\/noticias\/wp-json\/wp\/v2\/pages"}],"about":[{"href":"https:\/\/agenciaseonetbulb.com\/noticias\/wp-json\/wp\/v2\/types\/page"}],"author":[{"embeddable":true,"href":"https:\/\/agenciaseonetbulb.com\/noticias\/wp-json\/wp\/v2\/users\/6"}],"replies":[{"embeddable":true,"href":"https:\/\/agenciaseonetbulb.com\/noticias\/wp-json\/wp\/v2\/comments?post=4807"}],"version-history":[{"count":4,"href":"https:\/\/agenciaseonetbulb.com\/noticias\/wp-json\/wp\/v2\/pages\/4807\/revisions"}],"predecessor-version":[{"id":10747,"href":"https:\/\/agenciaseonetbulb.com\/noticias\/wp-json\/wp\/v2\/pages\/4807\/revisions\/10747"}],"up":[{"embeddable":true,"href":"https:\/\/agenciaseonetbulb.com\/noticias\/wp-json\/wp\/v2\/pages\/4684"}],"wp:attachment":[{"href":"https:\/\/agenciaseonetbulb.com\/noticias\/wp-json\/wp\/v2\/media?parent=4807"}],"curies":[{"name":"wp","href":"https:\/\/api.w.org\/{rel}","templated":true}]}}