{"id":4781,"date":"2023-02-20T20:15:40","date_gmt":"2023-02-20T19:15:40","guid":{"rendered":"https:\/\/agenciaseonetbulb.com\/noticias\/?page_id=4781"},"modified":"2024-03-17T22:07:52","modified_gmt":"2024-03-17T21:07:52","slug":"baidu","status":"publish","type":"page","link":"https:\/\/agenciaseonetbulb.com\/noticias\/diccionario-seo\/baidu\/","title":{"rendered":"Baidu"},"content":{"rendered":"\n<p>Hoy en el&nbsp;<a href=\"https:\/\/agenciaseonetbulb.com\/noticias\/diccionario-seo\/\">diccionario SEO<\/a>&nbsp;os traemos un nuevo t\u00e9rmino y os vamos a explicar \u00ab<strong>qu\u00e9 es baidu<\/strong>\u00bb de manera clara y tangible donde te permitir\u00e1 ver con mayor claridad esta descripci\u00f3n:<\/p>\n\n\n\n<h2 class=\"wp-block-heading\">\u00bfQu\u00e9 es Baidu?<\/h2>\n\n\n\n<h2 class=\"wp-block-heading\">Definici\u00f3n de Baidu<\/h2>\n\n\n\n<figure class=\"wp-block-image size-large\"><a href=\"https:\/\/agenciaseonetbulb.com\/noticias\/wp-content\/uploads\/2023\/02\/image-28.png\"><img fetchpriority=\"high\" decoding=\"async\" width=\"1024\" height=\"525\" src=\"https:\/\/agenciaseonetbulb.com\/noticias\/wp-content\/uploads\/2023\/02\/image-28-1024x525.png\" alt=\"\u00bfQu\u00e9 es Baidu?\" class=\"wp-image-4783\" title=\"\" srcset=\"https:\/\/agenciaseonetbulb.com\/noticias\/wp-content\/imagenes\/2023\/02\/image-28-1024x525.png 1024w, https:\/\/agenciaseonetbulb.com\/noticias\/wp-content\/imagenes\/2023\/02\/image-28-300x154.png 300w, https:\/\/agenciaseonetbulb.com\/noticias\/wp-content\/imagenes\/2023\/02\/image-28-768x394.png 768w, https:\/\/agenciaseonetbulb.com\/noticias\/wp-content\/imagenes\/2023\/02\/image-28-450x231.png 450w, https:\/\/agenciaseonetbulb.com\/noticias\/wp-content\/imagenes\/2023\/02\/image-28-780x400.png 780w, https:\/\/agenciaseonetbulb.com\/noticias\/wp-content\/imagenes\/2023\/02\/image-28-150x77.png 150w, https:\/\/agenciaseonetbulb.com\/noticias\/wp-content\/imagenes\/2023\/02\/image-28.png 1280w\" sizes=\"(max-width: 1024px) 100vw, 1024px\" \/><\/a><\/figure>\n\n\n\n<p>Baidu es una empresa china de tecnolog\u00eda de la informaci\u00f3n fundada en 2000. Es el motor de b\u00fasqueda m\u00e1s utilizado en China y tambi\u00e9n ofrece otros servicios en l\u00ednea como mapas, noticias, videos, m\u00fasica y una plataforma de preguntas y respuestas en l\u00ednea. Baidu ha expandido su <a href=\"https:\/\/agenciaseonetbulb.com\/noticias\/diccionario-seo\/que-significa-alcance\/\">alcance<\/a> a otros pa\u00edses, incluyendo Jap\u00f3n, Tailandia, Brasil y Egipto, y ha incursionado en el desarrollo de inteligencia artificial y veh\u00edculos aut\u00f3nomos.<\/p>\n\n\n\n<figure class=\"wp-block-embed aligncenter is-type-video is-provider-youtube wp-block-embed-youtube wp-embed-aspect-16-9 wp-has-aspect-ratio\"><div class=\"wp-block-embed__wrapper\">\n<iframe title=\"Baidu: el Google chino publica sus resultados\" width=\"1170\" height=\"658\" src=\"https:\/\/www.youtube.com\/embed\/RUBR5O7hRE0?feature=oembed\" frameborder=\"0\" allow=\"accelerometer; autoplay; clipboard-write; encrypted-media; gyroscope; picture-in-picture; web-share\" allowfullscreen><\/iframe>\n<\/div><\/figure>\n\n\n\n<h2 class=\"wp-block-heading\">Historia de Baidu<\/h2>\n\n\n\n<p><a href=\"https:\/\/www.baidu.com\/\" target=\"_blank\" data-type=\"URL\" data-id=\"https:\/\/www.baidu.com\/\" rel=\"noreferrer noopener\">Baidu <\/a>fue fundada en el a\u00f1o 2000 por Robin Li y Eric Xu, dos antiguos empleados de Infoseek, una compa\u00f1\u00eda de b\u00fasqueda de internet estadounidense que fue adquirida por Disney en la d\u00e9cada de 1990. Li y Xu fundaron Baidu con el objetivo de crear un motor de b\u00fasqueda chino que ofreciera resultados de b\u00fasqueda relevantes y precisos en caracteres chinos.<\/p>\n\n\n\n<p>Durante los primeros a\u00f1os, Baidu creci\u00f3 r\u00e1pidamente y se convirti\u00f3 en el motor de b\u00fasqueda m\u00e1s utilizado en China. La compa\u00f1\u00eda tambi\u00e9n se diversific\u00f3, ofreciendo una variedad de servicios en l\u00ednea, como mapas, noticias, videos, m\u00fasica y una plataforma de preguntas y respuestas en l\u00ednea.<\/p>\n\n\n\n<p>En 2005, Baidu sali\u00f3 a bolsa en la Bolsa de Valores de Nueva York, convirti\u00e9ndose en la primera compa\u00f1\u00eda china de internet en hacerlo. La salida a bolsa fue un gran \u00e9xito y la valoraci\u00f3n de la compa\u00f1\u00eda se dispar\u00f3 en los a\u00f1os siguientes.<\/p>\n\n\n\n<p>En los \u00faltimos a\u00f1os, Baidu ha ampliado su alcance m\u00e1s all\u00e1 de China, estableciendo operaciones en pa\u00edses como Jap\u00f3n, Tailandia, Brasil y Egipto. Adem\u00e1s, la compa\u00f1\u00eda ha invertido significativamente en el desarrollo de inteligencia artificial y veh\u00edculos aut\u00f3nomos, con la esperanza de convertirse en un l\u00edder mundial en estas tecnolog\u00edas emergentes.<\/p>\n\n\n\n<h2 class=\"wp-block-heading\">Diferencias: Baidu vs. Google<\/h2>\n\n\n\n<p>Baidu y Google son dos de los motores de b\u00fasqueda m\u00e1s grandes y utilizados del mundo, pero hay algunas diferencias clave entre ellos.<\/p>\n\n\n\n<p>En primer lugar, Baidu se centra principalmente en el mercado chino, mientras que Google tiene una presencia global mucho m\u00e1s amplia. Baidu es el motor de b\u00fasqueda m\u00e1s utilizado en China, con una cuota de mercado superior al 70%, mientras que Google tiene una cuota de mercado mucho menor en China debido a las restricciones gubernamentales.<\/p>\n\n\n\n<p>Adem\u00e1s, Baidu ofrece una variedad de servicios en l\u00ednea que est\u00e1n adaptados al mercado chino, como mapas, noticias, videos y m\u00fasica, mientras que Google ofrece una gama m\u00e1s amplia de servicios, como correo electr\u00f3nico, almacenamiento en la nube y una variedad de aplicaciones de productividad.<\/p>\n\n\n\n<p>En cuanto a la tecnolog\u00eda de b\u00fasqueda en s\u00ed, Baidu y Google utilizan algoritmos similares para determinar qu\u00e9 resultados de b\u00fasqueda se muestran a los usuarios, pero hay algunas diferencias en la forma en que los algoritmos est\u00e1n dise\u00f1ados y en c\u00f3mo se procesan las consultas de b\u00fasqueda.<\/p>\n","protected":false},"excerpt":{"rendered":"<p>Hoy en el&nbsp;diccionario SEO&nbsp;os traemos un nuevo t\u00e9rmino y os vamos a explicar \u00abqu\u00e9 es baidu\u00bb de manera clara y tangible donde te permitir\u00e1 ver con mayor claridad esta descripci\u00f3n: \u00bfQu\u00e9 es Baidu? Definici\u00f3n de Baidu Baidu es una empresa china de tecnolog\u00eda de la informaci\u00f3n fundada en 2000. Es el motor de b\u00fasqueda m\u00e1s [&hellip;]<\/p>\n","protected":false},"author":6,"featured_media":0,"parent":4684,"menu_order":0,"comment_status":"closed","ping_status":"closed","template":"","meta":{"_acf_changed":false,"footnotes":"","_links_to":"","_links_to_target":""},"class_list":["post-4781","page","type-page","status-publish"],"acf":[],"_links":{"self":[{"href":"https:\/\/agenciaseonetbulb.com\/noticias\/wp-json\/wp\/v2\/pages\/4781","targetHints":{"allow":["GET"]}}],"collection":[{"href":"https:\/\/agenciaseonetbulb.com\/noticias\/wp-json\/wp\/v2\/pages"}],"about":[{"href":"https:\/\/agenciaseonetbulb.com\/noticias\/wp-json\/wp\/v2\/types\/page"}],"author":[{"embeddable":true,"href":"https:\/\/agenciaseonetbulb.com\/noticias\/wp-json\/wp\/v2\/users\/6"}],"replies":[{"embeddable":true,"href":"https:\/\/agenciaseonetbulb.com\/noticias\/wp-json\/wp\/v2\/comments?post=4781"}],"version-history":[{"count":2,"href":"https:\/\/agenciaseonetbulb.com\/noticias\/wp-json\/wp\/v2\/pages\/4781\/revisions"}],"predecessor-version":[{"id":4785,"href":"https:\/\/agenciaseonetbulb.com\/noticias\/wp-json\/wp\/v2\/pages\/4781\/revisions\/4785"}],"up":[{"embeddable":true,"href":"https:\/\/agenciaseonetbulb.com\/noticias\/wp-json\/wp\/v2\/pages\/4684"}],"wp:attachment":[{"href":"https:\/\/agenciaseonetbulb.com\/noticias\/wp-json\/wp\/v2\/media?parent=4781"}],"curies":[{"name":"wp","href":"https:\/\/api.w.org\/{rel}","templated":true}]}}