{"id":4776,"date":"2023-02-20T07:46:31","date_gmt":"2023-02-20T06:46:31","guid":{"rendered":"https:\/\/agenciaseonetbulb.com\/noticias\/?page_id=4776"},"modified":"2024-03-17T22:03:41","modified_gmt":"2024-03-17T21:03:41","slug":"backlink","status":"publish","type":"page","link":"https:\/\/agenciaseonetbulb.com\/noticias\/diccionario-seo\/backlink\/","title":{"rendered":"Backlink"},"content":{"rendered":"\n<p>Hoy en el\u00a0<a href=\"https:\/\/agenciaseonetbulb.com\/noticias\/diccionario-seo\/\">diccionario SEO<\/a>\u00a0os traemos un nuevo t\u00e9rmino y os vamos a explicar \u00ab<strong>qu\u00e9 es un backlink<\/strong>\u00bb de manera clara y tangible donde te permitir\u00e1 ver con mayor claridad esta descripci\u00f3n:<\/p>\n\n\n\n<h2 class=\"wp-block-heading\">\u00bfQu\u00e9 es backlink?<\/h2>\n\n\n\n<h2 class=\"wp-block-heading\">Definici\u00f3n de backlink<\/h2>\n\n\n\n<p>Un backlink (enlace de retroceso) es un enlace que apunta desde una p\u00e1gina web externa hacia una p\u00e1gina de tu sitio web. Tambi\u00e9n se conoce como enlace entrante o inbound link. Los backlinks son importantes para el SEO (optimizaci\u00f3n de motores de b\u00fasqueda) ya que los motores de b\u00fasqueda consideran los backlinks como votos de confianza y autoridad hacia tu sitio web.<\/p>\n\n\n\n<p>Cuantos m\u00e1s backlinks de calidad tenga tu sitio web, es decir, enlaces desde sitios web de alta autoridad y relevancia, mayor ser\u00e1 la probabilidad de que tu sitio web se clasifique bien en los resultados de b\u00fasqueda.<\/p>\n\n\n\n<h3 class=\"wp-block-heading\">Por qu\u00e9 hacer backlink en SEO<\/h3>\n\n\n\n<p>Hay varias razones por las cuales es importante hacer backlink SEO:<\/p>\n\n\n\n<ol class=\"wp-block-list\">\n<li>Mejora la autoridad de tu sitio web: los backlinks de calidad pueden mejorar la autoridad de tu sitio web y aumentar su valor para los motores de b\u00fasqueda. Esto puede hacer que tu sitio web se clasifique mejor en los resultados de b\u00fasqueda.<\/li>\n\n\n\n<li>Aumenta la visibilidad de tu sitio web: los backlinks de sitios web de alta autoridad pueden enviar tr\u00e1fico a tu sitio web y mejorar su visibilidad en l\u00ednea.<\/li>\n\n\n\n<li>Ayuda a establecer la relevancia de tu sitio web: los backlinks de sitios web relevantes pueden ayudar a establecer la relevancia de tu sitio web para ciertas palabras clave o temas.<\/li>\n\n\n\n<li>Construye relaciones con otros sitios web: hacer backlinks con otros sitios web relevantes y de calidad puede ayudar a establecer relaciones y asociaciones valiosas que pueden ser beneficiosas a largo plazo.<\/li>\n<\/ol>\n\n\n\n<h3 class=\"wp-block-heading\">Ejemplos de backlink<\/h3>\n\n\n\n<ol class=\"wp-block-list\">\n<li>Un <a href=\"https:\/\/mosingenieros.com\/\" data-type=\"URL\" data-id=\"https:\/\/mosingenieros.com\/\" target=\"_blank\" rel=\"noreferrer noopener\">blog de ingenier\u00eda<\/a> enlaza a una gu\u00eda sectorial online para ingenieros.<\/li>\n\n\n\n<li>Un sitio web de noticias enlaza a un informe de investigaci\u00f3n publicado en un sitio web de autoridad en ese campo.<\/li>\n\n\n\n<li>Un sitio web de rese\u00f1as de productos enlaza a una p\u00e1gina de producto en un sitio web de comercio electr\u00f3nico.<\/li>\n\n\n\n<li>Un sitio web de recursos educativos enlaza a un art\u00edculo en un sitio web de una universidad de renombre.<\/li>\n\n\n\n<li>Un sitio web de citas online enlaza a un art\u00edculo sobre relaciones y consejos para citas.<\/li>\n\n\n\n<li>Un sitio web de tecnolog\u00eda enlaza a un art\u00edculo sobre una nueva innovaci\u00f3n en un sitio web de noticias de tecnolog\u00eda.<\/li>\n\n\n\n<li>Un sitio web de salud enlaza a una investigaci\u00f3n m\u00e9dica publicada en un sitio web de autoridad.<\/li>\n<\/ol>\n","protected":false},"excerpt":{"rendered":"<p>Hoy en el\u00a0diccionario SEO\u00a0os traemos un nuevo t\u00e9rmino y os vamos a explicar \u00abqu\u00e9 es un backlink\u00bb de manera clara y tangible donde te permitir\u00e1 ver con mayor claridad esta descripci\u00f3n: \u00bfQu\u00e9 es backlink? Definici\u00f3n de backlink Un backlink (enlace de retroceso) es un enlace que apunta desde una p\u00e1gina web externa hacia una p\u00e1gina [&hellip;]<\/p>\n","protected":false},"author":6,"featured_media":0,"parent":4684,"menu_order":0,"comment_status":"closed","ping_status":"closed","template":"","meta":{"_acf_changed":false,"footnotes":"","_links_to":"","_links_to_target":""},"class_list":["post-4776","page","type-page","status-publish"],"acf":[],"_links":{"self":[{"href":"https:\/\/agenciaseonetbulb.com\/noticias\/wp-json\/wp\/v2\/pages\/4776","targetHints":{"allow":["GET"]}}],"collection":[{"href":"https:\/\/agenciaseonetbulb.com\/noticias\/wp-json\/wp\/v2\/pages"}],"about":[{"href":"https:\/\/agenciaseonetbulb.com\/noticias\/wp-json\/wp\/v2\/types\/page"}],"author":[{"embeddable":true,"href":"https:\/\/agenciaseonetbulb.com\/noticias\/wp-json\/wp\/v2\/users\/6"}],"replies":[{"embeddable":true,"href":"https:\/\/agenciaseonetbulb.com\/noticias\/wp-json\/wp\/v2\/comments?post=4776"}],"version-history":[{"count":2,"href":"https:\/\/agenciaseonetbulb.com\/noticias\/wp-json\/wp\/v2\/pages\/4776\/revisions"}],"predecessor-version":[{"id":4779,"href":"https:\/\/agenciaseonetbulb.com\/noticias\/wp-json\/wp\/v2\/pages\/4776\/revisions\/4779"}],"up":[{"embeddable":true,"href":"https:\/\/agenciaseonetbulb.com\/noticias\/wp-json\/wp\/v2\/pages\/4684"}],"wp:attachment":[{"href":"https:\/\/agenciaseonetbulb.com\/noticias\/wp-json\/wp\/v2\/media?parent=4776"}],"curies":[{"name":"wp","href":"https:\/\/api.w.org\/{rel}","templated":true}]}}