{"id":4762,"date":"2023-02-19T21:38:56","date_gmt":"2023-02-19T20:38:56","guid":{"rendered":"https:\/\/agenciaseonetbulb.com\/noticias\/?page_id=4762"},"modified":"2024-03-17T22:03:16","modified_gmt":"2024-03-17T21:03:16","slug":"que-es-un-avatar","status":"publish","type":"page","link":"https:\/\/agenciaseonetbulb.com\/noticias\/diccionario-seo\/que-es-un-avatar\/","title":{"rendered":"Avatar"},"content":{"rendered":"\n<p>Hoy en el\u00a0<a href=\"https:\/\/agenciaseonetbulb.com\/noticias\/diccionario-de-seo\/\" target=\"_blank\" rel=\"noreferrer noopener\">diccionario SEO<\/a>\u00a0os traemos un nuevo t\u00e9rmino y os vamos a explicar \u00ab<strong>qu\u00e9 es Avatar<\/strong>\u00bb de manera clara y tangible donde te permitir\u00e1 ver con mayor claridad esta descripci\u00f3n:<\/p>\n\n\n\n<h2 class=\"wp-block-heading\">Qu\u00e9 es el Avatar<\/h2>\n\n\n\n<h3 class=\"wp-block-heading\">Definici\u00f3n de Avatar<\/h3>\n\n\n\n<p>Un avatar es una imagen o icono que se utiliza para representar a una persona en l\u00ednea. Tambi\u00e9n puede referirse a una representaci\u00f3n digital m\u00e1s completa, como un personaje o una identidad ficticia que una persona utiliza para interactuar en l\u00ednea.<\/p>\n\n\n\n<p>Los avatares se utilizan com\u00fanmente en las redes sociales, los juegos en l\u00ednea y los foros de discusi\u00f3n para identificar a los usuarios y para a\u00f1adir una dimensi\u00f3n visual a la comunicaci\u00f3n en l\u00ednea. Tambi\u00e9n se utilizan en el marketing digital para crear una identidad visual para una marca o producto.<\/p>\n\n\n\n<p>Los avatares pueden ser fotograf\u00edas reales de la persona detr\u00e1s de la cuenta en l\u00ednea, pero tambi\u00e9n pueden ser im\u00e1genes generadas por ordenador, dibujos animados, personajes ficticios o cualquier otra imagen que represente a la persona o entidad en l\u00ednea. Los avatares tambi\u00e9n pueden ser personalizados para representar diferentes estados de \u00e1nimo o para reflejar diferentes aspectos de la personalidad de una persona.<\/p>\n","protected":false},"excerpt":{"rendered":"<p>Hoy en el\u00a0diccionario SEO\u00a0os traemos un nuevo t\u00e9rmino y os vamos a explicar \u00abqu\u00e9 es Avatar\u00bb de manera clara y tangible donde te permitir\u00e1 ver con mayor claridad esta descripci\u00f3n: Qu\u00e9 es el Avatar Definici\u00f3n de Avatar Un avatar es una imagen o icono que se utiliza para representar a una persona en l\u00ednea. Tambi\u00e9n [&hellip;]<\/p>\n","protected":false},"author":6,"featured_media":0,"parent":4684,"menu_order":0,"comment_status":"closed","ping_status":"closed","template":"","meta":{"_acf_changed":false,"footnotes":"","_links_to":"","_links_to_target":""},"class_list":["post-4762","page","type-page","status-publish"],"acf":[],"_links":{"self":[{"href":"https:\/\/agenciaseonetbulb.com\/noticias\/wp-json\/wp\/v2\/pages\/4762","targetHints":{"allow":["GET"]}}],"collection":[{"href":"https:\/\/agenciaseonetbulb.com\/noticias\/wp-json\/wp\/v2\/pages"}],"about":[{"href":"https:\/\/agenciaseonetbulb.com\/noticias\/wp-json\/wp\/v2\/types\/page"}],"author":[{"embeddable":true,"href":"https:\/\/agenciaseonetbulb.com\/noticias\/wp-json\/wp\/v2\/users\/6"}],"replies":[{"embeddable":true,"href":"https:\/\/agenciaseonetbulb.com\/noticias\/wp-json\/wp\/v2\/comments?post=4762"}],"version-history":[{"count":2,"href":"https:\/\/agenciaseonetbulb.com\/noticias\/wp-json\/wp\/v2\/pages\/4762\/revisions"}],"predecessor-version":[{"id":4764,"href":"https:\/\/agenciaseonetbulb.com\/noticias\/wp-json\/wp\/v2\/pages\/4762\/revisions\/4764"}],"up":[{"embeddable":true,"href":"https:\/\/agenciaseonetbulb.com\/noticias\/wp-json\/wp\/v2\/pages\/4684"}],"wp:attachment":[{"href":"https:\/\/agenciaseonetbulb.com\/noticias\/wp-json\/wp\/v2\/media?parent=4762"}],"curies":[{"name":"wp","href":"https:\/\/api.w.org\/{rel}","templated":true}]}}