{"id":4710,"date":"2023-02-19T20:56:04","date_gmt":"2023-02-19T19:56:04","guid":{"rendered":"https:\/\/agenciaseonetbulb.com\/noticias\/?page_id=4710"},"modified":"2024-03-17T22:05:23","modified_gmt":"2024-03-17T21:05:23","slug":"que-es-la-etiqueta-alt","status":"publish","type":"page","link":"https:\/\/agenciaseonetbulb.com\/noticias\/diccionario-seo\/que-es-la-etiqueta-alt\/","title":{"rendered":"Etiqueta ALT"},"content":{"rendered":"\n<p>Hoy en el&nbsp;<a href=\"https:\/\/agenciaseonetbulb.com\/noticias\/diccionario-de-seo\/\" target=\"_blank\" rel=\"noreferrer noopener\">diccionario SEO<\/a>&nbsp;os traemos un nuevo t\u00e9rmino y os vamos a explicar \u00ab<strong>qu\u00e9 es la etiqueta alt<\/strong>\u00bb de manera clara y tangible donde te permitir\u00e1 ver con mayor claridad esta descripci\u00f3n:<\/p>\n\n\n\n<h2 class=\"wp-block-heading\">Qu\u00e9 es el Algoritmo de Google<\/h2>\n\n\n\n<h3 class=\"wp-block-heading\"><strong>Definici\u00f3n de Algoritmo<\/strong><\/h3>\n\n\n\n<p>La etiqueta alt es un atributo HTML utilizado para describir el contenido de una imagen en una p\u00e1gina web. La etiqueta alt se utiliza en el c\u00f3digo fuente de la p\u00e1gina web y se utiliza para proporcionar una descripci\u00f3n alternativa de una imagen para aquellas personas que no pueden ver la imagen en s\u00ed misma.<\/p>\n\n\n\n<figure class=\"wp-block-image size-large\"><img decoding=\"async\" src=\"https:\/\/agenciaseonetbulb.com\/noticias\/wp-content\/uploads\/2021\/08\/etiqueta-alt-diccionario-seo.jpg\" alt=\"que es la etiqueta alt\" title=\"\"><\/figure>\n\n\n\n<p>Adem\u00e1s de ayudar a las personas con discapacidad visual, la etiqueta alt tambi\u00e9n es importante para el SEO (Search Engine Optimization), ya que los motores de b\u00fasqueda no pueden \u00abver\u00bb las im\u00e1genes, sino que dependen de la informaci\u00f3n proporcionada en el c\u00f3digo HTML para entender el contenido de la p\u00e1gina. Al incluir la etiqueta alt en una imagen, los motores de b\u00fasqueda pueden identificar y comprender mejor el contenido de la p\u00e1gina, lo que puede mejorar el posicionamiento del sitio web en los resultados de b\u00fasqueda.<\/p>\n\n\n\n<p>Al escribir la etiqueta alt, es importante utilizar palabras clave relevantes para la imagen, y proporcionar una descripci\u00f3n clara y concisa de lo que se muestra en la imagen. Adem\u00e1s, se debe evitar utilizar la etiqueta alt para incluir palabras clave irrelevantes o para hacer spam, ya que esto puede tener un efecto negativo en el posicionamiento del sitio web en los resultados de b\u00fasqueda.<\/p>\n","protected":false},"excerpt":{"rendered":"<p>Hoy en el&nbsp;diccionario SEO&nbsp;os traemos un nuevo t\u00e9rmino y os vamos a explicar \u00abqu\u00e9 es la etiqueta alt\u00bb de manera clara y tangible donde te permitir\u00e1 ver con mayor claridad esta descripci\u00f3n: Qu\u00e9 es el Algoritmo de Google Definici\u00f3n de Algoritmo La etiqueta alt es un atributo HTML utilizado para describir el contenido de una [&hellip;]<\/p>\n","protected":false},"author":6,"featured_media":0,"parent":4684,"menu_order":0,"comment_status":"closed","ping_status":"closed","template":"","meta":{"_acf_changed":false,"footnotes":"","_links_to":"","_links_to_target":""},"class_list":["post-4710","page","type-page","status-publish"],"acf":[],"_links":{"self":[{"href":"https:\/\/agenciaseonetbulb.com\/noticias\/wp-json\/wp\/v2\/pages\/4710","targetHints":{"allow":["GET"]}}],"collection":[{"href":"https:\/\/agenciaseonetbulb.com\/noticias\/wp-json\/wp\/v2\/pages"}],"about":[{"href":"https:\/\/agenciaseonetbulb.com\/noticias\/wp-json\/wp\/v2\/types\/page"}],"author":[{"embeddable":true,"href":"https:\/\/agenciaseonetbulb.com\/noticias\/wp-json\/wp\/v2\/users\/6"}],"replies":[{"embeddable":true,"href":"https:\/\/agenciaseonetbulb.com\/noticias\/wp-json\/wp\/v2\/comments?post=4710"}],"version-history":[{"count":4,"href":"https:\/\/agenciaseonetbulb.com\/noticias\/wp-json\/wp\/v2\/pages\/4710\/revisions"}],"predecessor-version":[{"id":4770,"href":"https:\/\/agenciaseonetbulb.com\/noticias\/wp-json\/wp\/v2\/pages\/4710\/revisions\/4770"}],"up":[{"embeddable":true,"href":"https:\/\/agenciaseonetbulb.com\/noticias\/wp-json\/wp\/v2\/pages\/4684"}],"wp:attachment":[{"href":"https:\/\/agenciaseonetbulb.com\/noticias\/wp-json\/wp\/v2\/media?parent=4710"}],"curies":[{"name":"wp","href":"https:\/\/api.w.org\/{rel}","templated":true}]}}