{"id":4706,"date":"2023-02-19T20:51:21","date_gmt":"2023-02-19T19:51:21","guid":{"rendered":"https:\/\/agenciaseonetbulb.com\/noticias\/?page_id=4706"},"modified":"2024-03-17T22:00:36","modified_gmt":"2024-03-17T21:00:36","slug":"que-es-un-alojamiento-hosting","status":"publish","type":"page","link":"https:\/\/agenciaseonetbulb.com\/noticias\/diccionario-seo\/que-es-un-alojamiento-hosting\/","title":{"rendered":"Alojamiento (hosting)"},"content":{"rendered":"\n<p>Hoy en el\u00a0<a href=\"https:\/\/agenciaseonetbulb.com\/noticias\/diccionario-de-seo\/\" target=\"_blank\" rel=\"noreferrer noopener\">diccionario SEO<\/a>\u00a0os traemos un nuevo t\u00e9rmino y os vamos a explicar \u00ab<strong>qu\u00e9 es alojamiento o hosting<\/strong>\u00bb de manera clara y tangible donde te permitir\u00e1 ver con mayor claridad esta descripci\u00f3n:<\/p>\n\n\n\n<h2 class=\"wp-block-heading\">Qu\u00e9 es un alojamiento o hosting<\/h2>\n\n\n\n<h3 class=\"wp-block-heading\">Definici\u00f3n de Alojamiento o hosting<\/h3>\n\n\n\n<p>Un alojamiento web, tambi\u00e9n conocido como hosting, es un servicio que permite a las personas y empresas publicar sus sitios web en Internet. Un servicio de alojamiento web proporciona espacio en servidores para alojar el sitio web y almacenar todos sus archivos, incluyendo texto, im\u00e1genes, videos y otros elementos multimedia.<\/p>\n\n\n\n<p>El alojamiento web permite que el sitio web sea accesible desde cualquier parte del mundo a trav\u00e9s de Internet. Cuando alguien escribe la direcci\u00f3n web del sitio en su navegador, el servidor de alojamiento web env\u00eda el contenido del sitio al navegador del usuario.<\/p>\n\n\n\n<p>Adem\u00e1s de proporcionar espacio en servidores, los servicios de alojamiento web tambi\u00e9n pueden ofrecer otras caracter\u00edsticas, como correo electr\u00f3nico empresarial, registro de nombres de dominio, servicios de copia de seguridad, seguridad y soporte t\u00e9cnico. Los servicios de alojamiento web pueden variar en precio, tama\u00f1o y calidad, dependiendo del tipo de sitio web que se desea alojar.<\/p>\n\n\n\n<p>En general, existen varios tipos de alojamiento web, que incluyen alojamiento compartido, alojamiento dedicado, alojamiento en la nube y alojamiento virtual privado (VPS). Cada tipo de alojamiento web tiene sus propias caracter\u00edsticas, ventajas y desventajas, y es importante seleccionar el tipo de alojamiento adecuado para las necesidades del sitio web en cuesti\u00f3n.<\/p>\n","protected":false},"excerpt":{"rendered":"<p>Hoy en el\u00a0diccionario SEO\u00a0os traemos un nuevo t\u00e9rmino y os vamos a explicar \u00abqu\u00e9 es alojamiento o hosting\u00bb de manera clara y tangible donde te permitir\u00e1 ver con mayor claridad esta descripci\u00f3n: Qu\u00e9 es un alojamiento o hosting Definici\u00f3n de Alojamiento o hosting Un alojamiento web, tambi\u00e9n conocido como hosting, es un servicio que permite [&hellip;]<\/p>\n","protected":false},"author":6,"featured_media":0,"parent":4684,"menu_order":0,"comment_status":"closed","ping_status":"closed","template":"","meta":{"_acf_changed":false,"footnotes":"","_links_to":"","_links_to_target":""},"class_list":["post-4706","page","type-page","status-publish"],"acf":[],"_links":{"self":[{"href":"https:\/\/agenciaseonetbulb.com\/noticias\/wp-json\/wp\/v2\/pages\/4706","targetHints":{"allow":["GET"]}}],"collection":[{"href":"https:\/\/agenciaseonetbulb.com\/noticias\/wp-json\/wp\/v2\/pages"}],"about":[{"href":"https:\/\/agenciaseonetbulb.com\/noticias\/wp-json\/wp\/v2\/types\/page"}],"author":[{"embeddable":true,"href":"https:\/\/agenciaseonetbulb.com\/noticias\/wp-json\/wp\/v2\/users\/6"}],"replies":[{"embeddable":true,"href":"https:\/\/agenciaseonetbulb.com\/noticias\/wp-json\/wp\/v2\/comments?post=4706"}],"version-history":[{"count":4,"href":"https:\/\/agenciaseonetbulb.com\/noticias\/wp-json\/wp\/v2\/pages\/4706\/revisions"}],"predecessor-version":[{"id":4722,"href":"https:\/\/agenciaseonetbulb.com\/noticias\/wp-json\/wp\/v2\/pages\/4706\/revisions\/4722"}],"up":[{"embeddable":true,"href":"https:\/\/agenciaseonetbulb.com\/noticias\/wp-json\/wp\/v2\/pages\/4684"}],"wp:attachment":[{"href":"https:\/\/agenciaseonetbulb.com\/noticias\/wp-json\/wp\/v2\/media?parent=4706"}],"curies":[{"name":"wp","href":"https:\/\/api.w.org\/{rel}","templated":true}]}}