{"id":3013,"date":"2021-12-12T22:04:38","date_gmt":"2021-12-12T21:04:38","guid":{"rendered":"https:\/\/agenciaseonetbulb.com\/noticias\/?page_id=3013"},"modified":"2024-03-17T22:04:08","modified_gmt":"2024-03-17T21:04:08","slug":"que-es-google-eat","status":"publish","type":"page","link":"https:\/\/agenciaseonetbulb.com\/noticias\/diccionario-seo\/que-es-google-eat\/","title":{"rendered":"Google EAT"},"content":{"rendered":"\n<figure class=\"wp-block-image size-large\"><a href=\"https:\/\/agenciaseonetbulb.com\/noticias\/wp-content\/uploads\/2021\/12\/que-es-google-eat.png\"><img fetchpriority=\"high\" decoding=\"async\" width=\"1024\" height=\"435\" src=\"https:\/\/agenciaseonetbulb.com\/noticias\/wp-content\/uploads\/2021\/12\/que-es-google-eat-1024x435.png\" alt=\"que es google eat\" class=\"wp-image-3016\" title=\"\" srcset=\"https:\/\/agenciaseonetbulb.com\/noticias\/wp-content\/imagenes\/2021\/12\/que-es-google-eat-1024x435.png 1024w, https:\/\/agenciaseonetbulb.com\/noticias\/wp-content\/imagenes\/2021\/12\/que-es-google-eat-300x128.png 300w, https:\/\/agenciaseonetbulb.com\/noticias\/wp-content\/imagenes\/2021\/12\/que-es-google-eat.png 1200w\" sizes=\"(max-width: 1024px) 100vw, 1024px\" \/><\/a><\/figure>\n\n\n\n<p>Hoy en el&nbsp;<a href=\"https:\/\/agenciaseonetbulb.com\/noticias\/diccionario-seo\/\">diccionario SEO<\/a>&nbsp;os traemos un nuevo t\u00e9rmino y os vamos a explicar \u00abqu\u00e9 es google EAT\u00bb de manera clara y tangible donde te permitir\u00e1 ver con mayor claridad esta descripci\u00f3n.<\/p>\n\n\n\n<h2 class=\"wp-block-heading\">Qu\u00e9 es google EAT<\/h2>\n\n\n\n<h3 class=\"wp-block-heading\">Definici\u00f3n de Google EAT<\/h3>\n\n\n\n<p>Sistema de Google para que el due\u00f1o de una cuenta permita publicidad dentro de su contenido y sea remunerado por ello.<\/p>\n\n\n\n<p>Si te preguntas qu\u00e9 es Google EAT es un acr\u00f3nimo que se refiere a tres factores importantes que Google utiliza para evaluar la calidad y la relevancia de un sitio web en sus resultados de b\u00fasqueda:<\/p>\n\n\n\n<ul class=\"wp-block-list\">\n<li><strong>Expertise (experiencia)<\/strong><\/li>\n\n\n\n<li><strong>Authority (autoridad)<\/strong><\/li>\n\n\n\n<li><strong>Trustworthiness (confiabilidad).<\/strong><\/li>\n<\/ul>\n\n\n\n<p>Google utiliza estos tres factores para determinar la calidad y la relevancia de un sitio web en sus resultados de b\u00fasqueda. Si un sitio web tiene una buena puntuaci\u00f3n en EAT, es m\u00e1s probable que aparezca en los primeros resultados de b\u00fasqueda de Google para las consultas relacionadas con su nicho.<\/p>\n\n\n\n<p>Para mejorar la puntuaci\u00f3n EAT de un sitio web, es importante publicar contenido de alta calidad, asegurarse de que el contenido sea preciso y actualizado, establecer enlaces de calidad y asegurarse de que el sitio web est\u00e9 dise\u00f1ado para una buena experiencia de usuario.<\/p>\n\n\n\n<p>En definitiva, estas 3 variables sirve como gu\u00eda para que Google eval\u00fae los resultados de la b\u00fasqueda.&nbsp;<\/p>\n\n\n\n<p>* <em>Indicar que la <strong>calificaci\u00f3n EAT juega un papel muy importante<\/strong>, especialmente en las p\u00e1ginas \u00abYour Money Your Life\u00bb (YMYL).&nbsp;<\/em><\/p>\n\n\n\n<p>La calificaci\u00f3n EAT se mencion\u00f3 por primera vez en las&nbsp;<strong>Directrices para evaluadores de calidad<\/strong>&nbsp;all\u00e1 por el a\u00f1o 2015.&nbsp;<\/p>\n\n\n\n<p>El concepto EAT eval\u00faa el contenido en funci\u00f3n de la credibilidad, la experiencia y la autoridad de la fuente, as\u00ed como el contenido en t\u00e9rminos de calidad.&nbsp;La calificaci\u00f3n EAT se refiere al&nbsp;contenido&nbsp;principal&nbsp;(MC), al contenido complementario, as\u00ed como al autor, editor o fuente en general.<\/p>\n\n\n\n<h2 class=\"wp-block-heading\">\u00bfQu\u00e9 significa E-A-T?<\/h2>\n\n\n\n<h3 class=\"wp-block-heading\">\u00bfQu\u00e9 es la Pericia (E)?<\/h3>\n\n\n\n<p>La Pericia (\u00abExpertise\u00bb en ingl\u00e9s) significa experiencia y representa a la letra &#8216;E&#8217; en&nbsp;<strong>E<\/strong>&nbsp;&#8211; A &#8211; T.&nbsp;La pericia significa el conocimiento y la experiencia que tiene un autor o el editor.&nbsp;La experiencia solo se relaciona con el autor o el editor.<\/p>\n\n\n\n<h3 class=\"wp-block-heading\">\u00bfQu\u00e9 es Autoridad (A)?<\/h3>\n\n\n\n<p>Autoridad  (\u00abAuthority\u00bb en ingl\u00e9s) representa la letra &#8216;A&#8217; en E-&nbsp;<strong>A<\/strong>&nbsp;-T.&nbsp;Autoridad significa el conocimiento de un autor, el sitio web o el contenido en el \u00e1rea tem\u00e1tica respectiva<\/p>\n\n\n\n<h3 class=\"wp-block-heading\">\u00bfQu\u00e9 es la Confianza (C)?<\/h3>\n\n\n\n<p>La confianza (\u00abTrust\u00bb en ingl\u00e9s) representa la letra &#8216;T&#8217; en E &#8211; A &#8211;&nbsp;<strong>T<\/strong>&nbsp;.&nbsp;La confianza significa la credibilidad de un autor, el sitio web o el contenido en el \u00e1rea tem\u00e1tica respectiva.<\/p>\n\n\n\n<h2 class=\"wp-block-heading\">\u00bfQu\u00e9 son las Directrices para los evaluadores de calidad?<\/h2>\n\n\n\n<p>Google no ha utilizado el&nbsp;t\u00e9rmino&nbsp;<strong>&nbsp;directrices para evaluadores de calidad&nbsp;<\/strong>&nbsp;durante mucho tiempo.&nbsp;El nombre oficial es&nbsp;<strong>\u00abPautas para evaluar la calidad de la b\u00fasqueda\u00bb, \u00abPautas para el evaluador de la calidad de la b\u00fasqueda<\/strong>\u00bb&nbsp;&nbsp;o&nbsp;&nbsp;\u00ab<strong>Pautas generales\u00bb.&nbsp;<\/strong>&nbsp;<\/p>\n\n\n\n<p>Esta gu\u00eda fue publicada oficialmente por primera vez por Google en 2013.&nbsp;Hasta ahora, solo se han entregado a los evaluadores de calidad y no se han publicado para todos.&nbsp;Antes de eso, se pod\u00edan encontrar algunas versiones filtradas en la red.&nbsp;En febrero \/ marzo de 2013 hubo una versi\u00f3n oficial pero abreviada de las pautas por primera vez.&nbsp;<\/p>\n\n\n\n<p>Era la versi\u00f3n 1.0 con fecha de creaci\u00f3n 02 de noviembre de 2012. Desde entonces, se han publicado otras versiones hasta la versi\u00f3n actual.<\/p>\n\n\n\n<h3 class=\"wp-block-heading\">Historial de actualizaciones<\/h3>\n\n\n\n<p>Las Directrices para evaluadores de calidad se han actualizado una y otra vez:<\/p>\n\n\n\n<ol class=\"wp-block-list\">\n<li>30.03.2011 Versi\u00f3n 3.18 (filtrado)<\/li>\n\n\n\n<li>02\/11\/2012 Versi\u00f3n 1.0 (p\u00fablico)<\/li>\n\n\n\n<li>29.03.2013 Versi\u00f3n 4.1 (filtrado)<\/li>\n\n\n\n<li>31.03.2014 Versi\u00f3n 5.0 (filtrado)<\/li>\n\n\n\n<li>15\/11\/2015 (p\u00fablico)<\/li>\n\n\n\n<li>11 de mayo de 2017 (p\u00fablico)<\/li>\n\n\n\n<li>27\/07\/2017 (p\u00fablico)<\/li>\n\n\n\n<li>05.12.2019 (p\u00fablico)<\/li>\n<\/ol>\n\n\n\n<p><em>*No se han emitido n\u00fameros de versi\u00f3n desde 2015.<\/em><\/p>\n\n\n\n<h2 class=\"wp-block-heading\">El impacto de EAT en la b\u00fasqueda de Google<\/h2>\n\n\n\n<p>EAT es m\u00e1s un concepto que una m\u00e9trica espec\u00edfica para evaluar sitios web y contenido individual.&nbsp;En 2018 y 2019 hubo algunas actualizaciones importantes de Google, que sugieren que las se\u00f1ales que contribuyen al concepto EAT se han vuelto significativamente m\u00e1s importantes para el ranking.&nbsp;<\/p>\n\n\n\n<p>No hay indicaciones espec\u00edficas de Google sobre qu\u00e9 se\u00f1ales fluyen hacia EAT.&nbsp;Sin embargo, <strong>existen algunas referencias indirectas de documentos t\u00e9cnicos y patentes<\/strong>, as\u00ed como de las Pautas para evaluadores de calidad y Pautas para evaluadores de calidad de b\u00fasqueda antes mencionadas.<\/p>\n\n\n\n<h2 class=\"wp-block-heading\">\u00bfPor qu\u00e9 es tan importante EAT?<\/h2>\n\n\n\n<p>Para m\u00ed, EAT, la relevancia del contenido y la satisfacci\u00f3n de la&nbsp;intenci\u00f3n de b\u00fasqueda son&nbsp;los puntos m\u00e1s importantes a los que los especialistas en marketing y SEO deben prestar atenci\u00f3n.<\/p>\n\n\n\n<p>Desde hace algunos a\u00f1os, Google ha estado bajo una gran presi\u00f3n en lo que respecta a la desinformaci\u00f3n en los resultados de b\u00fasqueda, como subraya el libro blanco \u00ab<em>C\u00f3mo Google lucha contra la desinformaci\u00f3n<\/em>\u00ab.<\/p>\n\n\n\n<p>A Google le gustar\u00eda optimizar su propio sistema de b\u00fasqueda para proporcionar un gran contenido para las respectivas consultas de b\u00fasqueda en funci\u00f3n del contexto del usuario y teniendo en cuenta las fuentes m\u00e1s fiables.&nbsp;Los evaluadores de calidad juegan aqu\u00ed un papel especial.<\/p>\n\n\n\n<figure class=\"wp-block-image size-large\"><img decoding=\"async\" src=\"https:\/\/storage.googleapis.com\/gweb-uniblog-publish-prod\/original_images\/principle03_large_1.gif\" alt=\"\" title=\"\"><\/figure>\n\n\n\n<blockquote class=\"wp-block-quote is-layout-flow wp-block-quote-is-layout-flow\">\n<p>\u00abPublicamos&nbsp;<a href=\"https:\/\/static.googleusercontent.com\/media\/guidelines.raterhub.com\/en\/\/searchqualityevaluatorguidelines.pdf\" target=\"_blank\" rel=\"noreferrer noopener\">pautas de evaluaci\u00f3n<\/a>&nbsp;disponibles p\u00fablicamente&nbsp;&nbsp;&nbsp;que describen en gran detalle c\u00f3mo nuestros sistemas intentan mostrar contenido excelente &#8230; nos gusta decir que la B\u00fasqueda est\u00e1 dise\u00f1ada para brindar resultados relevantes de las fuentes m\u00e1s confiables disponibles &#8230; Pero las nociones de relevancia y confiabilidad son, en \u00faltima instancia, juicios humanos , por lo que para medir si nuestros sistemas los comprenden correctamente, debemos recopilar informaci\u00f3n de las personas \u00ab. Fuente:&nbsp;&nbsp;<a href=\"https:\/\/blog.google\/products\/search\/raters-experiments-improve-google-search\/\" target=\"_blank\" rel=\"noreferrer noopener\">https:\/\/blog.google\/products\/search\/raters-experiments-improve-google-search\/<\/a><\/p>\n<\/blockquote>\n\n\n\n<p>La evaluaci\u00f3n de acuerdo con los criterios EAT juega un papel central para los evaluadores de calidad.<\/p>\n\n\n\n<blockquote class=\"wp-block-quote is-layout-flow wp-block-quote-is-layout-flow\">\n<p>\u00abEval\u00faan si esas p\u00e1ginas satisfacen las necesidades de informaci\u00f3n bas\u00e1ndose en su comprensi\u00f3n de lo que buscaba esa consulta, y consideran cosas como cu\u00e1n autorizada y confiable parece ser esa fuente sobre el tema de la consulta.&nbsp;Para evaluar aspectos como la experiencia, la autoridad y la confiabilidad, a veces denominados &#8216;EAT&#8217;, se pide a los calificadores que investiguen la reputaci\u00f3n de las fuentes\u00bb.<\/p>\n\n\n\n<p>Fuente:&nbsp;&nbsp;<a href=\"https:\/\/blog.google\/products\/search\/raters-experiments-improve-google-search\/\" target=\"_blank\" rel=\"noreferrer noopener\">https:\/\/blog.google\/products\/search\/raters-experiments-improve-google-search\/<\/a><\/p>\n<\/blockquote>\n\n\n\n<p>Para la&nbsp;experiencia&nbsp;del&nbsp;cliente&nbsp;al utilizar el motor de b\u00fasqueda, la atenci\u00f3n se centra en resultados de b\u00fasqueda de alta calidad para Google.&nbsp;Esto queda claro cuando echa un vistazo a las declaraciones hechas por varios oradores de Google sobre un factor de calidad a nivel de documento y dominio.<\/p>\n\n\n\n<p>Adem\u00e1s, las clasificaciones de relevancia cl\u00e1sicas, tambi\u00e9n existen criterios de clasificaci\u00f3n para toda la p\u00e1gina web que se relacionan con el contexto tem\u00e1tico de todo el sitio web.&nbsp;Esto significa que hay se\u00f1ales que Google utiliza para clasificar y evaluar todo el sitio web por temas.&nbsp;La proximidad a la calificaci\u00f3n EAT es obvia.<\/p>\n\n\n\n<p>En&nbsp;abril de 2020, Google&nbsp;tambi\u00e9n&nbsp;&nbsp;confirm\u00f3&nbsp;&nbsp;la proximidad del concepto EAT a las se\u00f1ales de clasificaci\u00f3n que el <a href=\"https:\/\/agenciaseonetbulb.com\/noticias\/diccionario-seo\/que-es-un-algoritmo\/\">algoritmo<\/a> de clasificaci\u00f3n tiene en cuenta o que los webmasters deber\u00edan calificar su propio contenido de acuerdo con la EAT.<\/p>\n\n\n\n<blockquote class=\"wp-block-quote is-layout-flow wp-block-quote-is-layout-flow\">\n<p>\u201eHemos tratado de hacer que esta combinaci\u00f3n se alinee con lo que los seres humanos estar\u00edan de acuerdo en que es un gran contenido, ya que lo evaluar\u00edan de acuerdo con los criterios de EAT.&nbsp;Dado esto, evaluar su propio contenido en t\u00e9rminos de criterios EAT puede ayudar a alinearlo conceptualmente con las diferentes se\u00f1ales que utilizan nuestros sistemas automatizados para clasificar el contenido \u00ab.<\/p>\n<\/blockquote>\n\n\n\n<p>Este pasaje se puede encontrar en las Directrices para evaluadores de calidad, que subraya la importancia de EAT:<\/p>\n\n\n\n<blockquote class=\"wp-block-quote is-layout-flow wp-block-quote-is-layout-flow\">\n<p><em>\u201cExperiencia, autoridad, confiabilidad: esta es una caracter\u00edstica de calidad importante.&nbsp;\u2026.&nbsp;Importante: La falta de EAT adecuada es motivo suficiente para otorgar a una p\u00e1gina una calificaci\u00f3n de calidad baja \u00ab.&nbsp;<\/em><\/p>\n<\/blockquote>\n\n\n\n<p>Tambi\u00e9n se pueden encontrar varios pasajes sobre EAT y las Directrices para evaluadores de calidad en el documento t\u00e9cnico de Google mencionado anteriormente:<\/p>\n\n\n\n<blockquote class=\"wp-block-quote is-layout-flow wp-block-quote-is-layout-flow\">\n<p>\u201c&nbsp;<em>Seguimos mejorando en la b\u00fasqueda todos los d\u00edas.&nbsp;Solo en 2017, Google realiz\u00f3 m\u00e1s de 200,000 experimentos que resultaron en alrededor de 2,400 cambios en la B\u00fasqueda.&nbsp;Cada uno de esos cambios se prueba para asegurarse de que se alinea con nuestras&nbsp;<\/em><strong><em>Pautas de<\/em><\/strong><em>&nbsp;evaluadores de&nbsp;<\/em><strong><em>calidad de b\u00fasqueda disponibles<\/em><\/strong><em>&nbsp;p\u00fablicamente&nbsp;&nbsp;<\/em><strong><em>, que definen los objetivos de nuestros sistemas de clasificaci\u00f3n&nbsp;<\/em><\/strong><em>&nbsp;y gu\u00edan a los evaluadores externos que brindan evaluaciones continuas de nuestros algoritmos \u00ab.<\/em><\/p>\n\n\n\n<p>\u00bb&nbsp;<em>Los sistemas no toman determinaciones subjetivas sobre la veracidad de las p\u00e1ginas web, sino que se centran en&nbsp;&nbsp;<\/em><strong><em>se\u00f1ales mensurables&nbsp;<\/em><\/strong><em>&nbsp;que se correlacionan con la forma en que los&nbsp;&nbsp;<\/em><strong><em>usuarios y otros sitios web&nbsp;<\/em><\/strong><em>&nbsp;valoran la&nbsp;&nbsp;<\/em><strong><em>experiencia<\/em><\/strong><em>&nbsp;, la&nbsp;&nbsp;<\/em><strong><em>confiabilidad<\/em><\/strong><em>&nbsp;o la&nbsp;&nbsp;<\/em><strong><em>autoridad<\/em><\/strong><em>&nbsp;&nbsp;de una p\u00e1gina web en los temas que cubre\u00bb.<\/em><\/p>\n\n\n\n<p>\u201cLos&nbsp;<em>algoritmos de clasificaci\u00f3n son una herramienta importante en nuestra lucha contra la desinformaci\u00f3n.&nbsp;La clasificaci\u00f3n eleva la&nbsp;<\/em><em>informaci\u00f3n&nbsp;<\/em><em>relevante&nbsp;&nbsp;<\/em><em>que nuestros algoritmos determinan que es la&nbsp;&nbsp;<\/em><em>&nbsp;informaci\u00f3n anterior&nbsp;<\/em><strong><em>m\u00e1s autorizada&nbsp;<\/em><\/strong><em>&nbsp;y&nbsp;&nbsp;<\/em><strong><em>confiable<\/em><\/strong><em>&nbsp;que&nbsp;&nbsp;<\/em><em>puede ser menos confiable.&nbsp;Estas evaluaciones pueden variar para cada p\u00e1gina web de un sitio web y est\u00e1n directamente relacionadas con las b\u00fasquedas de nuestros usuarios.&nbsp;Por ejemplo, los art\u00edculos de un medio de comunicaci\u00f3n nacional pueden considerarse autorizados en respuesta a b\u00fasquedas relacionadas con eventos actuales, pero menos confiables para b\u00fasquedas relacionadas con jardiner\u00eda \u00ab.<\/em><\/p>\n\n\n\n<p><em>\u201c<\/em>&nbsp;Nuestro sistema de clasificaci\u00f3n no identifica la intenci\u00f3n o la precisi\u00f3n f\u00e1ctica de ning\u00fan contenido determinado.&nbsp;Sin embargo, est\u00e1 dise\u00f1ado espec\u00edficamente para identificar sitios con altos indicios de&nbsp;&nbsp;<strong>experiencia<\/strong>&nbsp;,&nbsp;&nbsp;<strong>autoridad<\/strong>&nbsp;y&nbsp;&nbsp;<strong>confiabilidad<\/strong>&nbsp;\u00ab.<\/p>\n\n\n\n<p>\u201c&nbsp;<em>Para estas&nbsp;<\/em><em>p\u00e1ginas&nbsp;<\/em><em>\u201c&nbsp;<\/em><strong><em>YMYL \u201d&nbsp;<\/em><\/strong><em>&nbsp;, asumimos que los&nbsp;&nbsp;<\/em><em>usuarios esperan que operemos con nuestros m\u00e1s estrictos&nbsp;&nbsp;<\/em><em>est\u00e1ndares de confiabilidad y seguridad.&nbsp;<\/em><em>Como tal, cuando nuestros algoritmos detectan que&nbsp;&nbsp;<\/em><em>la consulta de un usuario se relaciona con un tema \u00abYMYL\u00bb,&nbsp;&nbsp;<\/em><em>daremos&nbsp;&nbsp;<\/em><strong><em>m\u00e1s peso&nbsp;<\/em><\/strong><em>&nbsp;en nuestros sistemas de clasificaci\u00f3n&nbsp;&nbsp;<\/em><em>a factores como nuestra comprensi\u00f3n de la&nbsp;&nbsp;<\/em><strong><em>autoridad<\/em><\/strong><em>&nbsp;,&nbsp;&nbsp;<\/em><strong><em>experiencia<\/em><\/strong><em>&nbsp;o&nbsp;&nbsp;<\/em><strong><em>confiabilidad<\/em><\/strong><em>&nbsp;&nbsp;de las p\u00e1ginas que presentamos en respuesta \u00ab.<\/em><\/p>\n<\/blockquote>\n\n\n\n<p>La siguiente declaraci\u00f3n es particularmente emocionante.&nbsp;All\u00ed queda claro cu\u00e1n poderoso puede ser EAT en ciertos contextos y en relaci\u00f3n a eventos por encima de los factores cl\u00e1sicos de relevancia.<\/p>\n\n\n\n<blockquote class=\"wp-block-quote is-layout-flow wp-block-quote-is-layout-flow\">\n<p><em>\u00abPara reducir la visibilidad de este tipo de contenido, hemos dise\u00f1ado nuestros sistemas para preferir la&nbsp;&nbsp;<\/em><em>autoridad sobre factores como la actualidad o la coincidencia exacta de palabras mientras&nbsp;<\/em><em>se desarrolla&nbsp;<\/em><em>una&nbsp;&nbsp;<\/em><strong><em>crisis&nbsp;<\/em><\/strong><em>&nbsp;\u00ab.<\/em><\/p>\n<\/blockquote>\n\n\n\n<p>Los efectos de EAT se pueden observar en varias actualizaciones de Google Core que se han asociado con EAT en los \u00faltimos a\u00f1os.&nbsp;A continuaci\u00f3n, se muestran dos ejemplos de sitios web m\u00e9dicos.&nbsp;Entonces, un tema t\u00edpico de YMYL.&nbsp;La p\u00e9rdida de visibilidad est\u00e1 relacionada con las actualizaciones de Google Core 2018 y 2019.<\/p>\n\n\n\n<h2 class=\"wp-block-heading\">Preguntas frecuentes sobre EAT y YMYL<\/h2>\n\n\n\n<h3 class=\"wp-block-heading\">\u00bfQu\u00e9 importancia tiene EAT?<\/h3>\n\n\n\n<p>La influencia en la clasificaci\u00f3n de las se\u00f1ales que se incorporan al concepto de calificaci\u00f3n E-AT ha aumentado significativamente desde 2018.&nbsp;Para Google es cada vez m\u00e1s importante confiar en contenido de fuentes autoritarias y de confianza.&nbsp;En particular, la influencia en los temas y palabras clave de YMYL es muy alta.<\/p>\n\n\n\n<h3 class=\"wp-block-heading\">\u00bfQu\u00e9 temas pertenecen a YMYL y para qu\u00e9 temas es particularmente importante EAT?<\/h3>\n\n\n\n<p>YMYL es la abreviatura de Your-Money-Your-Life.&nbsp;YMYL puede estar relacionado con el tema de un contenido, as\u00ed como con la fuente \/ dominio.&nbsp;Las llamadas p\u00e1ginas YMYL incluyen webs y contenidos sobre los siguientes temas:<\/p>\n\n\n\n<ul class=\"wp-block-list\">\n<li>Noticias y actualidad<\/li>\n\n\n\n<li>Gobierno y ley<\/li>\n\n\n\n<li>Finanzas<\/li>\n\n\n\n<li>compras<\/li>\n\n\n\n<li>salud y seguridad<\/li>\n\n\n\n<li>Grupos de personas y Etnien<\/li>\n<\/ul>\n\n\n\n<h3 class=\"wp-block-heading\">\u00bfQu\u00e9 se\u00f1ales de clasificaci\u00f3n forman parte de EAT?<\/h3>\n\n\n\n<p>Google mantiene un perfil bajo aqu\u00ed.&nbsp;Solo para el rango de la p\u00e1gina de se\u00f1al, es decir, los backlinks, hay una opini\u00f3n indirecta.&nbsp;Se puede suponer que principalmente las se\u00f1ales fuera de la p\u00e1gina, como co-ocurrencias, backlinks, patrones de b\u00fasqueda &#8230; fluyen hacia el concepto de evaluaci\u00f3n EAT.<\/p>\n","protected":false},"excerpt":{"rendered":"<p>Hoy en el&nbsp;diccionario SEO&nbsp;os traemos un nuevo t\u00e9rmino y os vamos a explicar \u00abqu\u00e9 es google EAT\u00bb de manera clara y tangible donde te permitir\u00e1 ver con mayor claridad esta descripci\u00f3n. Qu\u00e9 es google EAT Definici\u00f3n de Google EAT Sistema de Google para que el due\u00f1o de una cuenta permita publicidad dentro de su contenido [&hellip;]<\/p>\n","protected":false},"author":6,"featured_media":3016,"parent":4684,"menu_order":0,"comment_status":"closed","ping_status":"closed","template":"","meta":{"_acf_changed":false,"footnotes":"","_links_to":"","_links_to_target":""},"class_list":["post-3013","page","type-page","status-publish","has-post-thumbnail"],"acf":[],"_links":{"self":[{"href":"https:\/\/agenciaseonetbulb.com\/noticias\/wp-json\/wp\/v2\/pages\/3013","targetHints":{"allow":["GET"]}}],"collection":[{"href":"https:\/\/agenciaseonetbulb.com\/noticias\/wp-json\/wp\/v2\/pages"}],"about":[{"href":"https:\/\/agenciaseonetbulb.com\/noticias\/wp-json\/wp\/v2\/types\/page"}],"author":[{"embeddable":true,"href":"https:\/\/agenciaseonetbulb.com\/noticias\/wp-json\/wp\/v2\/users\/6"}],"replies":[{"embeddable":true,"href":"https:\/\/agenciaseonetbulb.com\/noticias\/wp-json\/wp\/v2\/comments?post=3013"}],"version-history":[{"count":5,"href":"https:\/\/agenciaseonetbulb.com\/noticias\/wp-json\/wp\/v2\/pages\/3013\/revisions"}],"predecessor-version":[{"id":4769,"href":"https:\/\/agenciaseonetbulb.com\/noticias\/wp-json\/wp\/v2\/pages\/3013\/revisions\/4769"}],"up":[{"embeddable":true,"href":"https:\/\/agenciaseonetbulb.com\/noticias\/wp-json\/wp\/v2\/pages\/4684"}],"wp:featuredmedia":[{"embeddable":true,"href":"https:\/\/agenciaseonetbulb.com\/noticias\/wp-json\/wp\/v2\/media\/3016"}],"wp:attachment":[{"href":"https:\/\/agenciaseonetbulb.com\/noticias\/wp-json\/wp\/v2\/media?parent=3013"}],"curies":[{"name":"wp","href":"https:\/\/api.w.org\/{rel}","templated":true}]}}