{"id":2907,"date":"2021-12-03T23:42:24","date_gmt":"2021-12-03T22:42:24","guid":{"rendered":"https:\/\/agenciaseonetbulb.com\/noticias\/?page_id=2907"},"modified":"2024-03-17T21:59:33","modified_gmt":"2024-03-17T20:59:33","slug":"que-significa-alcance","status":"publish","type":"page","link":"https:\/\/agenciaseonetbulb.com\/noticias\/diccionario-seo\/que-significa-alcance\/","title":{"rendered":"Alcance"},"content":{"rendered":"\n<p>Hoy en el <a href=\"https:\/\/agenciaseonetbulb.com\/noticias\/diccionario-de-seo\/\" target=\"_blank\" rel=\"noreferrer noopener\">diccionario SEO<\/a> os traemos un nuevo t\u00e9rmino y os vamos a explicar \u00abqu\u00e9 es el Alcance\u00bb de manera clara y tangible donde te permitir\u00e1 ver con mayor claridad esta descripci\u00f3n:<\/p>\n\n\n\n<h2 class=\"wp-block-heading\"><strong>Definici\u00f3n de Alcance<\/strong><\/h2>\n\n\n\n<p>En marketing digital, el alcance se refiere a la cantidad de personas a las que se les presenta un contenido o mensaje en particular a trav\u00e9s de medios digitales. El alcance puede medirse en t\u00e9rminos de vistas de p\u00e1gina, seguidores de redes sociales, impresiones de anuncios o cualquier otra m\u00e9trica relevante.<\/p>\n\n\n\n<p>El objetivo del alcance en marketing digital es llegar al p\u00fablico objetivo de una empresa o marca, aumentando la visibilidad y la conciencia de la misma en l\u00ednea. Un alto alcance no necesariamente garantiza que se logren los objetivos de conversi\u00f3n, pero es un primer paso importante para atraer la atenci\u00f3n y el inter\u00e9s del p\u00fablico adecuado.<\/p>\n","protected":false},"excerpt":{"rendered":"<p>Hoy en el diccionario SEO os traemos un nuevo t\u00e9rmino y os vamos a explicar \u00abqu\u00e9 es el Alcance\u00bb de manera clara y tangible donde te permitir\u00e1 ver con mayor claridad esta descripci\u00f3n: Definici\u00f3n de Alcance En marketing digital, el alcance se refiere a la cantidad de personas a las que se les presenta un [&hellip;]<\/p>\n","protected":false},"author":6,"featured_media":0,"parent":4684,"menu_order":0,"comment_status":"closed","ping_status":"closed","template":"","meta":{"_acf_changed":false,"footnotes":"","_links_to":"","_links_to_target":""},"class_list":["post-2907","page","type-page","status-publish"],"acf":[],"_links":{"self":[{"href":"https:\/\/agenciaseonetbulb.com\/noticias\/wp-json\/wp\/v2\/pages\/2907","targetHints":{"allow":["GET"]}}],"collection":[{"href":"https:\/\/agenciaseonetbulb.com\/noticias\/wp-json\/wp\/v2\/pages"}],"about":[{"href":"https:\/\/agenciaseonetbulb.com\/noticias\/wp-json\/wp\/v2\/types\/page"}],"author":[{"embeddable":true,"href":"https:\/\/agenciaseonetbulb.com\/noticias\/wp-json\/wp\/v2\/users\/6"}],"replies":[{"embeddable":true,"href":"https:\/\/agenciaseonetbulb.com\/noticias\/wp-json\/wp\/v2\/comments?post=2907"}],"version-history":[{"count":3,"href":"https:\/\/agenciaseonetbulb.com\/noticias\/wp-json\/wp\/v2\/pages\/2907\/revisions"}],"predecessor-version":[{"id":4715,"href":"https:\/\/agenciaseonetbulb.com\/noticias\/wp-json\/wp\/v2\/pages\/2907\/revisions\/4715"}],"up":[{"embeddable":true,"href":"https:\/\/agenciaseonetbulb.com\/noticias\/wp-json\/wp\/v2\/pages\/4684"}],"wp:attachment":[{"href":"https:\/\/agenciaseonetbulb.com\/noticias\/wp-json\/wp\/v2\/media?parent=2907"}],"curies":[{"name":"wp","href":"https:\/\/api.w.org\/{rel}","templated":true}]}}