{"id":2898,"date":"2021-12-03T23:35:30","date_gmt":"2021-12-03T22:35:30","guid":{"rendered":"https:\/\/agenciaseonetbulb.com\/noticias\/?page_id=2898"},"modified":"2024-03-17T22:04:58","modified_gmt":"2024-03-17T21:04:58","slug":"que-es-google-ads-adwords","status":"publish","type":"page","link":"https:\/\/agenciaseonetbulb.com\/noticias\/diccionario-seo\/que-es-google-ads-adwords\/","title":{"rendered":"Google Ads (Adwords)"},"content":{"rendered":"\n<p> Hoy en el <a href=\"https:\/\/agenciaseonetbulb.com\/noticias\/diccionario-de-seo\/\" target=\"_blank\" rel=\"noreferrer noopener\">diccionario SEO<\/a> os traemos un nuevo t\u00e9rmino y os vamos a explicar \u00abqu\u00e9 es google Ads o Adwords\u00bbde manera clara y tangible donde te permitir\u00e1 ver con mayor claridad esta descripci\u00f3n <\/p>\n\n\n\n<p><\/p>\n\n\n\n<h3 class=\"wp-block-heading\">Qu\u00e9 es Google ADS (Adwords)<\/h3>\n\n\n\n<h3 class=\"wp-block-heading\">Definici\u00f3n de Google Ads<\/h3>\n\n\n\n<p>Google Ads es una plataforma publicitaria en l\u00ednea desarrollada por Google, que permite a las empresas y anunciantes mostrar anuncios en l\u00ednea en los resultados de b\u00fasqueda de Google, as\u00ed como en sitios web y aplicaciones asociados con Google.<\/p>\n\n\n\n<p>Google Ads funciona en base a un modelo de pago por clic (PPC), lo que significa que los anunciantes solo pagan cuando alguien hace clic en sus anuncios. La plataforma ofrece una variedad de formatos publicitarios, que incluyen anuncios de texto, anuncios de display, anuncios de video y anuncios de compras. Los anuncios se muestran a los usuarios bas\u00e1ndose en las palabras clave que buscan y otros criterios espec\u00edficos.<\/p>\n\n\n\n<p>Google Ads es una herramienta popular para la publicidad en l\u00ednea, ya que permite a los anunciantes llegar a un p\u00fablico espec\u00edfico de manera efectiva y medir el rendimiento de sus anuncios en tiempo real. La plataforma ofrece herramientas de an\u00e1lisis para que los anunciantes puedan realizar un seguimiento de su retorno de inversi\u00f3n (ROI) y ajustar sus estrategias publicitarias en consecuencia.<\/p>\n\n\n\n<p>Para usar Google Ads, los anunciantes deben crear una cuenta y configurar su campa\u00f1a de anuncios, incluyendo la elecci\u00f3n de las palabras clave relevantes, la selecci\u00f3n de los formatos de anuncios y la definici\u00f3n del presupuesto y de los objetivos de la campa\u00f1a. Google Ads tambi\u00e9n ofrece una serie de herramientas y recursos para ayudar a los anunciantes a optimizar sus campa\u00f1as y mejorar su rendimiento en l\u00ednea.<\/p>\n\n\n\n<h3 class=\"wp-block-heading\">C\u00f3mo funciona Google Ads<\/h3>\n\n\n\n<p><\/p>\n\n\n\n<p>Google Ads funciona a trav\u00e9s de un proceso de subasta en tiempo real, en el que los anunciantes compiten por aparecer en los resultados de b\u00fasqueda de Google o en otros lugares de la red publicitaria de Google. El proceso de subasta tiene en cuenta varios factores, como la relevancia del anuncio, la calidad de la p\u00e1gina de destino y la oferta del anunciante.<\/p>\n\n\n\n<p>A continuaci\u00f3n, se describen los<strong> 7 pasos b\u00e1sicos para utilizar Google Ads<\/strong>:<\/p>\n\n\n\n<ol class=\"wp-block-list\">\n<li><strong><a href=\"https:\/\/support.google.com\/google-ads\/answer\/6366720?hl=es\" target=\"_blank\" data-type=\"URL\" data-id=\"https:\/\/support.google.com\/google-ads\/answer\/6366720?hl=es\" rel=\"noreferrer noopener\">Creaci\u00f3n de una cuenta de Google Ads<\/a><\/strong>: El primer paso para utilizar Google Ads es crear una cuenta en la plataforma y configurar una campa\u00f1a publicitaria.<\/li>\n\n\n\n<li><strong>Selecci\u00f3n de las palabras clave:<\/strong> Los anunciantes deben seleccionar las palabras clave relevantes para sus productos o servicios. Estas palabras clave se utilizan para que los anuncios se muestren a los usuarios que buscan esos t\u00e9rminos en Google.<\/li>\n\n\n\n<li><strong>Creaci\u00f3n de los anuncios:<\/strong> Los anunciantes pueden crear diferentes tipos de anuncios, como anuncios de texto, anuncios de display, anuncios de video, etc. Es importante que los anuncios sean relevantes y atractivos para el p\u00fablico objetivo.<\/li>\n\n\n\n<li><strong>Establecimiento de la oferta: <\/strong>Los anunciantes deben establecer una oferta para cada palabra clave seleccionada. La oferta es el monto m\u00e1ximo que est\u00e1n dispuestos a pagar por cada clic en el anuncio.<\/li>\n\n\n\n<li><strong>Publicaci\u00f3n de los anuncios<\/strong>: Una vez que se han creado los anuncios y se han establecido las ofertas, los anuncios se publican en la plataforma de Google Ads.<\/li>\n\n\n\n<li><strong>Participaci\u00f3n en la subasta:<\/strong> Cuando un usuario busca en Google utilizando una de las palabras clave seleccionadas, se inicia una subasta en tiempo real. Los anunciantes compiten para que sus anuncios aparezcan en los primeros resultados de b\u00fasqueda.<\/li>\n\n\n\n<li><strong>Visualizaci\u00f3n de los anuncios:<\/strong> Los anuncios se muestran en funci\u00f3n de la oferta del anunciante y la calidad del anuncio y de la p\u00e1gina de destino. Los anuncios con mayor puntuaci\u00f3n se muestran en los primeros lugares de la p\u00e1gina de resultados de b\u00fasqueda.<\/li>\n<\/ol>\n\n\n\n<p>En resumen, Google Ads funciona a trav\u00e9s de una subasta en tiempo real en la que los anunciantes compiten por aparecer en los resultados de b\u00fasqueda de Google o en otros lugares de la red publicitaria de Google. Los anunciantes deben seleccionar las palabras clave relevantes, crear anuncios atractivos y establecer ofertas para competir en la subasta.<\/p>\n","protected":false},"excerpt":{"rendered":"<p>Hoy en el diccionario SEO os traemos un nuevo t\u00e9rmino y os vamos a explicar \u00abqu\u00e9 es google Ads o Adwords\u00bbde manera clara y tangible donde te permitir\u00e1 ver con mayor claridad esta descripci\u00f3n Qu\u00e9 es Google ADS (Adwords) Definici\u00f3n de Google Ads Google Ads es una plataforma publicitaria en l\u00ednea desarrollada por Google, que [&hellip;]<\/p>\n","protected":false},"author":6,"featured_media":0,"parent":4684,"menu_order":0,"comment_status":"closed","ping_status":"closed","template":"","meta":{"_acf_changed":false,"footnotes":"","_links_to":"","_links_to_target":""},"class_list":["post-2898","page","type-page","status-publish"],"acf":[],"_links":{"self":[{"href":"https:\/\/agenciaseonetbulb.com\/noticias\/wp-json\/wp\/v2\/pages\/2898","targetHints":{"allow":["GET"]}}],"collection":[{"href":"https:\/\/agenciaseonetbulb.com\/noticias\/wp-json\/wp\/v2\/pages"}],"about":[{"href":"https:\/\/agenciaseonetbulb.com\/noticias\/wp-json\/wp\/v2\/types\/page"}],"author":[{"embeddable":true,"href":"https:\/\/agenciaseonetbulb.com\/noticias\/wp-json\/wp\/v2\/users\/6"}],"replies":[{"embeddable":true,"href":"https:\/\/agenciaseonetbulb.com\/noticias\/wp-json\/wp\/v2\/comments?post=2898"}],"version-history":[{"count":7,"href":"https:\/\/agenciaseonetbulb.com\/noticias\/wp-json\/wp\/v2\/pages\/2898\/revisions"}],"predecessor-version":[{"id":4717,"href":"https:\/\/agenciaseonetbulb.com\/noticias\/wp-json\/wp\/v2\/pages\/2898\/revisions\/4717"}],"up":[{"embeddable":true,"href":"https:\/\/agenciaseonetbulb.com\/noticias\/wp-json\/wp\/v2\/pages\/4684"}],"wp:attachment":[{"href":"https:\/\/agenciaseonetbulb.com\/noticias\/wp-json\/wp\/v2\/media?parent=2898"}],"curies":[{"name":"wp","href":"https:\/\/api.w.org\/{rel}","templated":true}]}}