{"id":2895,"date":"2021-12-03T23:33:05","date_gmt":"2021-12-03T22:33:05","guid":{"rendered":"https:\/\/agenciaseonetbulb.com\/noticias\/?page_id=2895"},"modified":"2024-03-17T21:59:05","modified_gmt":"2024-03-17T20:59:05","slug":"que-es-adsense","status":"publish","type":"page","link":"https:\/\/agenciaseonetbulb.com\/noticias\/diccionario-seo\/que-es-adsense\/","title":{"rendered":"Adsense"},"content":{"rendered":"\n<p>Hoy en el <a href=\"https:\/\/agenciaseonetbulb.com\/noticias\/diccionario-seo\/\" data-type=\"URL\" data-id=\"https:\/\/agenciaseonetbulb.com\/noticias\/diccionario-seo\/\">diccionario SEO<\/a> os traemos un nuevo t\u00e9rmino y os vamos a explicar \u00abqu\u00e9 es adSende\u00bb de manera clara y tangible donde te permitir\u00e1 ver con mayor claridad esta descripci\u00f3n:<\/p>\n\n\n\n<h2 class=\"wp-block-heading\"><strong><a href=\"https:\/\/agenciaseonetbulb.com\/noticias\/diccionario-de-seo\/\" target=\"_blank\" rel=\"noreferrer noopener\">Definici\u00f3n de Adsense<\/a><\/strong><\/h2>\n\n\n\n<p>Sistema de Google para que el due\u00f1o de una cuenta permita publicidad dentro de su contenido y sea remunerado por ello.<\/p>\n\n\n\n<h2 class=\"wp-block-heading\" id=\"was-ist-adsense\">\u00bfQu\u00e9 es AdSense?<\/h2>\n\n\n\n<p>Como&nbsp;bloglero, suelo utilizar&nbsp;Google&nbsp;<strong>Adsense para colocar<\/strong>&nbsp;anuncios en algunos de mis p\u00e1ginas web y ganar dinero con ellos.&nbsp;Al hacerlo, Google garantiza&nbsp;una alta calidad de los banners publicitarios a&nbsp;trav\u00e9s de la selecci\u00f3n de anuncios y las&nbsp;pautas del&nbsp;programa AdSense&nbsp;.&nbsp;<\/p>\n\n\n\n<p>Google utiliza un&nbsp;algoritmo para&nbsp;seleccionar&nbsp;los anuncios para dichas web y verificar si son adecuados para el contenido espec\u00edfico y el grupo objetivo espec\u00edfico.&nbsp;<\/p>\n\n\n\n<p>El dise\u00f1o de los anuncios es extremadamente variable y, por lo tanto, adecuado para muchos sitios web. <strong>El uso de AdSense es gratuito para los editores.<\/strong><\/p>\n\n\n\n<h2 class=\"wp-block-heading\" id=\"wie-funktioniert-adsense\">\u00bfC\u00f3mo funciona AdSense?<\/h2>\n\n\n\n<p>El principio b\u00e1sico de AdSense es similar al de una subasta: los anunciantes compiten por espacios publicitarios gratuitos.&nbsp;El postor m\u00e1s alto gana la licitaci\u00f3n y ahora puede&nbsp;anunciarse&nbsp;en su&nbsp;sitio web&nbsp;.&nbsp;Los ingresos que se generan de esta manera a veces var\u00edan a diario.<\/p>\n\n\n\n<p>El secreto radica en la alta calidad y la selecci\u00f3n precisa de los anuncios.&nbsp;Como webmaster, tu mismo no seleccionas los anuncios espec\u00edficos, sino que los proporciona Google.&nbsp;<\/p>\n\n\n\n<p>Pero, eso s\u00ed, t\u00fa decides qu\u00e9 anuncios ver en tu p\u00e1gina web en el \u00ab<strong>centro de revisi\u00f3n de anuncios<\/strong>\u00ab.&nbsp;En la pesta\u00f1a \u00abPermitir y bloquear anuncios\u00bb existe la posibilidad de eliminar anuncios completamente inadecuados del sitio web.<\/p>\n\n\n\n<figure class=\"wp-block-image size-large\"><a href=\"https:\/\/agenciaseonetbulb.com\/noticias\/wp-content\/uploads\/2021\/12\/revision-anuncios-adsense1.jpg\"><img fetchpriority=\"high\" decoding=\"async\" width=\"1024\" height=\"480\" src=\"https:\/\/agenciaseonetbulb.com\/noticias\/wp-content\/uploads\/2021\/12\/revision-anuncios-adsense1-1024x480.jpg\" alt=\"revisi\u00f3n de anuncios adsense\" class=\"wp-image-2915\" title=\"\" srcset=\"https:\/\/agenciaseonetbulb.com\/noticias\/wp-content\/imagenes\/2021\/12\/revision-anuncios-adsense1-1024x480.jpg 1024w, https:\/\/agenciaseonetbulb.com\/noticias\/wp-content\/imagenes\/2021\/12\/revision-anuncios-adsense1-300x141.jpg 300w, https:\/\/agenciaseonetbulb.com\/noticias\/wp-content\/imagenes\/2021\/12\/revision-anuncios-adsense1.jpg 1500w\" sizes=\"(max-width: 1024px) 100vw, 1024px\" \/><\/a><\/figure>\n\n\n\n<h2 class=\"wp-block-heading\" id=\"wie-melde-ich-mich-an\">\u00bfC\u00f3mo me inscribo?<\/h2>\n\n\n\n<p>Todo lo que necesita para registrarse en AdSense es una cuenta de Google,&nbsp;tu propio&nbsp;contenido&nbsp;y tus datos de contacto para transferir los ingresos.&nbsp;<\/p>\n\n\n\n<p>\u00bfYa tiene una cuenta de <a href=\"https:\/\/agenciaseonetbulb.com\/noticias\/diccionario-seo\/que-es-google-ads-adwords\/\">Google Ads<\/a>?&nbsp;Entonces, los servicios de AdSense se pueden utilizar f\u00e1cilmente.&nbsp;Cualquier editor de 18 a\u00f1os o m\u00e1s puede utilizar AdSense.&nbsp;<\/p>\n\n\n\n<figure class=\"wp-block-image size-large\"><a href=\"https:\/\/agenciaseonetbulb.com\/noticias\/wp-content\/uploads\/2021\/12\/registro-adsense.jpg\"><img decoding=\"async\" width=\"1024\" height=\"420\" src=\"https:\/\/agenciaseonetbulb.com\/noticias\/wp-content\/uploads\/2021\/12\/registro-adsense-1024x420.jpg\" alt=\"\" class=\"wp-image-2923\" title=\"\" srcset=\"https:\/\/agenciaseonetbulb.com\/noticias\/wp-content\/imagenes\/2021\/12\/registro-adsense-1024x420.jpg 1024w, https:\/\/agenciaseonetbulb.com\/noticias\/wp-content\/imagenes\/2021\/12\/registro-adsense-300x123.jpg 300w, https:\/\/agenciaseonetbulb.com\/noticias\/wp-content\/imagenes\/2021\/12\/registro-adsense.jpg 1500w\" sizes=\"(max-width: 1024px) 100vw, 1024px\" \/><\/a><\/figure>\n\n\n\n<p>Despu\u00e9s del&nbsp;<a href=\"https:\/\/www.google.com\/adsense\/start\/\" target=\"_blank\" rel=\"noreferrer noopener\">registro<\/a>&nbsp;&nbsp;, su sitio web ser\u00e1 analizado y, en el mejor de los casos, publicado por Google despu\u00e9s de una semana.&nbsp;Si la respuesta es positiva, puede comenzar la publicaci\u00f3n de las variaciones de su anuncio.<\/p>\n\n\n\n<p>Fuente: <a href=\"https:\/\/support.google.com\/adsense\/answer\/7402253?hl=es\" target=\"_blank\" rel=\"noopener\">https:\/\/support.google.com\/adsense\/answer\/7402253?hl=es<\/a><\/p>\n\n\n\n<h2 class=\"wp-block-heading\" id=\"welche-arten-von-anzeigen-gibt-es\">\u00bfQu\u00e9 tipo de anuncios existen?<\/h2>\n\n\n\n<figure class=\"wp-block-image size-large\"><a href=\"https:\/\/agenciaseonetbulb.com\/noticias\/wp-content\/uploads\/2021\/12\/bloques-de-tipos-de-anuncios-adsense.jpg\"><img decoding=\"async\" width=\"1024\" height=\"431\" src=\"https:\/\/agenciaseonetbulb.com\/noticias\/wp-content\/uploads\/2021\/12\/bloques-de-tipos-de-anuncios-adsense-1024x431.jpg\" alt=\"\u00bfQu\u00e9 tipo de anuncios existen?\" class=\"wp-image-2933\" title=\"\" srcset=\"https:\/\/agenciaseonetbulb.com\/noticias\/wp-content\/imagenes\/2021\/12\/bloques-de-tipos-de-anuncios-adsense-1024x431.jpg 1024w, https:\/\/agenciaseonetbulb.com\/noticias\/wp-content\/imagenes\/2021\/12\/bloques-de-tipos-de-anuncios-adsense-300x126.jpg 300w, https:\/\/agenciaseonetbulb.com\/noticias\/wp-content\/imagenes\/2021\/12\/bloques-de-tipos-de-anuncios-adsense.jpg 1058w\" sizes=\"(max-width: 1024px) 100vw, 1024px\" \/><\/a><\/figure>\n\n\n\n<p>Se recomienda colocar un m\u00e1ximo de 3 bloques de contenido, 3 bloques de enlaces y 2 campos de b\u00fasqueda en un sitio web.&nbsp;Google ofrece diferentes tipos de anuncios, que en el mejor de los casos se pueden combinar entre s\u00ed.&nbsp;<\/p>\n\n\n\n<p>Lo mejor es adaptar el dise\u00f1o de los anuncios al dise\u00f1o de su sitio web.&nbsp;Hay pruebas que se pueden utilizar para comparar diferentes versiones de las pantallas.&nbsp;As\u00ed, por ejemplo, se puede determinar el impacto de los elementos visuales y su influencia en las ventas.<\/p>\n\n\n\n<p>Si no sabes muy bien cual puede ser el n\u00famero \u00f3ptimo, puedes hacer diferentes \u00abexperimentos\u00bb d\u00e1ndole el \u00abpoder a google\u00bb y decirle que ponga <strong>anuncios de forma autom\u00e1tica<\/strong> ajustando luego la intensidad de anuncio, el tipo de formato que salga o excluir p\u00e1ginas que no quieres que salga anuncios<\/p>\n\n\n\n<figure class=\"wp-block-image size-large\"><a href=\"https:\/\/agenciaseonetbulb.com\/noticias\/wp-content\/uploads\/2021\/12\/Anuncios-adsense-automaticos.jpg\"><img loading=\"lazy\" decoding=\"async\" width=\"1024\" height=\"420\" src=\"https:\/\/agenciaseonetbulb.com\/noticias\/wp-content\/uploads\/2021\/12\/Anuncios-adsense-automaticos-1024x420.jpg\" alt=\"anuncios autom\u00e1ticos adsense\" class=\"wp-image-2926\" title=\"\" srcset=\"https:\/\/agenciaseonetbulb.com\/noticias\/wp-content\/imagenes\/2021\/12\/Anuncios-adsense-automaticos-1024x420.jpg 1024w, https:\/\/agenciaseonetbulb.com\/noticias\/wp-content\/imagenes\/2021\/12\/Anuncios-adsense-automaticos-300x123.jpg 300w, https:\/\/agenciaseonetbulb.com\/noticias\/wp-content\/imagenes\/2021\/12\/Anuncios-adsense-automaticos.jpg 1500w\" sizes=\"(max-width: 1024px) 100vw, 1024px\" \/><\/a><\/figure>\n\n\n\n<h2 class=\"wp-block-heading\">Bloque de anuncios que existen en Adsense<\/h2>\n\n\n\n<h3 class=\"wp-block-heading\">1. <strong>Anuncios de display<\/strong><\/h3>\n\n\n\n<p>Los anuncios gr\u00e1ficos captan la atenci\u00f3n del usuario de forma natural.&nbsp;La representaci\u00f3n gr\u00e1fica del anuncio se ofrece de forma horizontal, vertical o cuadrada en 17 formatos diferentes.&nbsp;El l\u00edmite de 150 KB tiene un impacto m\u00ednimo en el tiempo de carga de la mayor\u00eda de los sitios web.<\/p>\n\n\n\n<p>Fuente:&nbsp;<a href=\"https:\/\/support.google.com\/adsense\/answer\/185666?hl=es&amp;ref_topic=1307421\" target=\"_blank\" rel=\"noreferrer noopener\">https:\/\/support.google.com\/adsense\/answer\/185666?hl=es&amp;ref_topic=1307421<\/a><\/p>\n\n\n\n<h3 class=\"wp-block-heading\">2. <strong>Anuncios in-feed<\/strong><\/h3>\n\n\n\n<p>Los anuncios in-feed son un m\u00e9todo muy eficaz de publicidad nativa.&nbsp;Estos anuncios se insertan sin problemas en el feed de una aplicaci\u00f3n o sitio de comercio electr\u00f3nico y adoptan la apariencia de las publicaciones sin interrumpir la experiencia del usuario.&nbsp;\u00bfEl resultado?&nbsp;Usuarios comprometidos y mayores conversiones.<\/p>\n\n\n\n<p>As\u00ed, un blog puede insertar un anuncio de este tipo entre dos art\u00edculos, en la p\u00e1gina de inicio o en cualquier p\u00e1gina donde se muestre una lista de art\u00edculos.&nbsp;<\/p>\n\n\n\n<p>Puede personalizar el dise\u00f1o de estos anuncios para que se ajusten de la manera m\u00e1s natural posible a su sitio (colores, bloque, tama\u00f1o de imagen, t\u00edtulo y fuente de descripci\u00f3n, etc.)<\/p>\n\n\n\n<p>Fuente:&nbsp;<a href=\"https:\/\/support.google.com\/adsense\/answer\/185666?hl=es&amp;ref_topic=1307421\" target=\"_blank\" rel=\"noreferrer noopener\">https:\/\/support.google.com\/adsense\/answer\/9189557?hl=es<\/a><\/p>\n\n\n\n<h3 class=\"wp-block-heading\">3. <strong>Anuncios in-article<\/strong><\/h3>\n\n\n\n<p>Tambi\u00e9n puede agregar anuncios dentro de los art\u00edculos, entre dos p\u00e1rrafos.&nbsp;Tambi\u00e9n puede personalizar estos anuncios para que se ajusten mejor a los art\u00edculos que publica.<\/p>\n\n\n\n<p>Fuente:&nbsp;<a href=\"https:\/\/support.google.com\/adsense\/answer\/185679?hl=es&amp;ref_topic=1307421\" target=\"_blank\" rel=\"noreferrer noopener\">https:\/\/support.google.com\/adsense\/answer\/9189562?hl=es<\/a><\/p>\n\n\n\n<p><\/p>\n\n\n\n<h3 class=\"wp-block-heading\">4. <strong>Contenido Relacionado<\/strong><\/h3>\n\n\n\n<p>El contenido relacionado es un formato publicitario muy com\u00fan en Internet, desde la llegada de Outbrain, Taboola y otros Ligatus.&nbsp;Para ser elegible,&nbsp;<a href=\"https:\/\/support.google.com\/adsense\/answer\/9189566?hl=es\" target=\"_blank\" rel=\"noreferrer noopener\">su sitio debe cumplir con ciertos criterios<\/a>&nbsp;en \u00abvolumen de tr\u00e1fico y n\u00famero de p\u00e1ginas \u00fanicas\u00bb.<\/p>\n\n\n\n<p class=\"has-vivid-cyan-blue-color has-text-color\"><strong><em>Actualizaci\u00f3n<\/em><\/strong><\/p>\n\n\n\n<p><strong>A partir del 1 de marzo de 2022, los bloques de tipo \u00abContenido relacionado\u00bb solo transmitir\u00e1n anuncios y pasar\u00e1n a denominarse \u00abanuncios multiplex\u00bb.<\/strong><\/p>\n\n\n\n<p>Originalmente, en 2016,&nbsp;&nbsp;se lanz\u00f3 el&nbsp;servicio&nbsp;para ayudar a los editores a promocionar su contenido entre los visitantes de sus sitios mientras monetizan la funcionalidad mediante la&nbsp;publicaci\u00f3n de&nbsp;&nbsp;anuncios junto con enlaces a sitios web. &#8216;Otros art\u00edculos en el sitio.<\/p>\n\n\n\n<h3 class=\"wp-block-heading\">5. <strong>Buscador<\/strong><\/h3>\n\n\n\n<p>Este tipo de anuncios lo que hace es crear un buscador donde podr\u00e1s personalizarlo<\/p>\n\n\n\n<figure class=\"wp-block-image size-large\"><a href=\"https:\/\/agenciaseonetbulb.com\/noticias\/wp-content\/uploads\/2021\/12\/anuncio-buscador-adsense.jpg\"><img loading=\"lazy\" decoding=\"async\" width=\"1024\" height=\"296\" src=\"https:\/\/agenciaseonetbulb.com\/noticias\/wp-content\/uploads\/2021\/12\/anuncio-buscador-adsense-1024x296.jpg\" alt=\"anuncio adsense buscador\" class=\"wp-image-2942\" title=\"\" srcset=\"https:\/\/agenciaseonetbulb.com\/noticias\/wp-content\/imagenes\/2021\/12\/anuncio-buscador-adsense-1024x296.jpg 1024w, https:\/\/agenciaseonetbulb.com\/noticias\/wp-content\/imagenes\/2021\/12\/anuncio-buscador-adsense-300x87.jpg 300w, https:\/\/agenciaseonetbulb.com\/noticias\/wp-content\/imagenes\/2021\/12\/anuncio-buscador-adsense.jpg 1500w\" sizes=\"(max-width: 1024px) 100vw, 1024px\" \/><\/a><\/figure>\n\n\n\n<p>Fuente: <a href=\"https:\/\/support.google.com\/adsense\/answer\/160530?hl=es\" target=\"_blank\" rel=\"noreferrer noopener\">https:\/\/support.google.com\/adsense\/answer\/160530?hl=es<\/a><\/p>\n\n\n\n<p><\/p>\n\n\n\n<h2 class=\"wp-block-heading\"><strong>Implementar el c\u00f3digo del anuncio paso a paso<\/strong><\/h2>\n\n\n\n<ol class=\"wp-block-list\">\n<li>En la pesta\u00f1a \u00abMis anuncios\u00bb Crear bloque de anuncios y seleccionamos que que queramos implantar<\/li>\n\n\n\n<li>\u00bfSe ha creado un bloque de anuncios antes?&nbsp;De lo contrario, seleccione el nombre del bloque de anuncios, establezca el tama\u00f1o del anuncio, seleccione el tipo de anuncio y, opcionalmente, seleccione un dise\u00f1o.<\/li>\n\n\n\n<li>En \u00abReservar anuncios\u00bb, seleccione qu\u00e9 ver en su p\u00e1gina cuando no haya anuncios orientados disponibles.<\/li>\n\n\n\n<li>Guarde, recupere y copie el c\u00f3digo del anuncio<\/li>\n\n\n\n<li>Pegar en el&nbsp;c\u00f3digo&nbsp;fuente&nbsp;HTML&nbsp;del sitio web<\/li>\n\n\n\n<li>Para comprobar si la pantalla se muestra correctamente, mire la vista de c\u00f3digo fuente del navegador.&nbsp;El c\u00f3digo del anuncio en el c\u00f3digo fuente debe coincidir con el c\u00f3digo del anuncio en la cuenta de AdSense.<\/li>\n<\/ol>\n\n\n\n<h2 class=\"wp-block-heading\"><strong>\u00bfQu\u00e9 puedo ganar con AdSense?<\/strong><\/h2>\n\n\n\n<p>Cuanto m\u00e1s atractiva sea tu p\u00e1gina para los anunciantes, m\u00e1s anuncios lucrativos recibir\u00e1s.&nbsp;Las ganancias var\u00edan mucho.&nbsp;El pago de los ingresos se realiza a finales del mes siguiente.&nbsp;Muchos factores determinan el precio del clic:<\/p>\n\n\n\n<ul class=\"wp-block-list\">\n<li>La calidad de la web<\/li>\n\n\n\n<li>El n\u00famero de visitantes<\/li>\n\n\n\n<li>La calidad del contenido<\/li>\n<\/ul>\n\n\n\n<p>Desde mi experiencia y experimentos, gracias al par\u00f3n del covid, puedo decir que si est\u00e1n pensando en crear un blog o p\u00e1gina y no sabes donde implantarlo para ganar m\u00e1s dinero y te est\u00e1s preguntando d\u00f3nde crear tu proyecto&#8230; <\/p>\n\n\n\n<h3 class=\"wp-block-heading\">\ud83d\udc49 Blogger o WordPress: \u00bfCu\u00e1l es la soluci\u00f3n ideal para tu proyecto en AdSense?<\/h3>\n\n\n\n<p>Est\u00e1 claro que si no tienes conocimiento a la hora de crear una p\u00e1gina,te recomiendo que empieces por blogger, pero si tienes cierto conocimiento y buscas m\u00e1s rentabilidad os comparto un experimento en unos de mis blog que estaba en blogger, saqu\u00e9 tiempo en esos d\u00edas que nos quedamos en casa por culpa del covid para pasarlo a wordpress y este fue el resultado:<\/p>\n\n\n\n<figure class=\"wp-block-image size-large\"><a href=\"https:\/\/agenciaseonetbulb.com\/noticias\/wp-content\/uploads\/2021\/12\/adsense-blogger-o-wordpress.jpg\"><img loading=\"lazy\" decoding=\"async\" width=\"1024\" height=\"328\" src=\"https:\/\/agenciaseonetbulb.com\/noticias\/wp-content\/uploads\/2021\/12\/adsense-blogger-o-wordpress-1024x328.jpg\" alt=\"\" class=\"wp-image-2946\" title=\"\" srcset=\"https:\/\/agenciaseonetbulb.com\/noticias\/wp-content\/imagenes\/2021\/12\/adsense-blogger-o-wordpress-1024x328.jpg 1024w, https:\/\/agenciaseonetbulb.com\/noticias\/wp-content\/imagenes\/2021\/12\/adsense-blogger-o-wordpress-300x96.jpg 300w, https:\/\/agenciaseonetbulb.com\/noticias\/wp-content\/imagenes\/2021\/12\/adsense-blogger-o-wordpress.jpg 1500w\" sizes=\"(max-width: 1024px) 100vw, 1024px\" \/><\/a><\/figure>\n\n\n\n<p>\u00bfQu\u00e9 ha ocurrido? Que hemos incrementado los ingresos de media respecto los datos del a\u00f1o anterior entre un 400%-500%, nada mal, eh? <\/p>\n\n\n\n<p>As\u00ed es que si me preguntan qu\u00e9 es mejor para poner anuncios AdSense en un blog o p\u00e1gina&#8230; Sin duda alguna os <strong>recomiendo hacerlo en WordPress<\/strong>.<\/p>\n\n\n\n<h2 class=\"wp-block-heading\"><strong>\u00bfC\u00f3mo se asegura la calidad en los Anuncios Adsense?<\/strong><\/h2>\n\n\n\n<p>Las directrices de AdSense garantizan la seguridad de los editores, anunciantes y usuarios.&nbsp;El contenido para adultos, el contenido con derechos de autor y los clics no v\u00e1lidos son solo algunas de las cosas que Google AdSense ha incluido en su agenda.&nbsp;Google se asegura de que los editores se adhieran a las directrices del programa AdSense.&nbsp;<\/p>\n\n\n\n<p>Puede&nbsp;evaluar&nbsp;el \u00e9xito de los anuncios utilizando&nbsp;Google Analytics&nbsp;.&nbsp;A trav\u00e9s de informaci\u00f3n dirigida, puede optimizar el contenido y aumentar los ingresos.&nbsp;Con la aplicaci\u00f3n AdSense, incluso tiene todo bajo control sobre la marcha.<\/p>\n\n\n\n<h2 class=\"wp-block-heading\">\u00bf<strong>Qui\u00e9n usa AdSense<\/strong>?<\/h2>\n\n\n\n<p>Muchos blogueros han descubierto esta herramienta como una sencilla fuente de ingresos para ellos mismos.&nbsp;La simple instalaci\u00f3n del complemento permite al blogger, que no ofrece ning\u00fan bien o servicio por s\u00ed mismo, generar ingresos de todos modos.&nbsp;Pero las empresas tambi\u00e9n utilizan cada vez m\u00e1s la herramienta.&nbsp;<\/p>\n\n\n\n<p>\u00bfPor qu\u00e9 no vincular tambi\u00e9n la cuenta de AdSense a su propia cuenta de YouTube?&nbsp;Si la monetizaci\u00f3n de su canal est\u00e1 activada o autorizada, env\u00ede una solicitud a Google y listo.<\/p>\n\n\n\n<h2 class=\"wp-block-heading\" id=\"vor-und-nachteile-von-adsense\"><strong>Ventajas y desventajas de AdSense<\/strong><\/h2>\n\n\n\n<h3 class=\"wp-block-heading\"><strong>Ventajas:<\/strong><\/h3>\n\n\n\n<ul class=\"wp-block-list\">\n<li>Registro gratis<\/li>\n\n\n\n<li>Aplicaci\u00f3n sencilla<\/li>\n\n\n\n<li>Ingresos por clic<\/li>\n\n\n\n<li>Solo se colocar\u00e1n anuncios relevantes<\/li>\n\n\n\n<li>Ya no es necesario el trabajo administrativo con varios anunciantes<\/li>\n\n\n\n<li>El dise\u00f1o de los anuncios se puede adaptar individualmente.<\/li>\n<\/ul>\n\n\n\n<h3 class=\"wp-block-heading\"><strong>Desventaja:<\/strong><\/h3>\n\n\n\n<ul class=\"wp-block-list\">\n<li>No hay transparencia con respecto a la composici\u00f3n de los ingresos.<\/li>\n\n\n\n<li>Optimizaci\u00f3n del sitio necesaria para poder lograr altos ingresos<\/li>\n\n\n\n<li>Se realiza pago solo cuando hayas superado 75\u20ac <\/li>\n\n\n\n<li>Pago al mes siguiente y siempre entre los d\u00edas d\u00eda 21 al 26 (siempre que hayas alcanzado el umbral de pago)<\/li>\n<\/ul>\n","protected":false},"excerpt":{"rendered":"<p>Hoy en el diccionario SEO os traemos un nuevo t\u00e9rmino y os vamos a explicar \u00abqu\u00e9 es adSende\u00bb de manera clara y tangible donde te permitir\u00e1 ver con mayor claridad esta descripci\u00f3n: Definici\u00f3n de Adsense Sistema de Google para que el due\u00f1o de una cuenta permita publicidad dentro de su contenido y sea remunerado por [&hellip;]<\/p>\n","protected":false},"author":6,"featured_media":2914,"parent":4684,"menu_order":0,"comment_status":"closed","ping_status":"closed","template":"","meta":{"_acf_changed":false,"footnotes":"","_links_to":"","_links_to_target":""},"class_list":["post-2895","page","type-page","status-publish","has-post-thumbnail"],"acf":[],"_links":{"self":[{"href":"https:\/\/agenciaseonetbulb.com\/noticias\/wp-json\/wp\/v2\/pages\/2895","targetHints":{"allow":["GET"]}}],"collection":[{"href":"https:\/\/agenciaseonetbulb.com\/noticias\/wp-json\/wp\/v2\/pages"}],"about":[{"href":"https:\/\/agenciaseonetbulb.com\/noticias\/wp-json\/wp\/v2\/types\/page"}],"author":[{"embeddable":true,"href":"https:\/\/agenciaseonetbulb.com\/noticias\/wp-json\/wp\/v2\/users\/6"}],"replies":[{"embeddable":true,"href":"https:\/\/agenciaseonetbulb.com\/noticias\/wp-json\/wp\/v2\/comments?post=2895"}],"version-history":[{"count":6,"href":"https:\/\/agenciaseonetbulb.com\/noticias\/wp-json\/wp\/v2\/pages\/2895\/revisions"}],"predecessor-version":[{"id":4714,"href":"https:\/\/agenciaseonetbulb.com\/noticias\/wp-json\/wp\/v2\/pages\/2895\/revisions\/4714"}],"up":[{"embeddable":true,"href":"https:\/\/agenciaseonetbulb.com\/noticias\/wp-json\/wp\/v2\/pages\/4684"}],"wp:featuredmedia":[{"embeddable":true,"href":"https:\/\/agenciaseonetbulb.com\/noticias\/wp-json\/wp\/v2\/media\/2914"}],"wp:attachment":[{"href":"https:\/\/agenciaseonetbulb.com\/noticias\/wp-json\/wp\/v2\/media?parent=2895"}],"curies":[{"name":"wp","href":"https:\/\/api.w.org\/{rel}","templated":true}]}}