{"id":13653,"date":"2026-02-26T09:00:36","date_gmt":"2026-02-26T08:00:36","guid":{"rendered":"https:\/\/agenciaseonetbulb.com\/noticias\/diccionario-seo\/anchor-text-profile\/"},"modified":"2026-02-26T09:01:08","modified_gmt":"2026-02-26T08:01:08","slug":"anchor-text-profile","status":"publish","type":"page","link":"https:\/\/agenciaseonetbulb.com\/noticias\/diccionario-seo\/anchor-text-profile\/","title":{"rendered":"Anchor Text Profile"},"content":{"rendered":"<p><img decoding=\"async\" src=\"https:\/\/agenciaseonetbulb.com\/images\/definicion-concepto-seo-sobre-.jpg\" alt=\"Anchor Text Profile\" style=\"width:100%; height:auto; margin-bottom:20px;\" title=\"\"><\/p>\n<h2>\u00bfQu\u00e9 Es un Anchor Text Profile y Por Qu\u00e9 Domina la Autoridad de tu Web?<\/h2>\n<p>El t\u00e9rmino <strong>Anchor Text Profile<\/strong> hace referencia a la proporci\u00f3n y variedad matem\u00e1tica de todas las palabras clave nombres de marca y frases gen\u00e9ricas que otros sitios web utilizan cuando enlazan hacia tus p\u00e1ginas. En t\u00e9rminos sencillos es el mapa de c\u00f3mo el resto de internet te est\u00e1 etiquetando. Es mucho m\u00e1s que una simple lista de enlaces es un indicador sofisticado para los motores de b\u00fasqueda que determina la naturalidad y la relevancia de tu perfil de retroenlaces.<\/p>\n<p>Cuando construyes enlaces hacia tu sitio web o recibes enlaces de forma natural cada uno de esos v\u00ednculos lleva consigo un texto ancla. La gesti\u00f3n o el an\u00e1lisis de la distribuci\u00f3n de estos textos ancla se convierte en un pilar fundamental del SEO Off-Page. Un perfil de texto ancla sano es aquel que se ve org\u00e1nico diversificado y libre de patrones de spam. Si la mayor\u00eda de tus enlaces usan la misma palabra clave exacta Google lo interpretar\u00e1 como una manipulaci\u00f3n artificial.<\/p>\n<p>La importancia del <strong>Anchor Text Profile<\/strong> radica en que impacta directamente en c\u00f3mo el algoritmo percibe el tema central de tu p\u00e1gina. Si cien sitios web enlazan a tu p\u00e1gina con el texto \u00abmejor software SEO\u00bb Google concluir\u00e1 que tu p\u00e1gina es sobre ese tema y la posicionar\u00e1 m\u00e1s alto para esa consulta. Sin embargo un perfil demasiado agresivo o forzado con palabras clave exactas puede activar el filtro de spam y generar una penalizaci\u00f3n algor\u00edtmica.<\/p>\n<h3>Tipos de Anchor Text y su Relevancia<\/h3>\n<p>No todos los textos ancla tienen el mismo valor ni cumplen la misma funci\u00f3n. De hecho la diversidad es clave para imitar un crecimiento natural del sitio web. Es fundamental equilibrar los distintos tipos de anchor text en tu estrategia de link building.<\/p>\n<p>Tenemos los t\u00e9rminos de palabra clave exacta que son los m\u00e1s potentes pero deben usarse con extrema precauci\u00f3n. Est\u00e1n los de marca que utilizan el nombre de la empresa y que son esenciales para construir autoridad y confianza. Tambi\u00e9n est\u00e1n los anclas gen\u00e9ricas como \u00abclic aqu\u00ed\u00bb o \u00abm\u00e1s informaci\u00f3n\u00bb que aunque no aportan valor de posicionamiento son vitales para la naturalidad.<\/p>\n<p>Finalmente encontramos los anclas de URL limpia que simplemente muestran la direcci\u00f3n web y los de frase que incluyen la palabra clave dentro de una oraci\u00f3n m\u00e1s larga. Analizar esta proporci\u00f3n es lo que conforma tu <strong>Anchor Text Profile<\/strong> y lo que te permite identificar si necesitas m\u00e1s enlaces de marca o si est\u00e1s en riesgo de sobreoptimizaci\u00f3n. Para saber m\u00e1s sobre los enlaces y su funcionamiento en los motores de b\u00fasqueda lee nuestra gu\u00eda sobre Backlinks (backlinks-guide).<\/p>\n<h3>C\u00f3mo Evaluar la Salud de tu Perfil de Texto Ancla<\/h3>\n<p>Una auditor\u00eda exhaustiva del <strong>Anchor Text Profile<\/strong> te revelar\u00e1 patrones y riesgos ocultos. Si detectas un porcentaje inusualmente alto de anchor text de palabra clave exacta tienes un problema de riesgo de penalizaci\u00f3n. Si por el contrario tienes casi todos los anclas gen\u00e9ricas quiz\u00e1s est\u00e1s perdiendo oportunidades de posicionar tus t\u00e9rminos clave m\u00e1s importantes.<\/p>\n<p>El objetivo no es que un tipo de ancla sea dominante sino que la distribuci\u00f3n parezca que ha sucedido sin intervenci\u00f3n manual de un consultor SEO. Esto se logra con un enfoque diversificado donde las menciones de marca y las frases gen\u00e9ricas sirven de base mientras que los t\u00e9rminos exactos se usan de forma espor\u00e1dica y relevante. Herramientas especializadas en an\u00e1lisis de retroenlaces te ayudar\u00e1n a obtener estos datos con precisi\u00f3n matem\u00e1tica. Aqu\u00ed te mostramos una distribuci\u00f3n recomendada para un perfil sano.<\/p>\n<table>\n<tr>\n<th>Tipo de Anchor Text<\/th>\n<th>Distribuci\u00f3n Ideal %<\/th>\n<th>Riesgo SEO<\/th>\n<\/tr>\n<tr>\n<td>Marca (Exacta o Parcial)<\/td>\n<td>30 &#8211; 40%<\/td>\n<td>Bajo<\/td>\n<\/tr>\n<tr>\n<td>URL limpia o Gen\u00e9rica<\/td>\n<td>40 &#8211; 50%<\/td>\n<td>Muy Bajo<\/td>\n<\/tr>\n<tr>\n<td>Palabra Clave Exacta<\/td>\n<td>2 &#8211; 5%<\/td>\n<td>Alto<\/td>\n<\/tr>\n<tr>\n<td>Frase o Sem\u00e1ntica<\/td>\n<td>10 &#8211; 20%<\/td>\n<td>Medio<\/td>\n<\/tr>\n<\/table>\n<p>Gestionar de manera estrat\u00e9gica el <strong>Anchor Text Profile<\/strong> es crucial para el SEO moderno. No se trata solo de la cantidad de enlaces sino de la calidad y la diversidad de c\u00f3mo te est\u00e1n enlazando. Mantener un perfil equilibrado asegura que Google te vea como una fuente de autoridad leg\u00edtima y te proteja de actualizaciones algor\u00edtmicas que castigan las manipulaciones agresivas de enlaces.<\/p>\n<div class=\"enlace-interno-seo\" style=\"margin-top: 30px; border-top: 1px solid #eee; padding-top: 20px;\">\n<p>\n        Si deseas profundizar en otros conceptos t\u00e9cnicos y perfeccionar cada aspecto de tu estrategia digital, te invitamos a explorar nuestro <a href=\"https:\/\/agenciaseonetbulb.com\/noticias\/diccionario-seo\/\">diccionario seo<\/a> con todas las definiciones esenciales para dominar las SERP.\n    <\/p>\n<\/div>\n","protected":false},"excerpt":{"rendered":"<p>\u00bfQu\u00e9 Es un Anchor Text Profile y Por Qu\u00e9 Domina la Autoridad de tu Web? El t\u00e9rmino Anchor Text Profile hace referencia a la proporci\u00f3n y variedad matem\u00e1tica de todas las palabras clave nombres de marca y frases gen\u00e9ricas que otros sitios web utilizan cuando enlazan hacia tus p\u00e1ginas. En t\u00e9rminos sencillos es el mapa [&hellip;]<\/p>\n","protected":false},"author":7,"featured_media":0,"parent":4684,"menu_order":0,"comment_status":"open","ping_status":"open","template":"","meta":{"_acf_changed":false,"footnotes":"","_links_to":"","_links_to_target":""},"class_list":["post-13653","page","type-page","status-publish"],"acf":[],"_links":{"self":[{"href":"https:\/\/agenciaseonetbulb.com\/noticias\/wp-json\/wp\/v2\/pages\/13653","targetHints":{"allow":["GET"]}}],"collection":[{"href":"https:\/\/agenciaseonetbulb.com\/noticias\/wp-json\/wp\/v2\/pages"}],"about":[{"href":"https:\/\/agenciaseonetbulb.com\/noticias\/wp-json\/wp\/v2\/types\/page"}],"author":[{"embeddable":true,"href":"https:\/\/agenciaseonetbulb.com\/noticias\/wp-json\/wp\/v2\/users\/7"}],"replies":[{"embeddable":true,"href":"https:\/\/agenciaseonetbulb.com\/noticias\/wp-json\/wp\/v2\/comments?post=13653"}],"version-history":[{"count":1,"href":"https:\/\/agenciaseonetbulb.com\/noticias\/wp-json\/wp\/v2\/pages\/13653\/revisions"}],"predecessor-version":[{"id":14083,"href":"https:\/\/agenciaseonetbulb.com\/noticias\/wp-json\/wp\/v2\/pages\/13653\/revisions\/14083"}],"up":[{"embeddable":true,"href":"https:\/\/agenciaseonetbulb.com\/noticias\/wp-json\/wp\/v2\/pages\/4684"}],"wp:attachment":[{"href":"https:\/\/agenciaseonetbulb.com\/noticias\/wp-json\/wp\/v2\/media?parent=13653"}],"curies":[{"name":"wp","href":"https:\/\/api.w.org\/{rel}","templated":true}]}}