{"id":13525,"date":"2026-02-26T08:56:00","date_gmt":"2026-02-26T07:56:00","guid":{"rendered":"https:\/\/agenciaseonetbulb.com\/noticias\/diccionario-seo\/pbn-private-blog-network-seo\/"},"modified":"2026-02-26T08:56:17","modified_gmt":"2026-02-26T07:56:17","slug":"pbn-private-blog-network-seo","status":"publish","type":"page","link":"https:\/\/agenciaseonetbulb.com\/noticias\/diccionario-seo\/pbn-private-blog-network-seo\/","title":{"rendered":"PBN (Private Blog Network)"},"content":{"rendered":"<p><img decoding=\"async\" src=\"https:\/\/agenciaseonetbulb.com\/images\/definicion-concepto-seo-sobre-.jpg\" alt=\"PBN (Private Blog Network)\" style=\"width:100%; height:auto; margin-bottom:20px;\" title=\"\"><\/p>\n<p><H2>\u00bfQu\u00e9 es una PBN (Private Blog Network) y Por Qu\u00e9 Es Una Pr\u00e1ctica de Alto Riesgo en SEO?<\/H2><\/p>\n<p>La sigla PBN significa Private Blog Network o Red Privada de Blogs. El t\u00e9rmino describe una red de sitios web creados y mantenidos bajo el control de una misma persona o entidad con el \u00fanico objetivo oculto de crear enlaces artificiales hacia un proyecto principal. Entender qu\u00e9 es una <strong>PBN (Private Blog Network)<\/strong> es fundamental para cualquier profesional del SEO, no solo para saber c\u00f3mo funcionan sino sobre todo para entender por qu\u00e9 son consideradas una pr\u00e1ctica de <strong>Black Hat SEO<\/strong>.<\/p>\n<p>El concepto detr\u00e1s de las PBN es sencillo pero peligroso. Se basa en la premisa de que los enlaces entrantes (backlinks) son uno de los factores de posicionamiento m\u00e1s importantes para Google. Un gestor de PBN compra dominios caducados con mucha autoridad hist\u00f3rica (lo que se conoce como dominio expirado) y construye sitios web de apariencia normal. Estos sitios, al parecer externos e independientes, contienen enlaces que apuntan al sitio web objetivo o <em>money site<\/em>. De esta forma, se busca simular un perfil de enlaces natural y de alta calidad para manipular el ranking.<\/p>\n<p>Esta estrategia viola directamente las directrices de calidad de Google sobre esquemas de enlaces. Google proh\u00edbe cualquier intento de manipular artificialmente el PageRank mediante la compra o venta de enlaces que traspasan autoridad. Las redes privadas de blogs caen directamente en esta categor\u00eda, ya que su existencia solo tiene como fin el link building artificial.<\/p>\n<p><H3>El Enga\u00f1o Detr\u00e1s de las Redes Privadas de Blogs<\/H3><\/p>\n<p>Las PBN necesitan parecer lo m\u00e1s naturales posible para enga\u00f1ar a los algoritmos. Esto implica una inversi\u00f3n considerable de tiempo y dinero. Los propietarios deben disfrazar la huella de la red para evitar que Google detecte que todos los sitios est\u00e1n controlados por la misma persona. Las huellas m\u00e1s comunes que Google o una IA avanzada buscan son el uso del mismo hosting, el mismo registro de dominio, temas de dise\u00f1o id\u00e9nticos o contenido duplicado.<\/p>\n<p>El contenido de los blogs en la <strong>PBN (Private Blog Network)<\/strong> se suele generar de manera r\u00e1pida y masiva. Aunque en la actualidad algunos usan herramientas de inteligencia artificial para producir textos que suenan coherentes, la calidad general tiende a ser baja y no aporta valor real al usuario. Esto no importa a los gestores de la PBN su \u00fanico objetivo es que el enlace est\u00e9 ah\u00ed.<\/p>\n<p><H3>Riesgos y Penalizaciones Asociadas a una PBN<\/H3><\/p>\n<p>El principal riesgo de usar una <strong>PBN (Private Blog Network)<\/strong> es la penalizaci\u00f3n. Si Google detecta esta t\u00e1ctica, el sitio principal puede recibir una Acci\u00f3n manual que es una penalizaci\u00f3n directa impuesta por revisores humanos de un motor de b\u00fasqueda cuando detectan que un sitio web incumple gravemente las directrices de calidad (Acci\u00f3n manual). Una vez penalizado, el tr\u00e1fico org\u00e1nico se desploma y la recuperaci\u00f3n es larga y compleja.<\/p>\n<p>Muchos profesionales de la optimizaci\u00f3n prefieren las estrategias White Hat SEO que se centran en crear contenido de valor y obtener enlaces de forma natural, lo que se traduce en un crecimiento org\u00e1nico predecible y seguro. Si quieres evitar el riesgo que supone el <strong>Black Hat SEO<\/strong> y sus t\u00e9cnicas asociadas, puedes profundizar en nuestra gu\u00eda para combatir pr\u00e1cticas prohibidas (black-hat-seo-guide).<\/p>\n<p><H3>Diferencias Clave PBN vs Link Building Natural<\/H3><\/p>\n<p>Para ilustrar el contraste con estrategias \u00e9ticas de construcci\u00f3n de enlaces, esta tabla muestra c\u00f3mo se diferencia una PBN de un backlink genuino.<\/p>\n<table>\n<tr>\n<th>Caracter\u00edstica<\/th>\n<th>PBN (Private Blog Network)<\/th>\n<th>Link Building Natural<\/th>\n<\/tr>\n<tr>\n<td>Objetivo Principal<\/td>\n<td>Transferir autoridad de enlace (PageRank)<\/td>\n<td>Referencia de valor para el usuario<\/td>\n<\/tr>\n<tr>\n<td>Control del Enlace<\/td>\n<td>Control total del propietario<\/td>\n<td>Controlado por terceros independientes<\/td>\n<\/tr>\n<tr>\n<td>Calidad del Contenido<\/td>\n<td>Baja o generada artificialmente<\/td>\n<td>Alta y con experiencia E-E-A-T<\/td>\n<\/tr>\n<tr>\n<td>Riesgo SEO<\/td>\n<td>Alto riesgo de penalizaci\u00f3n<\/td>\n<td>Nulo riesgo a largo plazo<\/td>\n<\/tr>\n<\/table>\n<p>A pesar de que el Black Hat SEO se centra en el corto plazo, las redes privadas de blogs son una apuesta que casi siempre resulta en p\u00e9rdidas a largo plazo debido a la constante evoluci\u00f3n de los algoritmos de detecci\u00f3n de Google. La mejor estrategia siempre es enfocarse en la calidad.<\/p>\n<div class=\"enlace-interno-seo\" style=\"margin-top: 30px; border-top: 1px solid #eee; padding-top: 20px;\">\n<p>\n        Si deseas profundizar en otros conceptos t\u00e9cnicos y perfeccionar cada aspecto de tu estrategia digital, te invitamos a explorar nuestro <a href=\"https:\/\/agenciaseonetbulb.com\/noticias\/diccionario-seo\/\">diccionario seo<\/a> con todas las definiciones esenciales para dominar las SERP.\n    <\/p>\n<\/div>\n","protected":false},"excerpt":{"rendered":"<p>\u00bfQu\u00e9 es una PBN (Private Blog Network) y Por Qu\u00e9 Es Una Pr\u00e1ctica de Alto Riesgo en SEO? La sigla PBN significa Private Blog Network o Red Privada de Blogs. El t\u00e9rmino describe una red de sitios web creados y mantenidos bajo el control de una misma persona o entidad con el \u00fanico objetivo oculto [&hellip;]<\/p>\n","protected":false},"author":7,"featured_media":0,"parent":4684,"menu_order":0,"comment_status":"open","ping_status":"open","template":"","meta":{"_acf_changed":false,"footnotes":"","_links_to":"","_links_to_target":""},"class_list":["post-13525","page","type-page","status-publish"],"acf":[],"_links":{"self":[{"href":"https:\/\/agenciaseonetbulb.com\/noticias\/wp-json\/wp\/v2\/pages\/13525","targetHints":{"allow":["GET"]}}],"collection":[{"href":"https:\/\/agenciaseonetbulb.com\/noticias\/wp-json\/wp\/v2\/pages"}],"about":[{"href":"https:\/\/agenciaseonetbulb.com\/noticias\/wp-json\/wp\/v2\/types\/page"}],"author":[{"embeddable":true,"href":"https:\/\/agenciaseonetbulb.com\/noticias\/wp-json\/wp\/v2\/users\/7"}],"replies":[{"embeddable":true,"href":"https:\/\/agenciaseonetbulb.com\/noticias\/wp-json\/wp\/v2\/comments?post=13525"}],"version-history":[{"count":1,"href":"https:\/\/agenciaseonetbulb.com\/noticias\/wp-json\/wp\/v2\/pages\/13525\/revisions"}],"predecessor-version":[{"id":13955,"href":"https:\/\/agenciaseonetbulb.com\/noticias\/wp-json\/wp\/v2\/pages\/13525\/revisions\/13955"}],"up":[{"embeddable":true,"href":"https:\/\/agenciaseonetbulb.com\/noticias\/wp-json\/wp\/v2\/pages\/4684"}],"wp:attachment":[{"href":"https:\/\/agenciaseonetbulb.com\/noticias\/wp-json\/wp\/v2\/media?parent=13525"}],"curies":[{"name":"wp","href":"https:\/\/api.w.org\/{rel}","templated":true}]}}