{"id":13485,"date":"2026-02-26T08:54:32","date_gmt":"2026-02-26T07:54:32","guid":{"rendered":"https:\/\/agenciaseonetbulb.com\/noticias\/diccionario-seo\/knowledge-base-optimization\/"},"modified":"2026-02-26T08:54:47","modified_gmt":"2026-02-26T07:54:47","slug":"knowledge-base-optimization","status":"publish","type":"page","link":"https:\/\/agenciaseonetbulb.com\/noticias\/diccionario-seo\/knowledge-base-optimization\/","title":{"rendered":"Knowledge Base Optimization"},"content":{"rendered":"<p><img decoding=\"async\" src=\"https:\/\/agenciaseonetbulb.com\/images\/definicion-concepto-seo-sobre-.jpg\" alt=\"Knowledge Base Optimization\" style=\"width:100%; height:auto; margin-bottom:20px;\" title=\"\"><\/p>\n<h2>\u00bfQu\u00e9 Es la Optimizaci\u00f3n de Bases de Conocimiento o Knowledge Base Optimization?<\/h2>\n<p>La <strong>Knowledge Base Optimization<\/strong> es un concepto clave en la era de la inteligencia artificial. De forma sencilla es el proceso de estructurar toda la informaci\u00f3n corporativa de una empresa para que sea legible y utilizable por los modelos de lenguaje de gran tama\u00f1o. Este trabajo asegura que cuando una IA necesite datos sobre tu marca, producto o servicio, encuentre la versi\u00f3n m\u00e1s precisa y autorizada.<\/p>\n<p>Su definici\u00f3n t\u00e9cnica se centra en la organizaci\u00f3n y etiquetado de datos internos para que los <strong>grandes modelos de lenguaje<\/strong> (LLMs) puedan asimilarlos. Esto va mucho m\u00e1s all\u00e1 de tener un FAQ o un simple centro de ayuda. Implica implementar un sistema donde el conocimiento de la empresa est\u00e1 formalizado, desambiguado y listo para ser absorbido por agentes de IA aut\u00f3nomos. En el fondo, es preparar tu conocimiento para la era de la b\u00fasqueda conversacional.<\/p>\n<p>Si no realizas este trabajo de optimizaci\u00f3n, corres el riesgo de que los sistemas generativos ofrezcan respuestas inexactas o desactualizadas sobre tu negocio. Cuando un usuario pregunta a un chatbot o a un resumen de IA sobre tu producto, quieres que la respuesta se base en la verdad de tu marca. La optimizaci\u00f3n de la base de conocimiento es esa garant\u00eda.<\/p>\n<h3>\u00bfPor qu\u00e9 la Knowledge Base Optimization es vital para el SEO?<\/h3>\n<p>La relaci\u00f3n entre la optimizaci\u00f3n de tu conocimiento interno y el SEO es m\u00e1s directa que nunca. A medida que los motores de b\u00fasqueda se transforman en motores de respuesta, priorizando las b\u00fasquedas Zero-Click (B\u00fasquedas Zero-Click), la capacidad de influir en las respuestas generadas por IA se convierte en el nuevo campo de batalla del posicionamiento. Al optimizar tu base de conocimiento, est\u00e1s preparando a los <strong>grandes modelos de lenguaje<\/strong> para que te citen y te recomienden como fuente de autoridad.<\/p>\n<p>Imagina que tu base de datos act\u00faa como el cerebro digital de tu empresa. La <strong>Knowledge Base Optimization<\/strong> es la cirug\u00eda que asegura que ese cerebro funcione de manera \u00f3ptima para la IA. Se facilita as\u00ed que el algoritmo de b\u00fasqueda, o el modelo base, identifique tus datos como la entidad principal de un tema. Esto refuerza tu Entity-Based SEO (Entity-Based SEO) y tu autoridad de dominio de manera indirecta, pero muy poderosa.<\/p>\n<p>Un buen trabajo de optimizaci\u00f3n incluye varias etapas. Primero, la auditor\u00eda del conocimiento existente. Segundo, la desduplicaci\u00f3n y limpieza de la informaci\u00f3n. Tercero, la estandarizaci\u00f3n y el uso de formatos estructurados como JSON-LD, aunque para la base de conocimiento interna se prefieren formatos como Markdown o bases de datos vectoriales. Finalmente, se establece un flujo constante para actualizar y verificar la informaci\u00f3n, combatiendo la AI Hallucination (AI Hallucination (Alucinaci\u00f3n de IA)).<\/p>\n<h3>Knowledge Base Optimization vs SEO tradicional<\/h3>\n<p>Aunque el SEO tradicional y la <strong>Knowledge Base Optimization<\/strong> persiguen la visibilidad, se enfocan en diferentes audiencias. El SEO se centra en el rastreo (Crawling (Rastreo)) y la indexaci\u00f3n de p\u00e1ginas web visibles para el usuario. La optimizaci\u00f3n de la base de conocimiento se enfoca en el consumo de datos estructurados por parte de la IA. Ambos son cruciales para un ecosistema digital completo.<\/p>\n<p>A continuaci\u00f3n, se presenta una comparaci\u00f3n de objetivos para aclarar esta distinci\u00f3n.<\/p>\n<table>\n<tr>\n<th>Estrategia<\/th>\n<th>P\u00fablico Objetivo<\/th>\n<th>M\u00e9trica Principal<\/th>\n<th>Resultado Deseado<\/th>\n<\/tr>\n<tr>\n<td>SEO Tradicional<\/td>\n<td>Usuarios humanos y bots web<\/td>\n<td>Ranking y CTR (CTR (Click-Through Rate))<\/td>\n<td>M\u00e1s tr\u00e1fico org\u00e1nico a la URL<\/td>\n<\/tr>\n<tr>\n<td>Knowledge Base Optimization<\/td>\n<td>Grandes modelos de lenguaje y agentes de IA<\/td>\n<td>Precisi\u00f3n y tasa de uso por la IA<\/td>\n<td>Ser la fuente citada en respuestas generativas<\/td>\n<\/tr>\n<\/table>\n<p>Integrar la optimizaci\u00f3n con t\u00e9cnicas de Chatbot SEO (Chatbot SEO) crea un c\u00edrculo virtuoso. No solo mejoras la comunicaci\u00f3n con tus clientes a trav\u00e9s de agentes conversacionales propios, sino que tambi\u00e9n garantizas que la informaci\u00f3n que consumen los <strong>grandes modelos de lenguaje<\/strong> externos sobre tu marca es fidedigna. Esta es la nueva frontera para la autoridad y la confianza online.<\/p>\n<p>En un entorno donde la IA est\u00e1 mediando cada vez m\u00e1s la interacci\u00f3n con los usuarios, asegurar la calidad de la fuente es asegurar la supervivencia digital de tu marca.<\/p>\n<div class=\"enlace-interno-seo\" style=\"margin-top: 30px; border-top: 1px solid #eee; padding-top: 20px;\">\n<p>\n        Si deseas profundizar en otros conceptos t\u00e9cnicos y perfeccionar cada aspecto de tu estrategia digital, te invitamos a explorar nuestro <a href=\"https:\/\/agenciaseonetbulb.com\/noticias\/diccionario-seo\/\">diccionario seo<\/a> con todas las definiciones esenciales para dominar las SERP.\n    <\/p>\n<\/div>\n","protected":false},"excerpt":{"rendered":"<p>\u00bfQu\u00e9 Es la Optimizaci\u00f3n de Bases de Conocimiento o Knowledge Base Optimization? La Knowledge Base Optimization es un concepto clave en la era de la inteligencia artificial. De forma sencilla es el proceso de estructurar toda la informaci\u00f3n corporativa de una empresa para que sea legible y utilizable por los modelos de lenguaje de gran [&hellip;]<\/p>\n","protected":false},"author":7,"featured_media":0,"parent":4684,"menu_order":0,"comment_status":"open","ping_status":"open","template":"","meta":{"_acf_changed":false,"footnotes":"","_links_to":"","_links_to_target":""},"class_list":["post-13485","page","type-page","status-publish"],"acf":[],"_links":{"self":[{"href":"https:\/\/agenciaseonetbulb.com\/noticias\/wp-json\/wp\/v2\/pages\/13485","targetHints":{"allow":["GET"]}}],"collection":[{"href":"https:\/\/agenciaseonetbulb.com\/noticias\/wp-json\/wp\/v2\/pages"}],"about":[{"href":"https:\/\/agenciaseonetbulb.com\/noticias\/wp-json\/wp\/v2\/types\/page"}],"author":[{"embeddable":true,"href":"https:\/\/agenciaseonetbulb.com\/noticias\/wp-json\/wp\/v2\/users\/7"}],"replies":[{"embeddable":true,"href":"https:\/\/agenciaseonetbulb.com\/noticias\/wp-json\/wp\/v2\/comments?post=13485"}],"version-history":[{"count":1,"href":"https:\/\/agenciaseonetbulb.com\/noticias\/wp-json\/wp\/v2\/pages\/13485\/revisions"}],"predecessor-version":[{"id":13915,"href":"https:\/\/agenciaseonetbulb.com\/noticias\/wp-json\/wp\/v2\/pages\/13485\/revisions\/13915"}],"up":[{"embeddable":true,"href":"https:\/\/agenciaseonetbulb.com\/noticias\/wp-json\/wp\/v2\/pages\/4684"}],"wp:attachment":[{"href":"https:\/\/agenciaseonetbulb.com\/noticias\/wp-json\/wp\/v2\/media?parent=13485"}],"curies":[{"name":"wp","href":"https:\/\/api.w.org\/{rel}","templated":true}]}}