{"id":13413,"date":"2026-02-26T08:51:35","date_gmt":"2026-02-26T07:51:35","guid":{"rendered":"https:\/\/agenciaseonetbulb.com\/noticias\/diccionario-seo\/core-web-vitals\/"},"modified":"2026-02-26T08:52:09","modified_gmt":"2026-02-26T07:52:09","slug":"core-web-vitals","status":"publish","type":"page","link":"https:\/\/agenciaseonetbulb.com\/noticias\/diccionario-seo\/core-web-vitals\/","title":{"rendered":"Core Web Vitals"},"content":{"rendered":"<p><img decoding=\"async\" src=\"https:\/\/agenciaseonetbulb.com\/images\/definicion-concepto-seo-sobre-.jpg\" alt=\"Core Web Vitals\" style=\"width:100%; height:auto; margin-bottom:20px;\" title=\"\"><\/p>\n<p><H2>\u00bfQu\u00e9 Son las Core Web Vitals y Por Qu\u00e9 Definen la Experiencia de Usuario?<\/H2><\/p>\n<p>Las <strong>Core Web Vitals<\/strong> son un conjunto de tres m\u00e9tricas de rendimiento estandarizadas por Google. Su objetivo primordial es medir la experiencia real que tiene un usuario al interactuar con una p\u00e1gina web. Pi\u00e9nsalo as\u00ed Google ya no solo mira qu\u00e9 contenido tienes o cu\u00e1ntos enlaces recibes. Ahora pone el foco en si tu sitio es r\u00e1pido, visualmente estable y responde al tacto en el momento justo.<\/p>\n<p>La definici\u00f3n oficial indica que las <strong>Core Web Vitals<\/strong> son un conjunto de tres m\u00e9tricas clave centradas en la velocidad de carga, la interactividad y la estabilidad visual. Estas m\u00e9tricas se han convertido en un factor de posicionamiento esencial desde su implementaci\u00f3n en 2021. Ignorarlas es un error estrat\u00e9gico que puede costar mucho tr\u00e1fico org\u00e1nico y afectar directamente a la retenci\u00f3n de usuarios. En esencia, estas m\u00e9tricas web principales buscan asegurar que la web sea un lugar r\u00e1pido y agradable para todos. Se basan en datos de campo reales, es decir, en la experiencia que tienen los visitantes de tu sitio.<\/p>\n<p>Para entender su importancia, debemos saber que Google utiliza el informe Core Web Vitals (Informe \u00abCore Web Vitals\u00bb) en Search Console. Este informe clasifica tus p\u00e1ginas en tres estados Buena, Necesita una mejora y Deficiente. Si tus p\u00e1ginas caen en las categor\u00edas inferiores, es una se\u00f1al de que la experiencia del usuario no es \u00f3ptima, y esto impactar\u00e1 negativamente tu posicionamiento en los resultados de b\u00fasqueda.<\/p>\n<p><H3>Las Tres Core Web Vitals Esenciales<\/H3><\/p>\n<p>Este conjunto se compone de tres pilares que cubren diferentes aspectos cr\u00edticos de la interacci\u00f3n. Es vital que los webmasters y profesionales SEO optimicen cada uno de ellos para lograr un buen rendimiento general.<\/p>\n<p><strong>1. Largest Contentful Paint (LCP)<\/strong> El LCP mide la velocidad de carga. Concretamente, se fija en el tiempo que tarda en renderizarse el elemento de contenido m\u00e1s grande visible dentro de la pantalla del usuario, lo que se conoce como el \u201cabove the fold\u201d o primer pantallazo. Un LCP r\u00e1pido da al usuario la sensaci\u00f3n inmediata de que la p\u00e1gina est\u00e1 cargando. Para que Google considere la experiencia buena, este tiempo debe ser inferior a 2,5 segundos.<\/p>\n<p><strong>2. Interaction to Next Paint (INP)<\/strong> Esta es la m\u00e9trica que mide la capacidad de respuesta de una p\u00e1gina. Reemplaz\u00f3 al antiguo First Input Delay (FID). El INP eval\u00faa el tiempo que transcurre desde que un usuario realiza una interacci\u00f3n como un clic o una pulsaci\u00f3n hasta que el navegador pinta el siguiente fotograma visual. Si la respuesta es r\u00e1pida, la experiencia es fluida. La meta es mantener el INP por debajo de 200 milisegundos para considerarlo un resultado bueno.<\/p>\n<p><strong>3. Cumulative Layout Shift (CLS)<\/strong> El CLS se centra en la estabilidad visual. Mide la cantidad de cambios inesperados de dise\u00f1o que ocurren mientras una p\u00e1gina est\u00e1 cargando. Un CLS alto significa que los elementos en la pantalla se mueven sin que el usuario lo espere, provocando clics err\u00f3neos y frustraci\u00f3n. Esos molestos saltos deben ser m\u00ednimos. La puntuaci\u00f3n ideal de CLS es inferior a 0,1.<\/p>\n<p><H3>Optimizaci\u00f3n Core Web Vitals en la Estrategia SEO<\/H3><\/p>\n<p>Mejorar estas m\u00e9tricas no es solo una tarea t\u00e9cnica. Es una parte integral del SEO moderno. La optimizaci\u00f3n pasa por eliminar recursos que bloquean la renderizaci\u00f3n, como JavaScript y CSS, y por implementar t\u00e9cnicas de carga diferida (Carga diferida) para im\u00e1genes y v\u00eddeos. Para proyectos de gran escala, como un comercio electr\u00f3nico, estas mejoras se traducen en mejores tasas de conversi\u00f3n y un menor rebote. La experiencia en la p\u00e1gina es un factor de ranking cada vez m\u00e1s importante. Si quieres profundizar en c\u00f3mo el rendimiento impacta en tus resultados, puedes consultar nuestro art\u00edculo sobre SEO T\u00e9cnico (seo-tecnico-overview).<\/p>\n<table>\n<tr>\n<th>M\u00e9trica<\/th>\n<th>Mide<\/th>\n<th>Umbral \u00abBueno\u00bb (75% de usuarios)<\/th>\n<\/tr>\n<tr>\n<td><strong>LCP<\/strong><\/td>\n<td>Velocidad de Carga (Contenido Principal)<\/td>\n<td>Menor o igual a 2,5 segundos<\/td>\n<\/tr>\n<tr>\n<td><strong>INP<\/strong><\/td>\n<td>Capacidad de Respuesta (Interactividad)<\/td>\n<td>Menor o igual a 200 milisegundos<\/td>\n<\/tr>\n<tr>\n<td><strong>CLS<\/strong><\/td>\n<td>Estabilidad Visual (Movimiento Inesperado)<\/td>\n<td>Menor o igual a 0,1<\/td>\n<\/tr>\n<\/table>\n<p>En conclusi\u00f3n, las <strong&gt;Core Web Vitals&lt;\/strong&gt; no son una moda pasajera. Son el est\u00e1ndar de calidad que Google ha establecido para evaluar qu\u00e9 sitios ofrecen la mejor experiencia de usuario. Trabajar en ellas asegura que tu base t\u00e9cnica es s\u00f3lida y que est\u00e1s construyendo una ventaja competitiva a largo plazo en los resultados org\u00e1nicos.<\/p>\n<div class=\"enlace-interno-seo\" style=\"margin-top: 30px; border-top: 1px solid #eee; padding-top: 20px;\">\n<p>\n        Si deseas profundizar en otros conceptos t\u00e9cnicos y perfeccionar cada aspecto de tu estrategia digital, te invitamos a explorar nuestro <a href=\"https:\/\/agenciaseonetbulb.com\/noticias\/diccionario-seo\/\">diccionario seo<\/a> con todas las definiciones esenciales para dominar las SERP.\n    <\/p>\n<\/div>\n","protected":false},"excerpt":{"rendered":"<p>\u00bfQu\u00e9 Son las Core Web Vitals y Por Qu\u00e9 Definen la Experiencia de Usuario? Las Core Web Vitals son un conjunto de tres m\u00e9tricas de rendimiento estandarizadas por Google. Su objetivo primordial es medir la experiencia real que tiene un usuario al interactuar con una p\u00e1gina web. Pi\u00e9nsalo as\u00ed Google ya no solo mira qu\u00e9 [&hellip;]<\/p>\n","protected":false},"author":7,"featured_media":0,"parent":4684,"menu_order":0,"comment_status":"open","ping_status":"open","template":"","meta":{"_acf_changed":false,"footnotes":"","_links_to":"","_links_to_target":""},"class_list":["post-13413","page","type-page","status-publish"],"acf":[],"_links":{"self":[{"href":"https:\/\/agenciaseonetbulb.com\/noticias\/wp-json\/wp\/v2\/pages\/13413","targetHints":{"allow":["GET"]}}],"collection":[{"href":"https:\/\/agenciaseonetbulb.com\/noticias\/wp-json\/wp\/v2\/pages"}],"about":[{"href":"https:\/\/agenciaseonetbulb.com\/noticias\/wp-json\/wp\/v2\/types\/page"}],"author":[{"embeddable":true,"href":"https:\/\/agenciaseonetbulb.com\/noticias\/wp-json\/wp\/v2\/users\/7"}],"replies":[{"embeddable":true,"href":"https:\/\/agenciaseonetbulb.com\/noticias\/wp-json\/wp\/v2\/comments?post=13413"}],"version-history":[{"count":1,"href":"https:\/\/agenciaseonetbulb.com\/noticias\/wp-json\/wp\/v2\/pages\/13413\/revisions"}],"predecessor-version":[{"id":13843,"href":"https:\/\/agenciaseonetbulb.com\/noticias\/wp-json\/wp\/v2\/pages\/13413\/revisions\/13843"}],"up":[{"embeddable":true,"href":"https:\/\/agenciaseonetbulb.com\/noticias\/wp-json\/wp\/v2\/pages\/4684"}],"wp:attachment":[{"href":"https:\/\/agenciaseonetbulb.com\/noticias\/wp-json\/wp\/v2\/media?parent=13413"}],"curies":[{"name":"wp","href":"https:\/\/api.w.org\/{rel}","templated":true}]}}